{"id":810,"date":"2020-06-04T16:08:58","date_gmt":"2020-06-04T16:08:58","guid":{"rendered":"http:\/\/help.unhcr.org\/ecuador\/?page_id=810"},"modified":"2025-12-14T21:26:21","modified_gmt":"2025-12-14T21:26:21","slug":"proteccion-de-ninos-ninas-y-adolescentes","status":"publish","type":"page","link":"https:\/\/help.unhcr.org\/ecuador\/bienvenido-a\/proteccion-de-ninos-ninas-y-adolescentes\/","title":{"rendered":"\u00bfQu\u00e9 puedo hacer si tengo menos de 18 a\u00f1os, y estoy solo en Ecuador?"},"content":{"rendered":"\n<p>Si tienes menos de 18 a\u00f1os, eres un ni\u00f1o, ni\u00f1a o adolescente, tendr\u00e1s una protecci\u00f3n especial en Ecuador. Si viajas <strong>solo\/a, con amigos o familiares lejanos<\/strong> puedes llamar a <a href=\"https:\/\/help.unhcr.org\/ecuador\/bienvenido-a\/donde-encontrar-ayuda\/oficinas-acnur\/\" data-type=\"page\" data-id=\"69\">ACNUR<\/a> y pedir apoyo.<\/p>\n\n\n\n<p><\/p>\n","protected":false},"excerpt":{"rendered":"<p>Si tienes menos de 18 a\u00f1os, eres un ni\u00f1o, ni\u00f1a o adolescente, tendr\u00e1s una protecci\u00f3n especial en Ecuador. Si viajas solo\/a, con amigos o familiares lejanos puedes llamar a ACNUR y pedir apoyo.<\/p>\n","protected":false},"author":35,"featured_media":0,"parent":65,"menu_order":9,"comment_status":"closed","ping_status":"closed","template":"page-templates\/listing_page.php","meta":{"_acf_changed":false,"footnotes":""},"class_list":["post-810","page","type-page","status-publish","hentry"],"acf":[],"_links":{"self":[{"href":"https:\/\/help.unhcr.org\/ecuador\/wp-json\/wp\/v2\/pages\/810","targetHints":{"allow":["GET"]}}],"collection":[{"href":"https:\/\/help.unhcr.org\/ecuador\/wp-json\/wp\/v2\/pages"}],"about":[{"href":"https:\/\/help.unhcr.org\/ecuador\/wp-json\/wp\/v2\/types\/page"}],"author":[{"embeddable":true,"href":"https:\/\/help.unhcr.org\/ecuador\/wp-json\/wp\/v2\/users\/35"}],"replies":[{"embeddable":true,"href":"https:\/\/help.unhcr.org\/ecuador\/wp-json\/wp\/v2\/comments?post=810"}],"version-history":[{"count":37,"href":"https:\/\/help.unhcr.org\/ecuador\/wp-json\/wp\/v2\/pages\/810\/revisions"}],"predecessor-version":[{"id":5911,"href":"https:\/\/help.unhcr.org\/ecuador\/wp-json\/wp\/v2\/pages\/810\/revisions\/5911"}],"up":[{"embeddable":true,"href":"https:\/\/help.unhcr.org\/ecuador\/wp-json\/wp\/v2\/pages\/65"}],"wp:attachment":[{"href":"https:\/\/help.unhcr.org\/ecuador\/wp-json\/wp\/v2\/media?parent=810"}],"curies":[{"name":"wp","href":"https:\/\/api.w.org\/{rel}","templated":true}]}}