{"id":802,"date":"2020-06-04T16:08:18","date_gmt":"2020-06-04T16:08:18","guid":{"rendered":"http:\/\/help.unhcr.org\/ecuador\/?page_id=802"},"modified":"2026-04-09T19:47:48","modified_gmt":"2026-04-09T19:47:48","slug":"acceso-a-la-condicion-de-personas-refugiada-asilo-y-tramites-migratorios","status":"publish","type":"page","link":"https:\/\/help.unhcr.org\/ecuador\/bienvenido-a\/acceso-a-la-condicion-de-personas-refugiada-asilo-y-tramites-migratorios\/","title":{"rendered":"Refugio (solicitud de asilo)"},"content":{"rendered":"<p>En los recuadros de abajo \u2b07\ufe0f encontrar\u00e1s informaci\u00f3n relacionada al refugio en Ecuador.<\/p>\n<p><span style=\"font-size: inherit\">Si necesitas <\/span><strong style=\"font-size: inherit\">apoyo para temas relacionados a la solicitud de la condici\u00f3n de persona refugiada <\/strong><span style=\"font-size: inherit\">contacta a <\/span><a style=\"font-size: inherit\" href=\"https:\/\/help.unhcr.org\/ecuador\/bienvenido-a\/donde-encontrar-ayuda\/oficinas-acnur\/\">ACNUR<\/a><span style=\"font-size: inherit\">o la <\/span><a style=\"font-size: inherit\" href=\"https:\/\/www.defensoria.gob.ec\/?page_id=22769\">Defensor\u00eda P\u00fablica<\/a><span style=\"font-size: inherit\">.<\/span><\/p>\n\n\n<p><\/p>\n","protected":false},"excerpt":{"rendered":"<p>En los recuadros de abajo \u2b07\ufe0f encontrar\u00e1s informaci\u00f3n relacionada al refugio en Ecuador. Si necesitas apoyo para temas relacionados a la solicitud de la condici\u00f3n de persona refugiada contacta a ACNURo la Defensor\u00eda P\u00fablica.<\/p>\n","protected":false},"author":35,"featured_media":0,"parent":65,"menu_order":4,"comment_status":"closed","ping_status":"closed","template":"page-templates\/listing_page.php","meta":{"_acf_changed":false,"footnotes":""},"class_list":["post-802","page","type-page","status-publish","hentry"],"acf":[],"_links":{"self":[{"href":"https:\/\/help.unhcr.org\/ecuador\/wp-json\/wp\/v2\/pages\/802","targetHints":{"allow":["GET"]}}],"collection":[{"href":"https:\/\/help.unhcr.org\/ecuador\/wp-json\/wp\/v2\/pages"}],"about":[{"href":"https:\/\/help.unhcr.org\/ecuador\/wp-json\/wp\/v2\/types\/page"}],"author":[{"embeddable":true,"href":"https:\/\/help.unhcr.org\/ecuador\/wp-json\/wp\/v2\/users\/35"}],"replies":[{"embeddable":true,"href":"https:\/\/help.unhcr.org\/ecuador\/wp-json\/wp\/v2\/comments?post=802"}],"version-history":[{"count":57,"href":"https:\/\/help.unhcr.org\/ecuador\/wp-json\/wp\/v2\/pages\/802\/revisions"}],"predecessor-version":[{"id":6094,"href":"https:\/\/help.unhcr.org\/ecuador\/wp-json\/wp\/v2\/pages\/802\/revisions\/6094"}],"up":[{"embeddable":true,"href":"https:\/\/help.unhcr.org\/ecuador\/wp-json\/wp\/v2\/pages\/65"}],"wp:attachment":[{"href":"https:\/\/help.unhcr.org\/ecuador\/wp-json\/wp\/v2\/media?parent=802"}],"curies":[{"name":"wp","href":"https:\/\/api.w.org\/{rel}","templated":true}]}}