{"id":766,"date":"2020-03-21T23:05:13","date_gmt":"2020-03-21T23:05:13","guid":{"rendered":"http:\/\/help.unhcr.org\/ecuador\/?page_id=766"},"modified":"2026-04-15T22:35:31","modified_gmt":"2026-04-15T22:35:31","slug":"visas-y-alternativas-migratorias","status":"publish","type":"page","link":"https:\/\/help.unhcr.org\/ecuador\/bienvenido-a\/alternativas-migratorias\/visas-y-alternativas-migratorias\/","title":{"rendered":"Visas"},"content":{"rendered":"\n<p>La visa es un permiso para estar regular en un pa\u00eds. Ecuador tiene varios tipos de visas para personas extranjeras que quieran regularizarse en el pa\u00eds. Para conocer sobre las visas disponibles en Ecuador y cu\u00e1les ser\u00edan las mejores opciones para tu situaci\u00f3n, solicita asesor\u00eda legal gratuita a la <a href=\"https:\/\/www.defensoria.gob.ec\/?page_id=22769\" target=\"_blank\" rel=\"noreferrer noopener\">Defensor\u00eda P\u00fablica<\/a>\u00a0<\/p>\n\n\n\n<p>A continuaci\u00f3n, puedes ver informaci\u00f3n general sobre <strong>algunas visas disponibles en Ecuador:<\/strong>&nbsp;<\/p>\n","protected":false},"excerpt":{"rendered":"<p>La visa es un permiso para estar regular en un pa\u00eds. Ecuador tiene varios tipos de visas para personas extranjeras que quieran regularizarse en el pa\u00eds. Para conocer sobre las visas disponibles en Ecuador y cu\u00e1les ser\u00edan las mejores opciones para tu situaci\u00f3n, solicita asesor\u00eda legal gratuita a la Defensor\u00eda P\u00fablica\u00a0 A continuaci\u00f3n, puedes ver [&hellip;]<\/p>\n","protected":false},"author":35,"featured_media":0,"parent":104,"menu_order":40,"comment_status":"closed","ping_status":"closed","template":"page-templates\/sectioned.php","meta":{"_acf_changed":false,"footnotes":""},"class_list":["post-766","page","type-page","status-publish","hentry"],"acf":[],"_links":{"self":[{"href":"https:\/\/help.unhcr.org\/ecuador\/wp-json\/wp\/v2\/pages\/766","targetHints":{"allow":["GET"]}}],"collection":[{"href":"https:\/\/help.unhcr.org\/ecuador\/wp-json\/wp\/v2\/pages"}],"about":[{"href":"https:\/\/help.unhcr.org\/ecuador\/wp-json\/wp\/v2\/types\/page"}],"author":[{"embeddable":true,"href":"https:\/\/help.unhcr.org\/ecuador\/wp-json\/wp\/v2\/users\/35"}],"replies":[{"embeddable":true,"href":"https:\/\/help.unhcr.org\/ecuador\/wp-json\/wp\/v2\/comments?post=766"}],"version-history":[{"count":43,"href":"https:\/\/help.unhcr.org\/ecuador\/wp-json\/wp\/v2\/pages\/766\/revisions"}],"predecessor-version":[{"id":6164,"href":"https:\/\/help.unhcr.org\/ecuador\/wp-json\/wp\/v2\/pages\/766\/revisions\/6164"}],"up":[{"embeddable":true,"href":"https:\/\/help.unhcr.org\/ecuador\/wp-json\/wp\/v2\/pages\/104"}],"wp:attachment":[{"href":"https:\/\/help.unhcr.org\/ecuador\/wp-json\/wp\/v2\/media?parent=766"}],"curies":[{"name":"wp","href":"https:\/\/api.w.org\/{rel}","templated":true}]}}