{"id":711,"date":"2020-03-19T04:38:18","date_gmt":"2020-03-19T04:38:18","guid":{"rendered":"http:\/\/help.unhcr.org\/ecuador\/?page_id=711"},"modified":"2020-11-24T05:13:00","modified_gmt":"2020-11-24T05:13:00","slug":"educacion","status":"publish","type":"page","link":"https:\/\/help.unhcr.org\/ecuador\/bienvenido-a\/acceso-a-derechos-e-integracion-local\/educacion\/","title":{"rendered":"Educaci\u00f3n"},"content":{"rendered":"\n<p>? Para garantizar la salud de los ni\u00f1os, ni\u00f1as y adolescentes en el marco de la emergencia sanitaria en el Ecuador,<strong> el gobierno ha suspendido \u26d4 las clases en todo el pa\u00eds y el proceso de inscripci\u00f3n para matriculas continuas en la regi\u00f3n costa<\/strong>. Si no pudiste hacer la inscripci\u00f3n no te preocupes, el gobierno asegura que este proceso podr\u00e1 realizarse a inicios del a\u00f1o lectivo ?.<\/p>\n\n\n\n<p>El gobierno ha desarrollado <strong>un plan de contingencia para continuar el proceso educativo <\/strong>? de los estudiantes de 2do A\u00f1o de Educaci\u00f3n B\u00e1sica hasta 3er curso de Bachillerato y mantener su ritmo de estudio ?. Para acceder al plan y conocer las actividades que los ni\u00f1os, ni\u00f1as y adolescentes pueden realizar en el hogar, y tambi\u00e9n acceder a actividades para realizar con los ni\u00f1os y ni\u00f1as mientras dure las medidas de emergencia, accede a <a href=\"http:\/\/recursos2.educacion.gob.ec\">http:\/\/recursos2.educacion.gob.ec<\/a><\/p>\n\n\n\n<p><strong>Las familias deben permanecer en casa ? , realizar actividades \u26bd \u265f\ufe0f ? con los ni\u00f1os y ni\u00f1as, y evitar el contacto con otras personas fuera del hogar, esto incluye visitas a familiares y amigos.<\/strong> <\/p>\n\n\n\n<p>Para mayor informaci\u00f3n puedes ingresar a la p\u00e1gina web del Ministerio\nde Educaci\u00f3n (<a href=\"https:\/\/educacion.gob.ec\/\">https:\/\/educacion.gob.ec\/<\/a>) o a su p\u00e1gina oficial en Facebook (<a href=\"https:\/\/www.facebook.com\/MinisterioEducacionEcuador\/\">https:\/\/www.facebook.com\/MinisterioEducacionEcuador\/<\/a>).<\/p>\n\n\n\n<p><strong>\u00a1Inf\u00f3rmate a trav\u00e9s de fuentes oficiales!<\/strong> El canal oficial para obtener informaci\u00f3n sobre el coronavirus en Ecuador es <a href=\"http:\/\/coronavirusecuador.org\/\">http:\/\/coronavirusecuador.org<\/a>. <strong>Si tienes s\u00edntomas ?&nbsp; llama al 171 ?.<\/strong><\/p>\n","protected":false},"excerpt":{"rendered":"<p>? Para garantizar la salud de los ni\u00f1os, ni\u00f1as y adolescentes en el marco de la emergencia sanitaria en el Ecuador, el gobierno ha suspendido \u26d4 las clases en todo el pa\u00eds y el proceso de inscripci\u00f3n para matriculas continuas en la regi\u00f3n costa. Si no pudiste hacer la inscripci\u00f3n no te preocupes, el gobierno [&hellip;]<\/p>\n","protected":false},"author":35,"featured_media":0,"parent":806,"menu_order":6,"comment_status":"closed","ping_status":"closed","template":"page-templates\/listing_page.php","meta":{"_acf_changed":false,"footnotes":""},"class_list":["post-711","page","type-page","status-publish","hentry"],"acf":[],"_links":{"self":[{"href":"https:\/\/help.unhcr.org\/ecuador\/wp-json\/wp\/v2\/pages\/711","targetHints":{"allow":["GET"]}}],"collection":[{"href":"https:\/\/help.unhcr.org\/ecuador\/wp-json\/wp\/v2\/pages"}],"about":[{"href":"https:\/\/help.unhcr.org\/ecuador\/wp-json\/wp\/v2\/types\/page"}],"author":[{"embeddable":true,"href":"https:\/\/help.unhcr.org\/ecuador\/wp-json\/wp\/v2\/users\/35"}],"replies":[{"embeddable":true,"href":"https:\/\/help.unhcr.org\/ecuador\/wp-json\/wp\/v2\/comments?post=711"}],"version-history":[{"count":3,"href":"https:\/\/help.unhcr.org\/ecuador\/wp-json\/wp\/v2\/pages\/711\/revisions"}],"predecessor-version":[{"id":757,"href":"https:\/\/help.unhcr.org\/ecuador\/wp-json\/wp\/v2\/pages\/711\/revisions\/757"}],"up":[{"embeddable":true,"href":"https:\/\/help.unhcr.org\/ecuador\/wp-json\/wp\/v2\/pages\/806"}],"wp:attachment":[{"href":"https:\/\/help.unhcr.org\/ecuador\/wp-json\/wp\/v2\/media?parent=711"}],"curies":[{"name":"wp","href":"https:\/\/api.w.org\/{rel}","templated":true}]}}