{"id":69,"date":"2018-04-06T09:29:31","date_gmt":"2018-04-06T09:29:31","guid":{"rendered":"http:\/\/help.unhcr.org\/ecuador\/?page_id=69"},"modified":"2026-04-29T16:35:59","modified_gmt":"2026-04-29T16:35:59","slug":"oficinas-acnur","status":"publish","type":"page","link":"https:\/\/help.unhcr.org\/ecuador\/bienvenido-a\/donde-encontrar-ayuda\/oficinas-acnur\/","title":{"rendered":"Atenci\u00f3n en ACNUR"},"content":{"rendered":"<ul>\n<li><span style=\"font-size: revert;color: initial\">Contactanos a nuestra l\u00ednea de atenci\u00f3n de WhatsApp <\/span><span style=\"font-size: revert;color: initial\" data-teams=\"true\">al <a href=\"https:\/\/api.whatsapp.com\/send\/?phone=59323420120&amp;text&amp;type=phone_number&amp;app_absent=0\">+593 23 42 01 20<\/a> sigue los pasos hasta lograr comunicarte con ACNUR. <\/span><\/li>\n<li><span style=\"font-size: revert;color: initial\" data-teams=\"true\">Atenci\u00f3n personalizada ingrese en la opci\u00f3n <a href=\"https:\/\/help.unhcr.org\/ecuador\/bienvenido-a\/donde-encontrar-ayuda\/contactos-de-organizaciones\/\">Organizaciones.<\/a><\/span><span style=\"font-size: revert;color: initial\">\u00a0<\/span><\/li>\n<\/ul>\n\n\n<p><\/p>\n","protected":false},"excerpt":{"rendered":"<p>Contactanos a nuestra l\u00ednea de atenci\u00f3n de WhatsApp al +593 23 42 01 20 sigue los pasos hasta lograr comunicarte con ACNUR. Atenci\u00f3n personalizada ingrese en la opci\u00f3n Organizaciones.\u00a0<\/p>\n","protected":false},"author":1,"featured_media":0,"parent":67,"menu_order":1,"comment_status":"closed","ping_status":"closed","template":"","meta":{"_acf_changed":false,"footnotes":""},"class_list":["post-69","page","type-page","status-publish","hentry"],"acf":[],"_links":{"self":[{"href":"https:\/\/help.unhcr.org\/ecuador\/wp-json\/wp\/v2\/pages\/69","targetHints":{"allow":["GET"]}}],"collection":[{"href":"https:\/\/help.unhcr.org\/ecuador\/wp-json\/wp\/v2\/pages"}],"about":[{"href":"https:\/\/help.unhcr.org\/ecuador\/wp-json\/wp\/v2\/types\/page"}],"author":[{"embeddable":true,"href":"https:\/\/help.unhcr.org\/ecuador\/wp-json\/wp\/v2\/users\/1"}],"replies":[{"embeddable":true,"href":"https:\/\/help.unhcr.org\/ecuador\/wp-json\/wp\/v2\/comments?post=69"}],"version-history":[{"count":110,"href":"https:\/\/help.unhcr.org\/ecuador\/wp-json\/wp\/v2\/pages\/69\/revisions"}],"predecessor-version":[{"id":6174,"href":"https:\/\/help.unhcr.org\/ecuador\/wp-json\/wp\/v2\/pages\/69\/revisions\/6174"}],"up":[{"embeddable":true,"href":"https:\/\/help.unhcr.org\/ecuador\/wp-json\/wp\/v2\/pages\/67"}],"wp:attachment":[{"href":"https:\/\/help.unhcr.org\/ecuador\/wp-json\/wp\/v2\/media?parent=69"}],"curies":[{"name":"wp","href":"https:\/\/api.w.org\/{rel}","templated":true}]}}