{"id":65,"date":"2018-04-06T09:13:42","date_gmt":"2018-04-06T09:13:42","guid":{"rendered":"http:\/\/help.unhcr.org\/ecuador\/?page_id=65"},"modified":"2026-04-29T16:26:52","modified_gmt":"2026-04-29T16:26:52","slug":"bienvenido-a","status":"publish","type":"page","link":"https:\/\/help.unhcr.org\/ecuador\/","title":{"rendered":"\u00bfQu\u00e9 hace ACNUR en Ecuador?"},"content":{"rendered":"\n<figure class=\"wp-block-embed is-type-video is-provider-youtube wp-block-embed-youtube wp-embed-aspect-16-9 wp-has-aspect-ratio\"><div class=\"wp-block-embed__wrapper\">\n<iframe loading=\"lazy\" title=\"\u00bfQu\u00e9 hace ACNUR en Ecuador?\" width=\"640\" height=\"360\" src=\"https:\/\/www.youtube.com\/embed\/wq46IvQzC4w?start=78&#038;feature=oembed\" frameborder=\"0\" allow=\"accelerometer; autoplay; clipboard-write; encrypted-media; gyroscope; picture-in-picture; web-share\" referrerpolicy=\"strict-origin-when-cross-origin\" allowfullscreen><\/iframe>\n<\/div><\/figure>\n\n\n\n<p>Desde el a\u00f1o 2000, ACNUR trabaja en Ecuador para brindar protecci\u00f3n a las personas que se han visto obligadas a salir de su lugar de origen y no pueden regresar porque su vida, libertad o integridad corren peligro.<\/p>\n\n\n\n<p>\u26d4&nbsp;<strong>ACNUR no se encarga de recibir o procesar solicitudes de refugio o apatridia, ni de procesar u otorgar visas. El Estado es el \u00fanico responsable del proceso de refugio y apatridia, as\u00ed como de los procesos migratorios en Ecuador.&nbsp;&nbsp;<\/strong><\/p>\n\n\n\n<p><strong>ACNUR:<\/strong><\/p>\n\n\n\n<ul class=\"wp-block-list\">\n<li>Apoya al Estado en el fortalecimiento de sistemas de asilo y determinaci\u00f3n de la condici\u00f3n de refugiado y de apatridia, garantizando que las personas forzadas a huir accedan a procedimientos justos, eficientes e inclusivos, en l\u00ednea con los est\u00e1ndares internacionales de protecci\u00f3n.<\/li>\n\n\n\n<li>Brinda orientaci\u00f3n y asistencia legal a personas con necesidades de protecci\u00f3n internacional, facilitando el acceso a derechos y servicios, as\u00ed como a mecanismos de regularizaci\u00f3n y documentaci\u00f3n en Ecuador.<\/li>\n\n\n\n<li>Trabaja en articulaci\u00f3n con instituciones p\u00fablicas, el sector privado, el sector financiero y organizaciones socias para promover la inclusi\u00f3n socioecon\u00f3mica de las personas con necesidad de protecci\u00f3n internacional, fomentando su acceso a empleo digno, educaci\u00f3n y servicios de salud, y su integraci\u00f3n efectiva en las comunidades de acogida.<\/li>\n<\/ul>\n\n\n\n<p>Si deseas recibir orientaci\u00f3n y asesor\u00eda, puedes contactarnos a trav\u00e9s de los siguientes canales de comunicaci\u00f3n: <\/p>\n\n\n\n<p class=\"has-text-align-center has-white-color has-text-color has-background\" style=\"background-color:#0072bc\"><p class=\"has-text-align-center has-white-color has-text-color has-background\" style=\"background-color:#333333\"><strong>\u00a1Cont\u00e1ctanos!<\/strong><br><strong>Escribe un correo<\/strong>: <strong><a style=\"color:#ffffff\" href=\"mailto:ayudaecuador@unchr.org\">ayudaecuador@unhcr.org<\/a><\/strong><br><strong>Env\u00eda un mensaje a nuestro sistema de informaci\u00f3n autom\u00e1tica de WhatsApp: <a href=\"https:\/\/wa.me\/59323420120\"><span class=\"has-inline-color has-white-color\">+593 23 42 01 20<\/span><\/a><span class=\"has-inline-color has-white-color\"> <\/span>(presiona sobre el n\u00famero)<\/strong><br><strong>Oficinas de ACNUR<\/strong> &gt;&gt;&gt; <strong><a style=\"color:#ffffff\" href=\"https:\/\/help.unhcr.org\/ecuador\/bienvenido-a\/donde-encontrar-ayuda\/oficinas-acnur\/\" data-type=\"page\" data-id=\"69\">Encuentra la oficina m\u00e1s  cercana<\/a><\/strong> <\/p><\/p>\n\n\n\n<p><\/p>\n","protected":false},"excerpt":{"rendered":"<p>Desde el a\u00f1o 2000, ACNUR trabaja en Ecuador para brindar protecci\u00f3n a las personas que se han visto obligadas a salir de su lugar de origen y no pueden regresar porque su vida, libertad o integridad corren peligro. \u26d4&nbsp;ACNUR no se encarga de recibir o procesar solicitudes de refugio o apatridia, ni de procesar u [&hellip;]<\/p>\n","protected":false},"author":1,"featured_media":0,"parent":0,"menu_order":0,"comment_status":"closed","ping_status":"closed","template":"page-templates\/listing_page.php","meta":{"_acf_changed":false,"footnotes":""},"class_list":["post-65","page","type-page","status-publish","hentry"],"acf":[],"_links":{"self":[{"href":"https:\/\/help.unhcr.org\/ecuador\/wp-json\/wp\/v2\/pages\/65","targetHints":{"allow":["GET"]}}],"collection":[{"href":"https:\/\/help.unhcr.org\/ecuador\/wp-json\/wp\/v2\/pages"}],"about":[{"href":"https:\/\/help.unhcr.org\/ecuador\/wp-json\/wp\/v2\/types\/page"}],"author":[{"embeddable":true,"href":"https:\/\/help.unhcr.org\/ecuador\/wp-json\/wp\/v2\/users\/1"}],"replies":[{"embeddable":true,"href":"https:\/\/help.unhcr.org\/ecuador\/wp-json\/wp\/v2\/comments?post=65"}],"version-history":[{"count":90,"href":"https:\/\/help.unhcr.org\/ecuador\/wp-json\/wp\/v2\/pages\/65\/revisions"}],"predecessor-version":[{"id":6171,"href":"https:\/\/help.unhcr.org\/ecuador\/wp-json\/wp\/v2\/pages\/65\/revisions\/6171"}],"wp:attachment":[{"href":"https:\/\/help.unhcr.org\/ecuador\/wp-json\/wp\/v2\/media?parent=65"}],"curies":[{"name":"wp","href":"https:\/\/api.w.org\/{rel}","templated":true}]}}