{"id":441,"date":"2019-07-29T18:06:32","date_gmt":"2019-07-29T18:06:32","guid":{"rendered":"http:\/\/help.unhcr.org\/ecuador\/?page_id=441"},"modified":"2023-11-30T21:57:40","modified_gmt":"2023-11-30T21:57:40","slug":"reasentamiento","status":"publish","type":"page","link":"https:\/\/help.unhcr.org\/ecuador\/bienvenido-a\/reasentamiento\/reasentamiento\/","title":{"rendered":"Reasentamiento a un tercer pa\u00eds"},"content":{"rendered":"\n<p><span class=\"TextRun SCXW163043579 BCX0\" lang=\"ES-419\" xml:lang=\"ES-419\" data-contrast=\"auto\"><span class=\"NormalTextRun SCXW163043579 BCX0\">El reasentamiento es <\/span><span class=\"NormalTextRun SCXW163043579 BCX0\">el proceso que<\/span><span class=\"NormalTextRun SCXW163043579 BCX0\"> permite<\/span><span class=\"NormalTextRun SCXW163043579 BCX0\"> el <\/span><span class=\"NormalTextRun SCXW163043579 BCX0\">traslado de personas refugiadas<\/span> <span class=\"NormalTextRun SCXW163043579 BCX0\">o solicitantes de refugio desde Ecuador a un tercer pa\u00eds que ha aceptado acoger<\/span><span class=\"NormalTextRun SCXW163043579 BCX0\">l<\/span><span class=\"NormalTextRun SCXW163043579 BCX0\">a<\/span><span class=\"NormalTextRun SCXW163043579 BCX0\">s<\/span><span class=\"NormalTextRun SCXW163043579 BCX0\">. Considera que:\u202f<\/span><\/span><span class=\"EOP SCXW163043579 BCX0\" data-ccp-props=\"{&quot;201341983&quot;:0,&quot;335559739&quot;:160,&quot;335559740&quot;:259}\">&nbsp;<\/span><\/p>\n\n\n\n<p class=\"has-text-align-center has-luminous-vivid-amber-background-color has-background has-medium-font-size\">\u26d4 No existe ning\u00fan programa al que te puedas inscribir para solicitar reasentamiento. De igual forma, si te notificaron que no ser\u00e1s reasentado o reasentada tampoco puedes apelar la decisi\u00f3n.\u202fEl reasentamiento <strong>NO<\/strong> es un derecho.\u00a0La decisi\u00f3n final es tomada por el gobierno que cuenta con programas de reasentamiento. <strong>Ni ACNUR ni otra organizaci\u00f3n humanitaria toman la decisi\u00f3n final.\u00a0<\/strong><\/p>\n\n\n\n<p><strong>Preguntas frecuentes sobre reasentamiento<\/strong><\/p>\n\n\n\n<p>? <em>\u00bfQui\u00e9n decide qu\u00e9 personas son reasentadas?\u00a0<\/em>\u00a0<\/p>\n\n\n\n<p><strong>Este proceso es definido por las leyes y procedimientos del pa\u00eds que recibe a las personas.<\/strong> ACNUR y otras agencias humanitarias no deciden qu\u00e9 personas ser\u00e1n reasentadas. \u00a0\u00a0<\/p>\n\n\n\n<p>? <em>\u00bfC\u00f3mo puedo aplicar al reasentamiento?<\/em>\u00a0<\/p>\n\n\n\n<p><strong>No existe un programa al que se pueda aplicar<\/strong>, el reasentamiento es un proceso llevado por los gobiernos de terceros pa\u00edses que identifican a familias para que se trasladen a un tercer pa\u00eds. &nbsp;<\/p>\n\n\n\n<p>El reasentamiento NO ES DERECHO de las personas refugiadas, lo cual significa que <strong>no se puede aplicar y o apelar a las decisiones que tomen los pa\u00edses.<\/strong><\/p>\n\n\n\n<p>? <em>\u00bfC\u00f3mo funciona el reasentamiento?<\/em>\u00a0<\/p>\n\n\n\n<p>El reasentamiento es un proceso mediante el cual ciertos casos pueden ser analizados y finalmente podr\u00edan viajar a un tercer pa\u00eds. No todas las personas que tienen entrevistas en y con ACNUR est\u00e1n dentro del proceso de reasentamiento. Si tu caso est\u00e1 siendo considerado para un proceso de reasentamiento <strong>un funcionario de ACNUR te lo comunicar\u00e1 usando los canales oficiales. <\/strong>\u00a0<\/p>\n\n\n\n<p>? <em>\u00bfPueden las personas refugiadas pedir el reasentamiento en un pa\u00eds determinado?<\/em>\u00a0<\/p>\n\n\n\n<p>No, las personas refugiadas no pueden escoger un pa\u00eds de reasentamiento.\u00a0<\/p>\n\n\n\n<p>? <em>\u00bfQui\u00e9n toma la decisi\u00f3n final sobre reasentamiento?<\/em>\u00a0<\/p>\n\n\n\n<p>La decisi\u00f3n final sobre esta posibilidad se encuentra en las manos de los gobiernos y se basa en las leyes y procedimientos de cada pa\u00eds que acoger\u00e1 a las personas, ACNUR y otras organizaciones socias no toman decisiones sobre quien puede ser reasentado.\u00a0<\/p>\n\n\n\n<p>? <em>Me ha contactado una persona o un grupo de personas ofreciendo ayuda para aplicar a reasentamiento. \u00bfQu\u00e9 debo hacer?<\/em>\u00a0<\/p>\n\n\n\n<p>Todos los servicios, incluyendo la informaci\u00f3n relacionada en el proceso de reasentamiento, son<strong> totalmente gratuitos y personales (no necesitas de abogados, representante o tramitador alguno). <\/strong>\u00a0<\/p>\n\n\n\n<p>Cualquier persona, dentro o fuera del ACNUR, que ofrezca tales servicios o documentaci\u00f3n a cambio de dinero u otro favor comete fraude e infringe la ley. \u00a0<\/p>\n\n\n\n<p>? <em>Si terceras personas, me aconsejan mentir sobre mi caso de reasentamiento, \u00bfeste ser\u00e1 procesado de manera m\u00e1s \u00e1gil?<\/em>\u00a0<\/p>\n\n\n\n<p><strong>No.<\/strong> Falsificar informaci\u00f3n durante las entrevistas con ACNUR, en los formularios u otros documentos constituye fraude y resultar\u00e1 en el <strong>rechazo de la solicitud<\/strong> de reasentamiento.&nbsp;<\/p>\n\n\n\n<p>ACNUR y sus agencias socias tienen <strong>mecanismos rigurosos para verificar<\/strong> que los datos proporcionados sean reales. \u00a0\u00a1Recuerda, tu caso puede ser negado en cualquier parte del proceso!\u00a0<\/p>\n\n\n\n<p>? <em>Ya fui llamado\/a y asist\u00ed a la entrevista de reasentamiento \u00bfEsto significa que ya voy a viajar a un pa\u00eds de reasentamiento?<\/em>\u00a0<\/p>\n\n\n\n<p><strong>No.<\/strong> El hecho de iniciar el proceso de reasentamiento no significa necesariamente que vas a ser aceptado por el pa\u00eds de reasentamiento. &nbsp;<\/p>\n\n\n\n<p>? <em>Ya me notificaron que mi caso fue negado para reasentamiento, \u00bfpuedo apelar la decisi\u00f3n?<\/em>\u00a0<\/p>\n\n\n\n<p><strong>No<\/strong>. El reasentamiento no es un derecho, por lo que no es posible apelar la decisi\u00f3n. Si el reasentamiento fue negado, debe continuar con su integraci\u00f3n local en Ecuador.\u00a0<\/p>\n\n\n\n<p>? Considera que:<strong>\u00a0<\/strong>\u00a0<\/p>\n\n\n\n<ul class=\"wp-block-list\">\n<li>La informaci\u00f3n que entregues ser\u00e1 confidencial.\u00a0<\/li>\n\n\n\n<li>Las personas refugiadas no pueden solicitar reasentamiento por ellas mismas.\u00a0<\/li>\n\n\n\n<li>Haber iniciado el proceso de reasentamiento no te da la seguridad de que viajar\u00e1s a un tercer pa\u00eds.\u00a0<\/li>\n\n\n\n<li>El proceso de reasentamiento puede demorar 2 a\u00f1os o m\u00e1s.\u00a0<\/li>\n\n\n\n<li><strong>El reasentamiento NO es una soluci\u00f3n para casos de emergencia.<\/strong>\u00a0<\/li>\n\n\n\n<li>Si alguien te contacta ofreciendo ayuda para reasentamiento, puedes ser sido v\u00edctima de fraude. \u00bfTe ha pasado? Den\u00fancialo, manda un mensaje al <strong>099 789 7742<\/strong> o escribe un correo a\u202f<strong>ayudaecuador@unhcr.org<\/strong>\u202f\u00a0<\/li>\n<\/ul>\n\n\n\n<figure class=\"wp-block-embed is-type-video is-provider-youtube wp-block-embed-youtube wp-embed-aspect-16-9 wp-has-aspect-ratio\"><div class=\"wp-block-embed__wrapper\">\n<iframe loading=\"lazy\" title=\"Reasentamiento, siete claves para entenderlo - ACNUR Ecuador\" width=\"640\" height=\"360\" src=\"https:\/\/www.youtube.com\/embed\/86vLCY2IRlA?list=PLcWbnvGj8a47sCuTd64gPCdja3NAX69-D\" frameborder=\"0\" allow=\"accelerometer; autoplay; clipboard-write; encrypted-media; gyroscope; picture-in-picture; web-share\" referrerpolicy=\"strict-origin-when-cross-origin\" allowfullscreen><\/iframe>\n<\/div><\/figure>\n","protected":false},"excerpt":{"rendered":"<p>El reasentamiento es el proceso que permite el traslado de personas refugiadas o solicitantes de refugio desde Ecuador a un tercer pa\u00eds que ha aceptado acogerlas. Considera que:\u202f&nbsp; \u26d4 No existe ning\u00fan programa al que te puedas inscribir para solicitar reasentamiento. De igual forma, si te notificaron que no ser\u00e1s reasentado o reasentada tampoco puedes [&hellip;]<\/p>\n","protected":false},"author":35,"featured_media":0,"parent":5431,"menu_order":2,"comment_status":"closed","ping_status":"closed","template":"page-templates\/listing_page.php","meta":{"_acf_changed":false,"footnotes":""},"class_list":["post-441","page","type-page","status-publish","hentry"],"acf":[],"_links":{"self":[{"href":"https:\/\/help.unhcr.org\/ecuador\/wp-json\/wp\/v2\/pages\/441","targetHints":{"allow":["GET"]}}],"collection":[{"href":"https:\/\/help.unhcr.org\/ecuador\/wp-json\/wp\/v2\/pages"}],"about":[{"href":"https:\/\/help.unhcr.org\/ecuador\/wp-json\/wp\/v2\/types\/page"}],"author":[{"embeddable":true,"href":"https:\/\/help.unhcr.org\/ecuador\/wp-json\/wp\/v2\/users\/35"}],"replies":[{"embeddable":true,"href":"https:\/\/help.unhcr.org\/ecuador\/wp-json\/wp\/v2\/comments?post=441"}],"version-history":[{"count":52,"href":"https:\/\/help.unhcr.org\/ecuador\/wp-json\/wp\/v2\/pages\/441\/revisions"}],"predecessor-version":[{"id":5424,"href":"https:\/\/help.unhcr.org\/ecuador\/wp-json\/wp\/v2\/pages\/441\/revisions\/5424"}],"up":[{"embeddable":true,"href":"https:\/\/help.unhcr.org\/ecuador\/wp-json\/wp\/v2\/pages\/5431"}],"wp:attachment":[{"href":"https:\/\/help.unhcr.org\/ecuador\/wp-json\/wp\/v2\/media?parent=441"}],"curies":[{"name":"wp","href":"https:\/\/api.w.org\/{rel}","templated":true}]}}