{"id":372,"date":"2019-07-25T17:17:49","date_gmt":"2019-07-25T17:17:49","guid":{"rendered":"http:\/\/help.unhcr.org\/ecuador\/?page_id=372"},"modified":"2025-12-08T20:09:50","modified_gmt":"2025-12-08T20:09:50","slug":"denuncia-apoyo-legal","status":"publish","type":"page","link":"https:\/\/help.unhcr.org\/ecuador\/bienvenido-a\/violencia-de-genero-explotacion-y-abuso-sexual\/denuncia-apoyo-legal\/","title":{"rendered":"Denuncias y acceso a la justicia"},"content":{"rendered":"\n<p>Todas las personas sobrevivientes de violencia de g\u00e9nero en Ecuador \u2013 independientemente de su estatus migratorio \u2013 tienen el derecho de hacer una denuncia a las autoridades competentes, as\u00ed como a recibir apoyo legal gratuito.&nbsp;<\/p>\n\n\n\n<p>Para poner una denuncia considera esto:&nbsp;<\/p>\n\n\n\n<p>1) Si fuiste v\u00edctima de violencia de g\u00e9nero de cualquier tipo y no han pasado m\u00e1s de 24 horas de los hechos: debes realizar la denuncia en la FISCAL\u00cdA DE FLAGRANCIAS m\u00e1s cercana al lugar donde vives. Revisa este <a href=\"https:\/\/www.fiscalia.gob.ec\/directorio-fiscalias\/\" target=\"_blank\" rel=\"noreferrer noopener\">Fiscal\u00eda General del Estado | Directorio de fiscal\u00edas provinciales<\/a>.\u202f&nbsp;<\/p>\n\n\n\n<p>2) En general, si quieres denunciar cualquier tipo de violencia que sufriste te recomendamos revisar las rutas de protecci\u00f3n oficiales disponibles en este enlace <a href=\"https:\/\/www.gob.ec\/mmdh\">https:\/\/www.gob.ec\/mmdh<\/a><\/p>\n\n\n\n<p>No existen requisitos espec\u00edficos para hacer la denuncia. Si es posible, lleva tu documento de identidad. Para realizar una denuncia no necesitas un\/a abogado\/a y el tr\u00e1mite es totalmente GRATUITO.&nbsp;&nbsp;<\/p>\n\n\n\n<p>La Defensor\u00eda P\u00fablica tambi\u00e9n brinda asistencia legal gratuita para personas sobrevivientes de violencia. Consulta este enlace para revisar los puntos de atenci\u00f3n <a href=\"https:\/\/www.defensoria.gob.ec\/?page_id=22777\" target=\"_blank\" rel=\"noreferrer noopener\">SERVICE POINTS | Public Defender&#8217;s Office of Ecuador<\/a>.&nbsp;<\/p>\n","protected":false},"excerpt":{"rendered":"<p>Todas las personas sobrevivientes de violencia de g\u00e9nero en Ecuador \u2013 independientemente de su estatus migratorio \u2013 tienen el derecho de hacer una denuncia a las autoridades competentes, as\u00ed como a recibir apoyo legal gratuito.&nbsp; Para poner una denuncia considera esto:&nbsp; 1) Si fuiste v\u00edctima de violencia de g\u00e9nero de cualquier tipo y no han [&hellip;]<\/p>\n","protected":false},"author":35,"featured_media":0,"parent":876,"menu_order":4,"comment_status":"closed","ping_status":"closed","template":"page-templates\/sectioned.php","meta":{"_acf_changed":false,"footnotes":""},"class_list":["post-372","page","type-page","status-publish","hentry"],"acf":[],"_links":{"self":[{"href":"https:\/\/help.unhcr.org\/ecuador\/wp-json\/wp\/v2\/pages\/372","targetHints":{"allow":["GET"]}}],"collection":[{"href":"https:\/\/help.unhcr.org\/ecuador\/wp-json\/wp\/v2\/pages"}],"about":[{"href":"https:\/\/help.unhcr.org\/ecuador\/wp-json\/wp\/v2\/types\/page"}],"author":[{"embeddable":true,"href":"https:\/\/help.unhcr.org\/ecuador\/wp-json\/wp\/v2\/users\/35"}],"replies":[{"embeddable":true,"href":"https:\/\/help.unhcr.org\/ecuador\/wp-json\/wp\/v2\/comments?post=372"}],"version-history":[{"count":22,"href":"https:\/\/help.unhcr.org\/ecuador\/wp-json\/wp\/v2\/pages\/372\/revisions"}],"predecessor-version":[{"id":5929,"href":"https:\/\/help.unhcr.org\/ecuador\/wp-json\/wp\/v2\/pages\/372\/revisions\/5929"}],"up":[{"embeddable":true,"href":"https:\/\/help.unhcr.org\/ecuador\/wp-json\/wp\/v2\/pages\/876"}],"wp:attachment":[{"href":"https:\/\/help.unhcr.org\/ecuador\/wp-json\/wp\/v2\/media?parent=372"}],"curies":[{"name":"wp","href":"https:\/\/api.w.org\/{rel}","templated":true}]}}