{"id":342,"date":"2019-07-25T01:03:14","date_gmt":"2019-07-25T01:03:14","guid":{"rendered":"http:\/\/help.unhcr.org\/ecuador\/?page_id=342"},"modified":"2025-12-14T21:30:58","modified_gmt":"2025-12-14T21:30:58","slug":"apoyo-lgbti","status":"publish","type":"page","link":"https:\/\/help.unhcr.org\/ecuador\/bienvenido-a\/apoyo-lgbti\/","title":{"rendered":"Apoyo a personas LGBTIQ+"},"content":{"rendered":"<p>Si eres una persona LGBTI+ refugiada, solicitante de asilo o migrante y necesitas informaci\u00f3n y asistencia, puedes comunicarte con las oficinas del ACNUR o con una de las organizaciones especializadas en atenci\u00f3n a personas LGBTI+ para que puedan hacer una evaluaci\u00f3n de tu caso y apoyarte.<\/p>\n<p><span class=\"TextRun SCXW170173283 BCX0\" lang=\"ES-ES\" xml:lang=\"ES-ES\" data-contrast=\"auto\"><span class=\"NormalTextRun SCXW170173283 BCX0\">Si deseas m\u00e1s informaci\u00f3n, puedes contactarte a la l\u00ednea \u00fanica de ACNUR Ecuador <a href=\"https:\/\/api.whatsapp.com\/send\/?phone=59323420120&amp;text&amp;type=phone_number&amp;app_absent=0\">+593 23 42 01 20<\/a>\u00a0 . En caso de emergencia, puedes llamar al 911, o si necesita asesor\u00eda legal u otro tipo de informaci\u00f3n para su seguridad llame a la Defensor\u00eda P\u00fablica al 151.<\/span><\/span><span class=\"EOP SCXW170173283 BCX0\" data-ccp-props=\"{}\">\u00a0<\/span><\/p>\n<p>? \u00a1Importante! Todas las oficinas del ACNUR y sus socios tienen la obligaci\u00f3n de tratar las personas LGBTI+ con dignidad y respeto. Si alg\u00fan\/a funcionario\/a del ACNUR u organizaciones socias no te ha tratado con dignidad y respeto, puedes hacer una denuncia acerc\u00e1ndote a una oficina del ACNUR, escribiendo a ayudaecuador@unhcr.org\u00a0.<\/p>\n\n\n<p><\/p>\n","protected":false},"excerpt":{"rendered":"<p>Si eres una persona LGBTI+ refugiada, solicitante de asilo o migrante y necesitas informaci\u00f3n y asistencia, puedes comunicarte con las oficinas del ACNUR o con una de las organizaciones especializadas en atenci\u00f3n a personas LGBTI+ para que puedan hacer una evaluaci\u00f3n de tu caso y apoyarte. Si deseas m\u00e1s informaci\u00f3n, puedes contactarte a la l\u00ednea [&hellip;]<\/p>\n","protected":false},"author":35,"featured_media":0,"parent":65,"menu_order":11,"comment_status":"closed","ping_status":"closed","template":"page-templates\/sectioned.php","meta":{"_acf_changed":false,"footnotes":""},"class_list":["post-342","page","type-page","status-publish","hentry"],"acf":[],"_links":{"self":[{"href":"https:\/\/help.unhcr.org\/ecuador\/wp-json\/wp\/v2\/pages\/342","targetHints":{"allow":["GET"]}}],"collection":[{"href":"https:\/\/help.unhcr.org\/ecuador\/wp-json\/wp\/v2\/pages"}],"about":[{"href":"https:\/\/help.unhcr.org\/ecuador\/wp-json\/wp\/v2\/types\/page"}],"author":[{"embeddable":true,"href":"https:\/\/help.unhcr.org\/ecuador\/wp-json\/wp\/v2\/users\/35"}],"replies":[{"embeddable":true,"href":"https:\/\/help.unhcr.org\/ecuador\/wp-json\/wp\/v2\/comments?post=342"}],"version-history":[{"count":49,"href":"https:\/\/help.unhcr.org\/ecuador\/wp-json\/wp\/v2\/pages\/342\/revisions"}],"predecessor-version":[{"id":5863,"href":"https:\/\/help.unhcr.org\/ecuador\/wp-json\/wp\/v2\/pages\/342\/revisions\/5863"}],"up":[{"embeddable":true,"href":"https:\/\/help.unhcr.org\/ecuador\/wp-json\/wp\/v2\/pages\/65"}],"wp:attachment":[{"href":"https:\/\/help.unhcr.org\/ecuador\/wp-json\/wp\/v2\/media?parent=342"}],"curies":[{"name":"wp","href":"https:\/\/api.w.org\/{rel}","templated":true}]}}