{"id":2838,"date":"2021-05-07T16:18:38","date_gmt":"2021-05-07T16:18:38","guid":{"rendered":"http:\/\/help.unhcr.org\/ecuador\/?page_id=2838"},"modified":"2025-12-14T21:15:11","modified_gmt":"2025-12-14T21:15:11","slug":"reconocimiento-de-titulos","status":"publish","type":"page","link":"https:\/\/help.unhcr.org\/ecuador\/bienvenido-a\/educacion-salud-alimentacion-y-otros-servicios\/reconocimiento-de-titulos\/","title":{"rendered":"Reconocimiento de t\u00edtulos"},"content":{"rendered":"\n<p>En Ecuador la <strong>Secretar\u00eda de Educaci\u00f3n Superior, Ciencia y Tecnolog\u00eda <\/strong>es la encargada de reconocer los t\u00edtulos universitarios que se obtuvieron en instituciones educativas fuera del pa\u00eds.<\/p>\n\n\n\n<p>Antes de realizar este tr\u00e1mite considera que los t\u00edtulos que podr\u00e1n ser legalizados son:<\/p>\n\n\n\n<ul class=\"wp-block-list\">\n<li>\u2705 Tercer Nivel T\u00e9cnico Tecnol\u00f3gico<\/li>\n\n\n\n<li>\u2705 Tercer Nivel de Grado<\/li>\n\n\n\n<li>\u2705 Cuarto Nivel<\/li>\n\n\n\n<li>\u2705 T\u00edtulos Doctorales de PhD<\/li>\n<\/ul>\n\n\n\n<p>Los t\u00edtulos que no se pueden reconocer son:<\/p>\n\n\n\n<ul class=\"wp-block-list\">\n<li>\u274c T\u00edtulos de instituciones de Educaci\u00f3n Superior que no cuente con Acreditaci\u00f3n por el \u00f3rgano competente de Educaci\u00f3n Superior del pa\u00eds de origen<\/li>\n\n\n\n<li>\u274c Estudios de Educaci\u00f3n Continua (Diplomados, cursos abiertos, entre otros)<\/li>\n\n\n\n<li>\u274c Estudios cursados en el Ecuador sin un convenio aprobado y supervisado por el CES<\/li>\n\n\n\n<li>\u274c T\u00edtulos que no son considerados t\u00edtulos de Educaci\u00f3n Superior<\/li>\n\n\n\n<li>\u274c Cuando los estudios no son comparables con los grados acad\u00e9micos ecuatorianos<\/li>\n<\/ul>\n\n\n\n<p>Te aconsejamos revisar los requisitos en la p\u00e1gina de SENESCYT en el siguiente link: <a href=\"https:\/\/siau.senescyt.gob.ec\/reconocimiento_titulos_extranjero\/\">Reconocimiento de T\u00edtulos del Extranjero \u2013 Servicios | Educaci\u00f3n Superior<\/a><\/p>\n","protected":false},"excerpt":{"rendered":"<p>En Ecuador la Secretar\u00eda de Educaci\u00f3n Superior, Ciencia y Tecnolog\u00eda es la encargada de reconocer los t\u00edtulos universitarios que se obtuvieron en instituciones educativas fuera del pa\u00eds. Antes de realizar este tr\u00e1mite considera que los t\u00edtulos que podr\u00e1n ser legalizados son: Los t\u00edtulos que no se pueden reconocer son: Te aconsejamos revisar los requisitos en [&hellip;]<\/p>\n","protected":false},"author":174,"featured_media":0,"parent":1454,"menu_order":2,"comment_status":"closed","ping_status":"closed","template":"page-templates\/sectioned.php","meta":{"_acf_changed":false,"footnotes":""},"class_list":["post-2838","page","type-page","status-publish","hentry"],"acf":[],"_links":{"self":[{"href":"https:\/\/help.unhcr.org\/ecuador\/wp-json\/wp\/v2\/pages\/2838","targetHints":{"allow":["GET"]}}],"collection":[{"href":"https:\/\/help.unhcr.org\/ecuador\/wp-json\/wp\/v2\/pages"}],"about":[{"href":"https:\/\/help.unhcr.org\/ecuador\/wp-json\/wp\/v2\/types\/page"}],"author":[{"embeddable":true,"href":"https:\/\/help.unhcr.org\/ecuador\/wp-json\/wp\/v2\/users\/174"}],"replies":[{"embeddable":true,"href":"https:\/\/help.unhcr.org\/ecuador\/wp-json\/wp\/v2\/comments?post=2838"}],"version-history":[{"count":16,"href":"https:\/\/help.unhcr.org\/ecuador\/wp-json\/wp\/v2\/pages\/2838\/revisions"}],"predecessor-version":[{"id":5792,"href":"https:\/\/help.unhcr.org\/ecuador\/wp-json\/wp\/v2\/pages\/2838\/revisions\/5792"}],"up":[{"embeddable":true,"href":"https:\/\/help.unhcr.org\/ecuador\/wp-json\/wp\/v2\/pages\/1454"}],"wp:attachment":[{"href":"https:\/\/help.unhcr.org\/ecuador\/wp-json\/wp\/v2\/media?parent=2838"}],"curies":[{"name":"wp","href":"https:\/\/api.w.org\/{rel}","templated":true}]}}