{"id":278,"date":"2019-07-24T20:25:45","date_gmt":"2019-07-24T20:25:45","guid":{"rendered":"http:\/\/help.unhcr.org\/ecuador\/?page_id=278"},"modified":"2025-12-08T16:48:03","modified_gmt":"2025-12-08T16:48:03","slug":"salud","status":"publish","type":"page","link":"https:\/\/help.unhcr.org\/ecuador\/bienvenido-a\/educacion-salud-alimentacion-y-otros-servicios\/salud\/salud\/","title":{"rendered":"Acceso al sistema de salud"},"content":{"rendered":"<p>Las personas en movilidad humana tienen derecho a acceder a los sistemas de salud en todo el pa\u00eds. Las entidades p\u00fablicas o privadas no podr\u00e1n, en ning\u00fan caso, negarse a brindar atenci\u00f3n m\u00e9dica por raz\u00f3n de la nacionalidad o condici\u00f3n migratoria de una persona. En el sistema p\u00fablico de salud, la atenci\u00f3n es gratuita.<\/p>\n","protected":false},"excerpt":{"rendered":"<p>Las personas en movilidad humana tienen derecho a acceder a los sistemas de salud en todo el pa\u00eds. Las entidades p\u00fablicas o privadas no podr\u00e1n, en ning\u00fan caso, negarse a brindar atenci\u00f3n m\u00e9dica por raz\u00f3n de la nacionalidad o condici\u00f3n migratoria de una persona. En el sistema p\u00fablico de salud, la atenci\u00f3n es gratuita.<\/p>\n","protected":false},"author":35,"featured_media":0,"parent":1445,"menu_order":1,"comment_status":"closed","ping_status":"closed","template":"page-templates\/sectioned.php","meta":{"_acf_changed":false,"footnotes":""},"class_list":["post-278","page","type-page","status-publish","hentry"],"acf":[],"_links":{"self":[{"href":"https:\/\/help.unhcr.org\/ecuador\/wp-json\/wp\/v2\/pages\/278","targetHints":{"allow":["GET"]}}],"collection":[{"href":"https:\/\/help.unhcr.org\/ecuador\/wp-json\/wp\/v2\/pages"}],"about":[{"href":"https:\/\/help.unhcr.org\/ecuador\/wp-json\/wp\/v2\/types\/page"}],"author":[{"embeddable":true,"href":"https:\/\/help.unhcr.org\/ecuador\/wp-json\/wp\/v2\/users\/35"}],"replies":[{"embeddable":true,"href":"https:\/\/help.unhcr.org\/ecuador\/wp-json\/wp\/v2\/comments?post=278"}],"version-history":[{"count":19,"href":"https:\/\/help.unhcr.org\/ecuador\/wp-json\/wp\/v2\/pages\/278\/revisions"}],"predecessor-version":[{"id":5813,"href":"https:\/\/help.unhcr.org\/ecuador\/wp-json\/wp\/v2\/pages\/278\/revisions\/5813"}],"up":[{"embeddable":true,"href":"https:\/\/help.unhcr.org\/ecuador\/wp-json\/wp\/v2\/pages\/1445"}],"wp:attachment":[{"href":"https:\/\/help.unhcr.org\/ecuador\/wp-json\/wp\/v2\/media?parent=278"}],"curies":[{"name":"wp","href":"https:\/\/api.w.org\/{rel}","templated":true}]}}