{"id":2582,"date":"2021-04-06T05:07:28","date_gmt":"2021-04-06T05:07:28","guid":{"rendered":"http:\/\/help.unhcr.org\/ecuador\/?page_id=2582"},"modified":"2025-12-10T20:05:26","modified_gmt":"2025-12-10T20:05:26","slug":"que-hacer-en-caso-de-caida-de-ceniza","status":"publish","type":"page","link":"https:\/\/help.unhcr.org\/ecuador\/bienvenido-a\/informacion-general-sobre-ecuador\/que-hacer-en-caso-de-desastres-naturales\/que-hacer-en-caso-de-caida-de-ceniza\/","title":{"rendered":"\u00bfQu\u00e9 hacer en caso de ca\u00edda de ceniza?"},"content":{"rendered":"\n<p>En Ecuador existen m\u00e1s de 20 volcanes activos. Cuando un volc\u00e1n erupciona suele expulsar ceniza que llega a varias provincias del pa\u00eds, en donde se deben tomar medidas para evitar que esta produzca da\u00f1os a la salud de las personas, de los animales y a las casas y otras estructuras. Conoce c\u00f3mo actuar en caso de ca\u00edda de ceniza:&nbsp;<\/p>\n\n\n\n<ul class=\"wp-block-list\">\n<li>No salgas de tu casa ? a menos que sea estrictamente necesario.\u00a0<\/li>\n<\/ul>\n\n\n\n<ul class=\"wp-block-list\">\n<li>Mant\u00e9n puertas ? y ventanas cerradas, cubre sus bordes con trapos, mantas y cinta adhesiva para evitar que la ceniza ingrese.\u00a0<\/li>\n<\/ul>\n\n\n\n<ul class=\"wp-block-list\">\n<li>Si tienes que salir, prot\u00e9ge tus ojos con gafas ?, tu nariz y boca con un pa\u00f1o h\u00famedo o mascarilla ? y usa ropa ? que cubra la mayor parte del cuerpo para evitar afecciones a la piel. \u00a0<\/li>\n<\/ul>\n\n\n\n<ul class=\"wp-block-list\">\n<li>\u26d4 No uses mangueras para limpiar la ceniza. La ceniza, al mezclarse con agua, forma una pasta similar al cemento que es dif\u00edcil de quitar y puede colapsar techos y edificios. Para limpiar la ceniza, puedes usar poca agua hasta humedecerla y facilitar \u00a0la limpieza.\u00a0<\/li>\n<\/ul>\n\n\n\n<ul class=\"wp-block-list\">\n<li>? Para limpiar la ceniza, barre \u00a0utilizando una escoba, si la ceniza es muy gruesa puedes usar una pala. Rec\u00f3gela en bolsas resistentes o costales. No los arrojes a la calle; en las ciudades hay cronogramas de \u00a0recolecci\u00f3n de ceniza.\u00a0<\/li>\n<\/ul>\n\n\n\n<ul class=\"wp-block-list\">\n<li>? Cubre los alimentos y el agua que consumes, para evitar que se contaminen con la ceniza.\u00a0<\/li>\n<\/ul>\n\n\n\n<ul class=\"wp-block-list\">\n<li>? Lava bien los alimentos antes de consumirlos. Consumir alimentos con ceniza puede enfermarte.\u00a0<\/li>\n<\/ul>\n\n\n\n<ul class=\"wp-block-list\">\n<li>\u2705 Cubre los tanques y cisternas de agua para evitar que entren en contacto con la ceniza.\u00a0<\/li>\n<\/ul>\n\n\n\n<ul class=\"wp-block-list\">\n<li>La ceniza tambi\u00e9n puede afectar a las plantas ?. Al caer sobre las hojas, las tapan y las plantas no reciben luz solar. Para evitar que esto suceda, sacude delicadamente las hojas para que la ceniza caiga.\u00a0<\/li>\n<\/ul>\n\n\n\n<ul class=\"wp-block-list\">\n<li>Los animales de granja ? y las mascotas ? tambi\u00e9n son afectados por la ceniza. Gu\u00e1rdalos bajo techo o mu\u00e9velos a zonas donde no haya ca\u00eddo ceniza. La ceniza en su comida los puede enfermar, mejor dales balanceados \u00a0pl\u00e1tanos verdes, u otros no afectados con ceniza.\u00a0<\/li>\n<\/ul>\n\n\n\n<ul class=\"wp-block-list\">\n<li>Prep\u00e1rate para una posible erupci\u00f3n. Arma tu mochila de emergencias con: Mascarillas, botiqu\u00edn de primeros auxilios, medicinas, radio, bater\u00edas, linterna, mantas y ropa abrigada, dinero en efectivo.\u00a0<\/li>\n<\/ul>\n\n\n\n<ul class=\"wp-block-list\">\n<li>\u2705 Ten contigo alimentos y agua de emergencia para al menos 3 d\u00edas (4 litros por persona por d\u00eda).\u00a0<\/li>\n\n\n\n<li><\/li>\n<\/ul>\n\n\n\n<p><\/p>\n","protected":false},"excerpt":{"rendered":"<p>En Ecuador existen m\u00e1s de 20 volcanes activos. Cuando un volc\u00e1n erupciona suele expulsar ceniza que llega a varias provincias del pa\u00eds, en donde se deben tomar medidas para evitar que esta produzca da\u00f1os a la salud de las personas, de los animales y a las casas y otras estructuras. Conoce c\u00f3mo actuar en caso [&hellip;]<\/p>\n","protected":false},"author":174,"featured_media":0,"parent":2562,"menu_order":3,"comment_status":"closed","ping_status":"closed","template":"page-templates\/listing_page.php","meta":{"_acf_changed":false,"footnotes":""},"class_list":["post-2582","page","type-page","status-publish","hentry"],"acf":[],"_links":{"self":[{"href":"https:\/\/help.unhcr.org\/ecuador\/wp-json\/wp\/v2\/pages\/2582","targetHints":{"allow":["GET"]}}],"collection":[{"href":"https:\/\/help.unhcr.org\/ecuador\/wp-json\/wp\/v2\/pages"}],"about":[{"href":"https:\/\/help.unhcr.org\/ecuador\/wp-json\/wp\/v2\/types\/page"}],"author":[{"embeddable":true,"href":"https:\/\/help.unhcr.org\/ecuador\/wp-json\/wp\/v2\/users\/174"}],"replies":[{"embeddable":true,"href":"https:\/\/help.unhcr.org\/ecuador\/wp-json\/wp\/v2\/comments?post=2582"}],"version-history":[{"count":8,"href":"https:\/\/help.unhcr.org\/ecuador\/wp-json\/wp\/v2\/pages\/2582\/revisions"}],"predecessor-version":[{"id":5997,"href":"https:\/\/help.unhcr.org\/ecuador\/wp-json\/wp\/v2\/pages\/2582\/revisions\/5997"}],"up":[{"embeddable":true,"href":"https:\/\/help.unhcr.org\/ecuador\/wp-json\/wp\/v2\/pages\/2562"}],"wp:attachment":[{"href":"https:\/\/help.unhcr.org\/ecuador\/wp-json\/wp\/v2\/media?parent=2582"}],"curies":[{"name":"wp","href":"https:\/\/api.w.org\/{rel}","templated":true}]}}