{"id":2568,"date":"2021-04-06T04:45:07","date_gmt":"2021-04-06T04:45:07","guid":{"rendered":"http:\/\/help.unhcr.org\/ecuador\/?page_id=2568"},"modified":"2025-12-10T17:39:31","modified_gmt":"2025-12-10T17:39:31","slug":"que-hacer-en-caso-de-sismos","status":"publish","type":"page","link":"https:\/\/help.unhcr.org\/ecuador\/bienvenido-a\/informacion-general-sobre-ecuador\/que-hacer-en-caso-de-desastres-naturales\/que-hacer-en-caso-de-sismos\/","title":{"rendered":"\u00bfQu\u00e9 hacer en caso de sismos?"},"content":{"rendered":"\n<p>Ecuador es un pa\u00eds donde se pueden sentir muchos movimientos de la tierra, o sismos \u26a1. La mayor\u00eda de las veces, estos son imperceptibles, pero si no est\u00e1s acostumbrado\/a pueden causar temor. Adem\u00e1s, en ocasiones tambi\u00e9n estos sismos pueden ser fuertes y pueden afectar a edificios, casas o espacios p\u00fablicos. Conoce \u2705 c\u00f3mo actuar en caso de sismo, aqu\u00ed:<\/p>\n","protected":false},"excerpt":{"rendered":"<p>Ecuador es un pa\u00eds donde se pueden sentir muchos movimientos de la tierra, o sismos \u26a1. La mayor\u00eda de las veces, estos son imperceptibles, pero si no est\u00e1s acostumbrado\/a pueden causar temor. Adem\u00e1s, en ocasiones tambi\u00e9n estos sismos pueden ser fuertes y pueden afectar a edificios, casas o espacios p\u00fablicos. Conoce \u2705 c\u00f3mo actuar en [&hellip;]<\/p>\n","protected":false},"author":174,"featured_media":0,"parent":2562,"menu_order":1,"comment_status":"closed","ping_status":"closed","template":"page-templates\/sectioned.php","meta":{"_acf_changed":false,"footnotes":""},"class_list":["post-2568","page","type-page","status-publish","hentry"],"acf":[],"_links":{"self":[{"href":"https:\/\/help.unhcr.org\/ecuador\/wp-json\/wp\/v2\/pages\/2568","targetHints":{"allow":["GET"]}}],"collection":[{"href":"https:\/\/help.unhcr.org\/ecuador\/wp-json\/wp\/v2\/pages"}],"about":[{"href":"https:\/\/help.unhcr.org\/ecuador\/wp-json\/wp\/v2\/types\/page"}],"author":[{"embeddable":true,"href":"https:\/\/help.unhcr.org\/ecuador\/wp-json\/wp\/v2\/users\/174"}],"replies":[{"embeddable":true,"href":"https:\/\/help.unhcr.org\/ecuador\/wp-json\/wp\/v2\/comments?post=2568"}],"version-history":[{"count":13,"href":"https:\/\/help.unhcr.org\/ecuador\/wp-json\/wp\/v2\/pages\/2568\/revisions"}],"predecessor-version":[{"id":5983,"href":"https:\/\/help.unhcr.org\/ecuador\/wp-json\/wp\/v2\/pages\/2568\/revisions\/5983"}],"up":[{"embeddable":true,"href":"https:\/\/help.unhcr.org\/ecuador\/wp-json\/wp\/v2\/pages\/2562"}],"wp:attachment":[{"href":"https:\/\/help.unhcr.org\/ecuador\/wp-json\/wp\/v2\/media?parent=2568"}],"curies":[{"name":"wp","href":"https:\/\/api.w.org\/{rel}","templated":true}]}}