{"id":2562,"date":"2021-04-06T04:19:54","date_gmt":"2021-04-06T04:19:54","guid":{"rendered":"http:\/\/help.unhcr.org\/ecuador\/?page_id=2562"},"modified":"2026-04-15T21:51:34","modified_gmt":"2026-04-15T21:51:34","slug":"que-hacer-en-caso-de-desastres-naturales","status":"publish","type":"page","link":"https:\/\/help.unhcr.org\/ecuador\/bienvenido-a\/informacion-general-sobre-ecuador\/que-hacer-en-caso-de-desastres-naturales\/","title":{"rendered":"\u00bfQu\u00e9 hacer en caso de desastres naturales?"},"content":{"rendered":"\n<p>En Ecuador puede haber varios desastres naturales como sismos, ca\u00eddas de ceniza o inundaciones.&nbsp;<\/p>\n\n\n\n<p>Para prepararte, puedes crear un Plan Familiar de Emergencia. Este plan te ayuda a tener lista la informaci\u00f3n sobre qu\u00e9 hacer antes, durante y despu\u00e9s de un desastre natural. As\u00ed puedes actuar de una manera planificada y segura para ti y tu familia. &nbsp;Mira m\u00e1s informaci\u00f3n en <a href=\"https:\/\/www.gestionderiesgos.gob.ec\/plan-familiar-de-emergencias\/#:~:text=El%20Plan%20Familiar%20de%20Emergencias,adecuadamente%20en%20caso%20de%20emergencias.\">plan de emergencia familiar.<\/a><\/p>\n\n\n\n<p><strong>Recuerda que, en emergencias, las redes telef\u00f3nicas y de internet pueden no funcionar correctamente.<\/strong><\/p>\n\n\n\n<p>En los cuadrados de abajo podr\u00e1s ver informaci\u00f3n espec\u00edfica sobre qu\u00e9 debes hacer en caso de un desastre natural espec\u00edfico.<\/p>\n","protected":false},"excerpt":{"rendered":"<p>En Ecuador puede haber varios desastres naturales como sismos, ca\u00eddas de ceniza o inundaciones.&nbsp; Para prepararte, puedes crear un Plan Familiar de Emergencia. Este plan te ayuda a tener lista la informaci\u00f3n sobre qu\u00e9 hacer antes, durante y despu\u00e9s de un desastre natural. As\u00ed puedes actuar de una manera planificada y segura para ti y [&hellip;]<\/p>\n","protected":false},"author":174,"featured_media":0,"parent":1401,"menu_order":5,"comment_status":"closed","ping_status":"closed","template":"page-templates\/listing_page.php","meta":{"_acf_changed":false,"footnotes":""},"class_list":["post-2562","page","type-page","status-publish","hentry"],"acf":[],"_links":{"self":[{"href":"https:\/\/help.unhcr.org\/ecuador\/wp-json\/wp\/v2\/pages\/2562","targetHints":{"allow":["GET"]}}],"collection":[{"href":"https:\/\/help.unhcr.org\/ecuador\/wp-json\/wp\/v2\/pages"}],"about":[{"href":"https:\/\/help.unhcr.org\/ecuador\/wp-json\/wp\/v2\/types\/page"}],"author":[{"embeddable":true,"href":"https:\/\/help.unhcr.org\/ecuador\/wp-json\/wp\/v2\/users\/174"}],"replies":[{"embeddable":true,"href":"https:\/\/help.unhcr.org\/ecuador\/wp-json\/wp\/v2\/comments?post=2562"}],"version-history":[{"count":19,"href":"https:\/\/help.unhcr.org\/ecuador\/wp-json\/wp\/v2\/pages\/2562\/revisions"}],"predecessor-version":[{"id":6126,"href":"https:\/\/help.unhcr.org\/ecuador\/wp-json\/wp\/v2\/pages\/2562\/revisions\/6126"}],"up":[{"embeddable":true,"href":"https:\/\/help.unhcr.org\/ecuador\/wp-json\/wp\/v2\/pages\/1401"}],"wp:attachment":[{"href":"https:\/\/help.unhcr.org\/ecuador\/wp-json\/wp\/v2\/media?parent=2562"}],"curies":[{"name":"wp","href":"https:\/\/api.w.org\/{rel}","templated":true}]}}