{"id":2471,"date":"2021-03-25T17:46:09","date_gmt":"2021-03-25T17:46:09","guid":{"rendered":"http:\/\/help.unhcr.org\/ecuador\/?page_id=2471"},"modified":"2021-04-16T17:19:31","modified_gmt":"2021-04-16T17:19:31","slug":"servicios-bancarios","status":"publish","type":"page","link":"https:\/\/help.unhcr.org\/ecuador\/bienvenido-a\/recursos-informativos\/materiales-de-comunicacion\/servicios-bancarios\/","title":{"rendered":"Servicios bancarios"},"content":{"rendered":"\n<p>En esta p\u00e1gina podr\u00e1s encontrar&nbsp;? materiales de comunicaci\u00f3n relacionados al acceso a servicios bancarios. Si quieres m\u00e1s informaci\u00f3n ingresa en esta p\u00e1gina:&nbsp;<a href=\"https:\/\/help.unhcr.org\/ecuador\/bienvenido-a\/acceso-a-la-condicion-de-personas-refugiada-asilo-y-tramites-migratorios\/\">Servicios bancarios<\/a> No olvides&nbsp;<strong>compartir ?<\/strong> <strong>esta informaci\u00f3n con tu comunidad.<\/strong><\/p>\n\n\n\n<ul class=\"wp-block-list\"><li>Descarga el video con informaci\u00f3n sobre c\u00f3mo abrir una cuenta bancaria en <a href=\"https:\/\/drive.google.com\/file\/d\/1iym0yAwgBpDIczU3YCto0DPqXUBLsLgz\/view?usp=sharing\">acceso a cuentas<\/a>. <\/li><\/ul>\n\n\n\n<figure class=\"wp-block-image size-large is-resized\"><img loading=\"lazy\" decoding=\"async\" src=\"https:\/\/help.unhcr.org\/ecuador\/wp-content\/uploads\/sites\/34\/2021\/04\/image1.png\" alt=\"\" class=\"wp-image-2696\" width=\"304\" height=\"152\" srcset=\"https:\/\/help.unhcr.org\/ecuador\/wp-content\/uploads\/sites\/34\/2021\/04\/image1.png 899w, https:\/\/help.unhcr.org\/ecuador\/wp-content\/uploads\/sites\/34\/2021\/04\/image1-300x151.png 300w, https:\/\/help.unhcr.org\/ecuador\/wp-content\/uploads\/sites\/34\/2021\/04\/image1-768x385.png 768w\" sizes=\"auto, (max-width: 304px) 100vw, 304px\" \/><\/figure>\n\n\n\n<ul class=\"wp-block-list\"><li>Descarga el video con consejos sobre el buen uso de la banca en l\u00ednea en <a href=\"https:\/\/drive.google.com\/file\/d\/1CX4zN5TQCo152A7_kfY9_uQal0ClaTfu\/view?usp=sharing\" data-type=\"URL\" data-id=\"https:\/\/drive.google.com\/file\/d\/1CX4zN5TQCo152A7_kfY9_uQal0ClaTfu\/view?usp=sharing\">seguridad digital<\/a>.<\/li><\/ul>\n\n\n\n<figure class=\"wp-block-image size-large is-resized\"><img loading=\"lazy\" decoding=\"async\" src=\"https:\/\/help.unhcr.org\/ecuador\/wp-content\/uploads\/sites\/34\/2021\/04\/image2.png\" alt=\"\" class=\"wp-image-2699\" width=\"304\" height=\"171\" srcset=\"https:\/\/help.unhcr.org\/ecuador\/wp-content\/uploads\/sites\/34\/2021\/04\/image2.png 716w, https:\/\/help.unhcr.org\/ecuador\/wp-content\/uploads\/sites\/34\/2021\/04\/image2-300x170.png 300w\" sizes=\"auto, (max-width: 304px) 100vw, 304px\" \/><\/figure>\n\n\n\n<ul class=\"wp-block-list\"><li>Descarga el video sobre la apertura de cuentas bancarias para personas en movilidad humana dirigido a personas que trabajan en bancos y cooperativas en <a href=\"https:\/\/drive.google.com\/file\/d\/1Z_Brs6aWghUWfBSY-kiE8DEWkMNdP_Gt\/view?usp=sharing\">informaci\u00f3n para funcionarios de bancos<\/a>.<\/li><\/ul>\n\n\n\n<figure class=\"wp-block-image size-large is-resized\"><img loading=\"lazy\" decoding=\"async\" src=\"https:\/\/help.unhcr.org\/ecuador\/wp-content\/uploads\/sites\/34\/2021\/04\/image3.png\" alt=\"\" class=\"wp-image-2702\" width=\"306\" height=\"196\" srcset=\"https:\/\/help.unhcr.org\/ecuador\/wp-content\/uploads\/sites\/34\/2021\/04\/image3.png 706w, https:\/\/help.unhcr.org\/ecuador\/wp-content\/uploads\/sites\/34\/2021\/04\/image3-300x193.png 300w\" sizes=\"auto, (max-width: 306px) 100vw, 306px\" \/><\/figure>\n","protected":false},"excerpt":{"rendered":"<p>En esta p\u00e1gina podr\u00e1s encontrar&nbsp;? materiales de comunicaci\u00f3n relacionados al acceso a servicios bancarios. Si quieres m\u00e1s informaci\u00f3n ingresa en esta p\u00e1gina:&nbsp;Servicios bancarios No olvides&nbsp;compartir ? esta informaci\u00f3n con tu comunidad. Descarga el video con informaci\u00f3n sobre c\u00f3mo abrir una cuenta bancaria en acceso a cuentas. Descarga el video con consejos sobre el buen uso [&hellip;]<\/p>\n","protected":false},"author":174,"featured_media":0,"parent":1900,"menu_order":10,"comment_status":"closed","ping_status":"closed","template":"","meta":{"_acf_changed":false,"footnotes":""},"class_list":["post-2471","page","type-page","status-publish","hentry"],"acf":[],"_links":{"self":[{"href":"https:\/\/help.unhcr.org\/ecuador\/wp-json\/wp\/v2\/pages\/2471","targetHints":{"allow":["GET"]}}],"collection":[{"href":"https:\/\/help.unhcr.org\/ecuador\/wp-json\/wp\/v2\/pages"}],"about":[{"href":"https:\/\/help.unhcr.org\/ecuador\/wp-json\/wp\/v2\/types\/page"}],"author":[{"embeddable":true,"href":"https:\/\/help.unhcr.org\/ecuador\/wp-json\/wp\/v2\/users\/174"}],"replies":[{"embeddable":true,"href":"https:\/\/help.unhcr.org\/ecuador\/wp-json\/wp\/v2\/comments?post=2471"}],"version-history":[{"count":6,"href":"https:\/\/help.unhcr.org\/ecuador\/wp-json\/wp\/v2\/pages\/2471\/revisions"}],"predecessor-version":[{"id":2706,"href":"https:\/\/help.unhcr.org\/ecuador\/wp-json\/wp\/v2\/pages\/2471\/revisions\/2706"}],"up":[{"embeddable":true,"href":"https:\/\/help.unhcr.org\/ecuador\/wp-json\/wp\/v2\/pages\/1900"}],"wp:attachment":[{"href":"https:\/\/help.unhcr.org\/ecuador\/wp-json\/wp\/v2\/media?parent=2471"}],"curies":[{"name":"wp","href":"https:\/\/api.w.org\/{rel}","templated":true}]}}