{"id":2308,"date":"2021-02-24T21:48:09","date_gmt":"2021-02-24T21:48:09","guid":{"rendered":"http:\/\/help.unhcr.org\/ecuador\/?page_id=2308"},"modified":"2026-03-26T14:20:52","modified_gmt":"2026-03-26T14:20:52","slug":"que-es-la-violencia-de-genero","status":"publish","type":"page","link":"https:\/\/help.unhcr.org\/ecuador\/bienvenido-a\/violencia-de-genero-explotacion-y-abuso-sexual\/que-es-la-violencia-de-genero\/","title":{"rendered":"\u00bfQu\u00e9 es la violencia de g\u00e9nero, y donde buscar ayuda?"},"content":{"rendered":"\n<figure class=\"wp-block-embed is-type-video is-provider-youtube wp-block-embed-youtube wp-embed-aspect-16-9 wp-has-aspect-ratio\"><div class=\"wp-block-embed__wrapper\">\n<iframe loading=\"lazy\" title=\"Informaci\u00f3n para sobrevivientes de violencia basada en g\u00e9nero en Ecuador\" width=\"640\" height=\"360\" src=\"https:\/\/www.youtube.com\/embed\/2uOOqRepp90?feature=oembed\" frameborder=\"0\" allow=\"accelerometer; autoplay; clipboard-write; encrypted-media; gyroscope; picture-in-picture; web-share\" referrerpolicy=\"strict-origin-when-cross-origin\" allowfullscreen><\/iframe>\n<\/div><\/figure>\n\n\n\n<p>La violencia de g\u00e9nero es todo acto que se ejerce contra una persona debido a su identidad de g\u00e9nero. Mujeres y personas LGBTI+ son las principales v\u00edctimas.<\/p>\n\n\n\n<p>Se produce en muchos espacios como la casa, los establecimientos educativos, los trabajos y otros m\u00e1s, los agresores principalmente son personas cercanas.<\/p>\n\n\n\n<p><strong>Conoce los tipos de violencia:<\/strong><\/p>\n\n\n\n<p>? <strong>F\u00edsica:<\/strong> Se manifiesta en golpes o cualquier acci\u00f3n que cause da\u00f1o o sufrimiento f\u00edsico. Este tipo de violencia puede terminar en un intento de femicidio.<\/p>\n\n\n\n<p>? <strong>Psicol\u00f3gica: <\/strong>Del total de las mujeres que han sufrido violencia de g\u00e9nero, la mitad indica que vivi\u00f3 violencia psicol\u00f3gica.&nbsp; Esta se puede manifestar en insultos, manipulaci\u00f3n, humillaci\u00f3n y cualquier acto que tiene como fin causar da\u00f1o emocional.<\/p>\n\n\n\n<p>? <strong>Sexual: <\/strong>En Ecuador 1 de 4 mujeres ha vivido violencia sexual, esta se manifiesta en acoso o abuso sexual, manoseos, realizaci\u00f3n de materiales pornogr\u00e1ficos, violaci\u00f3n y todo acto sexual que no ha sido voluntario o que se consigue por medio de la fuerza o la manipulaci\u00f3n.<\/p>\n\n\n\n<p>\u26a0\ufe0f Recuerda que los servicios de salud y de protecci\u00f3n contra la violencia de g\u00e9nero en el Ecuador son gratuitos y todas las personas \u2013independientemente de su nacionalidad y sin importar si tienen o no documentos \u2013 tienen derecho a acceder a estos. <\/p>\n\n\n\n<p>\u2139\ufe0fPara m\u00e1s informaci\u00f3n puedes comunicarte a la l\u00ednea de atenci\u00f3n \u00fanica de ACNUR \u00a0<a href=\"https:\/\/api.whatsapp.com\/send\/?phone=59323420120&amp;text&amp;type=phone_number&amp;app_absent=0\">+593 23 42 01 20<\/a>\u00a0<\/p>\n\n\n\n<p>\u2139\ufe0fSi deseas conocer m\u00e1s sobre los centros de atenci\u00f3n, casas de acogida y servicios de atenci\u00f3n integral que existen en Ecuador para sobrevivientes de violencia de g\u00e9nero, puedes revisar este enlace <a href=\"https:\/\/www.derechoshumanos.gob.ec\/subsecretaria-prevencion-y-erradicacion-de-la-violencia-contra-mujeres-ninas-ninos-y-adolescentes\/\" target=\"_blank\" rel=\"noreferrer noopener\">Subsecretar\u00eda Prevenci\u00f3n y Erradicaci\u00f3n de la Violencia contra Mujeres, Ni\u00f1as, Ni\u00f1os y Adolescentes\u2026<\/a>\u00a0<\/p>\n\n\n\n<p>\u2139\ufe0fSi necesitas atenci\u00f3n m\u00e9dica puedes acudir a un hospital o centro de salud p\u00fablico. Si has sido v\u00edctima de violencia sexual debes buscar un hospital o centro de salud inmediatamente y en lo posible<strong>\u202fdentro de las primeras 72 horas<\/strong> despu\u00e9s del incidente para recibir la anticoncepci\u00f3n oral y tratamiento para evitar infecciones transmisibles sexualmente, incluido el VIH.\u00a0<\/p>\n\n\n\n<p>Da click en el link <a href=\"https:\/\/help.unhcr.org\/ecuador\/bienvenido-a\/violencia-de-genero-explotacion-y-abuso-sexual\/servicios-salud\/\">Servicios de salud &#8211; ACNUR Ecuador<\/a> para encontrar informaci\u00f3n de los centros de salud y hospitales que brindan atenci\u00f3n integral en salud a v\u00edctimas de violencia de g\u00e9nero. <\/p>\n\n\n\n<p><\/p>\n","protected":false},"excerpt":{"rendered":"<p>La violencia de g\u00e9nero es todo acto que se ejerce contra una persona debido a su identidad de g\u00e9nero. Mujeres y personas LGBTI+ son las principales v\u00edctimas. Se produce en muchos espacios como la casa, los establecimientos educativos, los trabajos y otros m\u00e1s, los agresores principalmente son personas cercanas. Conoce los tipos de violencia: ? [&hellip;]<\/p>\n","protected":false},"author":174,"featured_media":0,"parent":876,"menu_order":0,"comment_status":"closed","ping_status":"closed","template":"","meta":{"_acf_changed":false,"footnotes":""},"class_list":["post-2308","page","type-page","status-publish","hentry"],"acf":[],"_links":{"self":[{"href":"https:\/\/help.unhcr.org\/ecuador\/wp-json\/wp\/v2\/pages\/2308","targetHints":{"allow":["GET"]}}],"collection":[{"href":"https:\/\/help.unhcr.org\/ecuador\/wp-json\/wp\/v2\/pages"}],"about":[{"href":"https:\/\/help.unhcr.org\/ecuador\/wp-json\/wp\/v2\/types\/page"}],"author":[{"embeddable":true,"href":"https:\/\/help.unhcr.org\/ecuador\/wp-json\/wp\/v2\/users\/174"}],"replies":[{"embeddable":true,"href":"https:\/\/help.unhcr.org\/ecuador\/wp-json\/wp\/v2\/comments?post=2308"}],"version-history":[{"count":14,"href":"https:\/\/help.unhcr.org\/ecuador\/wp-json\/wp\/v2\/pages\/2308\/revisions"}],"predecessor-version":[{"id":6062,"href":"https:\/\/help.unhcr.org\/ecuador\/wp-json\/wp\/v2\/pages\/2308\/revisions\/6062"}],"up":[{"embeddable":true,"href":"https:\/\/help.unhcr.org\/ecuador\/wp-json\/wp\/v2\/pages\/876"}],"wp:attachment":[{"href":"https:\/\/help.unhcr.org\/ecuador\/wp-json\/wp\/v2\/media?parent=2308"}],"curies":[{"name":"wp","href":"https:\/\/api.w.org\/{rel}","templated":true}]}}