{"id":2211,"date":"2021-02-04T16:46:02","date_gmt":"2021-02-04T16:46:02","guid":{"rendered":"http:\/\/help.unhcr.org\/ecuador\/?page_id=2211"},"modified":"2025-12-14T20:41:04","modified_gmt":"2025-12-14T20:41:04","slug":"naturalizacion","status":"publish","type":"page","link":"https:\/\/help.unhcr.org\/ecuador\/bienvenido-a\/alternativas-migratorias\/naturalizacion\/","title":{"rendered":"Naturalizaci\u00f3n"},"content":{"rendered":"\n<p>\u2705 La naturalizaci\u00f3n es el proceso para obtener la nacionalidad ecuatoriana. Para personas solicitantes de la condici\u00f3n de refugiado o personas reconocidas como refugiadas, pueden naturalizarse si&nbsp;han permanecido en el pa\u00eds de forma regular por m\u00e1s de 2 a\u00f1os consecutivos.&nbsp;<\/p>\n\n\n\n<p>Puedes encontrar m\u00e1s informaci\u00f3n sobre los requisitos y tr\u00e1mite para la naturalizaci\u00f3n de solicitantes de la condici\u00f3n de refugiado o personas refugiadas en <a href=\"https:\/\/www.gob.ec\/\" target=\"_blank\" rel=\"noreferrer noopener\">www.gob.ec<\/a>, en el tr\u00e1mite <a href=\"https:\/\/www.gob.ec\/mremh\/tramites\/obtencion-nacionalidad-ecuatoriana-carta-naturalizacion-refugiados-apatridas\" target=\"_blank\" rel=\"noreferrer noopener\"><strong>\u201cObtenci\u00f3n de nacionalidad ecuatoriana por carta de naturalizaci\u00f3n para refugiados y ap\u00e1tridas\u201d.<\/strong><\/a>&nbsp;<\/p>\n\n\n\n<p>? Recuerda que puedes solicitar asesor\u00eda legal gratuita, puedes comunicarte con en la <a href=\"https:\/\/help.unhcr.org\/ecuador\/defensoria-publica\/\" target=\"_blank\" rel=\"noreferrer noopener\">Defensor\u00eda P\u00fablica&nbsp;<\/a>&nbsp;<\/p>\n","protected":false},"excerpt":{"rendered":"<p>\u2705 La naturalizaci\u00f3n es el proceso para obtener la nacionalidad ecuatoriana. Para personas solicitantes de la condici\u00f3n de refugiado o personas reconocidas como refugiadas, pueden naturalizarse si&nbsp;han permanecido en el pa\u00eds de forma regular por m\u00e1s de 2 a\u00f1os consecutivos.&nbsp; Puedes encontrar m\u00e1s informaci\u00f3n sobre los requisitos y tr\u00e1mite para la naturalizaci\u00f3n de solicitantes de [&hellip;]<\/p>\n","protected":false},"author":174,"featured_media":0,"parent":104,"menu_order":4,"comment_status":"closed","ping_status":"closed","template":"","meta":{"_acf_changed":false,"footnotes":""},"class_list":["post-2211","page","type-page","status-publish","hentry"],"acf":[],"_links":{"self":[{"href":"https:\/\/help.unhcr.org\/ecuador\/wp-json\/wp\/v2\/pages\/2211","targetHints":{"allow":["GET"]}}],"collection":[{"href":"https:\/\/help.unhcr.org\/ecuador\/wp-json\/wp\/v2\/pages"}],"about":[{"href":"https:\/\/help.unhcr.org\/ecuador\/wp-json\/wp\/v2\/types\/page"}],"author":[{"embeddable":true,"href":"https:\/\/help.unhcr.org\/ecuador\/wp-json\/wp\/v2\/users\/174"}],"replies":[{"embeddable":true,"href":"https:\/\/help.unhcr.org\/ecuador\/wp-json\/wp\/v2\/comments?post=2211"}],"version-history":[{"count":12,"href":"https:\/\/help.unhcr.org\/ecuador\/wp-json\/wp\/v2\/pages\/2211\/revisions"}],"predecessor-version":[{"id":6028,"href":"https:\/\/help.unhcr.org\/ecuador\/wp-json\/wp\/v2\/pages\/2211\/revisions\/6028"}],"up":[{"embeddable":true,"href":"https:\/\/help.unhcr.org\/ecuador\/wp-json\/wp\/v2\/pages\/104"}],"wp:attachment":[{"href":"https:\/\/help.unhcr.org\/ecuador\/wp-json\/wp\/v2\/media?parent=2211"}],"curies":[{"name":"wp","href":"https:\/\/api.w.org\/{rel}","templated":true}]}}