{"id":2050,"date":"2021-01-28T16:33:55","date_gmt":"2021-01-28T16:33:55","guid":{"rendered":"http:\/\/help.unhcr.org\/ecuador\/?page_id=2050"},"modified":"2021-03-25T19:25:41","modified_gmt":"2021-03-25T19:25:41","slug":"visas-y-alternativas-migratorias","status":"publish","type":"page","link":"https:\/\/help.unhcr.org\/ecuador\/bienvenido-a\/recursos-informativos\/materiales-de-comunicacion\/visas-y-alternativas-migratorias\/","title":{"rendered":"Visas y alternativas migratorias"},"content":{"rendered":"\n<p>En esta p\u00e1gina podr\u00e1s encontrar&nbsp;? materiales de comunicaci\u00f3n con informaci\u00f3n sobre visas y alternativas migratorias. Si quieres m\u00e1s informaci\u00f3n ingresa en esta p\u00e1gina: <a href=\"https:\/\/help.unhcr.org\/ecuador\/bienvenido-a\/alternativas-migratorias\/\">Visas<\/a>.&nbsp; No olvides&nbsp;<strong>compartir ?<\/strong> <strong>esta informaci\u00f3n con tu comunidad.<\/strong><\/p>\n","protected":false},"excerpt":{"rendered":"<p>En esta p\u00e1gina podr\u00e1s encontrar&nbsp;? materiales de comunicaci\u00f3n con informaci\u00f3n sobre visas y alternativas migratorias. Si quieres m\u00e1s informaci\u00f3n ingresa en esta p\u00e1gina: Visas.&nbsp; No olvides&nbsp;compartir ? esta informaci\u00f3n con tu comunidad.<\/p>\n","protected":false},"author":174,"featured_media":0,"parent":1900,"menu_order":3,"comment_status":"closed","ping_status":"closed","template":"page-templates\/sectioned.php","meta":{"_acf_changed":false,"footnotes":""},"class_list":["post-2050","page","type-page","status-publish","hentry"],"acf":[],"_links":{"self":[{"href":"https:\/\/help.unhcr.org\/ecuador\/wp-json\/wp\/v2\/pages\/2050","targetHints":{"allow":["GET"]}}],"collection":[{"href":"https:\/\/help.unhcr.org\/ecuador\/wp-json\/wp\/v2\/pages"}],"about":[{"href":"https:\/\/help.unhcr.org\/ecuador\/wp-json\/wp\/v2\/types\/page"}],"author":[{"embeddable":true,"href":"https:\/\/help.unhcr.org\/ecuador\/wp-json\/wp\/v2\/users\/174"}],"replies":[{"embeddable":true,"href":"https:\/\/help.unhcr.org\/ecuador\/wp-json\/wp\/v2\/comments?post=2050"}],"version-history":[{"count":10,"href":"https:\/\/help.unhcr.org\/ecuador\/wp-json\/wp\/v2\/pages\/2050\/revisions"}],"predecessor-version":[{"id":2525,"href":"https:\/\/help.unhcr.org\/ecuador\/wp-json\/wp\/v2\/pages\/2050\/revisions\/2525"}],"up":[{"embeddable":true,"href":"https:\/\/help.unhcr.org\/ecuador\/wp-json\/wp\/v2\/pages\/1900"}],"wp:attachment":[{"href":"https:\/\/help.unhcr.org\/ecuador\/wp-json\/wp\/v2\/media?parent=2050"}],"curies":[{"name":"wp","href":"https:\/\/api.w.org\/{rel}","templated":true}]}}