{"id":2044,"date":"2021-01-28T16:10:53","date_gmt":"2021-01-28T16:10:53","guid":{"rendered":"http:\/\/help.unhcr.org\/ecuador\/?page_id=2044"},"modified":"2021-04-22T23:29:00","modified_gmt":"2021-04-22T23:29:00","slug":"refugio","status":"publish","type":"page","link":"https:\/\/help.unhcr.org\/ecuador\/bienvenido-a\/recursos-informativos\/materiales-de-comunicacion\/refugio\/","title":{"rendered":"Refugio"},"content":{"rendered":"\n<p>En esta p\u00e1gina podr\u00e1s encontrar&nbsp;? materiales de comunicaci\u00f3n con informaci\u00f3n sobre refugio. Si quieres m\u00e1s informaci\u00f3n ingresa en esta p\u00e1gina:&nbsp;<a href=\"https:\/\/help.unhcr.org\/ecuador\/bienvenido-a\/acceso-a-la-condicion-de-personas-refugiada-asilo-y-tramites-migratorios\/\">Refugio.<\/a> No olvides&nbsp;<strong>compartir ?<\/strong> <strong>esta informaci\u00f3n con tu comunidad.<\/strong><\/p>\n","protected":false},"excerpt":{"rendered":"<p>En esta p\u00e1gina podr\u00e1s encontrar&nbsp;? materiales de comunicaci\u00f3n con informaci\u00f3n sobre refugio. Si quieres m\u00e1s informaci\u00f3n ingresa en esta p\u00e1gina:&nbsp;Refugio. No olvides&nbsp;compartir ? esta informaci\u00f3n con tu comunidad.<\/p>\n","protected":false},"author":174,"featured_media":0,"parent":1900,"menu_order":2,"comment_status":"closed","ping_status":"closed","template":"page-templates\/sectioned.php","meta":{"_acf_changed":false,"footnotes":""},"class_list":["post-2044","page","type-page","status-publish","hentry"],"acf":[],"_links":{"self":[{"href":"https:\/\/help.unhcr.org\/ecuador\/wp-json\/wp\/v2\/pages\/2044","targetHints":{"allow":["GET"]}}],"collection":[{"href":"https:\/\/help.unhcr.org\/ecuador\/wp-json\/wp\/v2\/pages"}],"about":[{"href":"https:\/\/help.unhcr.org\/ecuador\/wp-json\/wp\/v2\/types\/page"}],"author":[{"embeddable":true,"href":"https:\/\/help.unhcr.org\/ecuador\/wp-json\/wp\/v2\/users\/174"}],"replies":[{"embeddable":true,"href":"https:\/\/help.unhcr.org\/ecuador\/wp-json\/wp\/v2\/comments?post=2044"}],"version-history":[{"count":13,"href":"https:\/\/help.unhcr.org\/ecuador\/wp-json\/wp\/v2\/pages\/2044\/revisions"}],"predecessor-version":[{"id":2743,"href":"https:\/\/help.unhcr.org\/ecuador\/wp-json\/wp\/v2\/pages\/2044\/revisions\/2743"}],"up":[{"embeddable":true,"href":"https:\/\/help.unhcr.org\/ecuador\/wp-json\/wp\/v2\/pages\/1900"}],"wp:attachment":[{"href":"https:\/\/help.unhcr.org\/ecuador\/wp-json\/wp\/v2\/media?parent=2044"}],"curies":[{"name":"wp","href":"https:\/\/api.w.org\/{rel}","templated":true}]}}