{"id":2008,"date":"2021-01-27T16:20:13","date_gmt":"2021-01-27T16:20:13","guid":{"rendered":"http:\/\/help.unhcr.org\/ecuador\/?page_id=2008"},"modified":"2021-03-25T19:50:47","modified_gmt":"2021-03-25T19:50:47","slug":"estafa","status":"publish","type":"page","link":"https:\/\/help.unhcr.org\/ecuador\/bienvenido-a\/recursos-informativos\/materiales-de-comunicacion\/estafa\/","title":{"rendered":"Prevenci\u00f3n de la estafa"},"content":{"rendered":"\n<p>En esta p\u00e1gina podr\u00e1s encontrar&nbsp;?&nbsp;materiales de comunicaci\u00f3n sobre prevenci\u00f3n de la estafa. No olvides&nbsp;? <strong>compartir esta informaci\u00f3n con tu comunidad.<\/strong><\/p>\n\n\n\n<ul class=\"wp-block-list\"><li>Para obtener esta imagen presiona en <a href=\"http:\/\/bit.ly\/Estafa1\">prevenci\u00f3n del fraude &#8211; canales oficiales de ACNUR.<\/a><\/li><\/ul>\n\n\n\n<figure class=\"wp-block-image\"><img loading=\"lazy\" decoding=\"async\" width=\"300\" height=\"300\" src=\"https:\/\/help.unhcr.org\/ecuador\/wp-content\/uploads\/sites\/34\/2021\/01\/ESTAFA-02-300x300.png\" alt=\"\" class=\"wp-image-2014\" srcset=\"https:\/\/help.unhcr.org\/ecuador\/wp-content\/uploads\/sites\/34\/2021\/01\/ESTAFA-02-300x300.png 300w, https:\/\/help.unhcr.org\/ecuador\/wp-content\/uploads\/sites\/34\/2021\/01\/ESTAFA-02-1024x1024.png 1024w, https:\/\/help.unhcr.org\/ecuador\/wp-content\/uploads\/sites\/34\/2021\/01\/ESTAFA-02-150x150.png 150w, https:\/\/help.unhcr.org\/ecuador\/wp-content\/uploads\/sites\/34\/2021\/01\/ESTAFA-02-768x768.png 768w, https:\/\/help.unhcr.org\/ecuador\/wp-content\/uploads\/sites\/34\/2021\/01\/ESTAFA-02-1536x1536.png 1536w, https:\/\/help.unhcr.org\/ecuador\/wp-content\/uploads\/sites\/34\/2021\/01\/ESTAFA-02-2048x2048.png 2048w\" sizes=\"auto, (max-width: 300px) 100vw, 300px\" \/><\/figure>\n\n\n\n<ul class=\"wp-block-list\"><li>Para obtener este video presiona en<a href=\"http:\/\/bit.ly\/Estafavid1\"> prevenci\u00f3n del fraude &#8211; canales oficiales de ACNUR.<\/a> <\/li><\/ul>\n\n\n\n<ul class=\"wp-block-list\"><li>Descarga esta imagen presionando en <a href=\"http:\/\/bit.ly\/EstafaRea\">prevenci\u00f3n de la estafa en el proceso de reasentamiento.<\/a><\/li><\/ul>\n\n\n\n<figure class=\"wp-block-image\"><img loading=\"lazy\" decoding=\"async\" width=\"300\" height=\"300\" src=\"https:\/\/help.unhcr.org\/ecuador\/wp-content\/uploads\/sites\/34\/2021\/01\/RST-ESTAFA_Mesa-de-trabajo-1-300x300.png\" alt=\"\" class=\"wp-image-2016\" srcset=\"https:\/\/help.unhcr.org\/ecuador\/wp-content\/uploads\/sites\/34\/2021\/01\/RST-ESTAFA_Mesa-de-trabajo-1-300x300.png 300w, https:\/\/help.unhcr.org\/ecuador\/wp-content\/uploads\/sites\/34\/2021\/01\/RST-ESTAFA_Mesa-de-trabajo-1-1024x1024.png 1024w, https:\/\/help.unhcr.org\/ecuador\/wp-content\/uploads\/sites\/34\/2021\/01\/RST-ESTAFA_Mesa-de-trabajo-1-150x150.png 150w, https:\/\/help.unhcr.org\/ecuador\/wp-content\/uploads\/sites\/34\/2021\/01\/RST-ESTAFA_Mesa-de-trabajo-1-768x768.png 768w, https:\/\/help.unhcr.org\/ecuador\/wp-content\/uploads\/sites\/34\/2021\/01\/RST-ESTAFA_Mesa-de-trabajo-1-1536x1536.png 1536w, https:\/\/help.unhcr.org\/ecuador\/wp-content\/uploads\/sites\/34\/2021\/01\/RST-ESTAFA_Mesa-de-trabajo-1-2048x2048.png 2048w\" sizes=\"auto, (max-width: 300px) 100vw, 300px\" \/><\/figure>\n\n\n\n<ul class=\"wp-block-list\"><li>Descarga esta imagen presionando en <a href=\"http:\/\/bit.ly\/Estafadatos\">prevenci\u00f3n de la estafa a trav\u00e9s de la entrega de datos.<\/a><\/li><\/ul>\n\n\n\n<figure class=\"wp-block-image\"><img loading=\"lazy\" decoding=\"async\" width=\"298\" height=\"300\" src=\"https:\/\/help.unhcr.org\/ecuador\/wp-content\/uploads\/sites\/34\/2021\/01\/Captura4-298x300.png\" alt=\"\" class=\"wp-image-2018\" srcset=\"https:\/\/help.unhcr.org\/ecuador\/wp-content\/uploads\/sites\/34\/2021\/01\/Captura4-298x300.png 298w, https:\/\/help.unhcr.org\/ecuador\/wp-content\/uploads\/sites\/34\/2021\/01\/Captura4-150x150.png 150w, https:\/\/help.unhcr.org\/ecuador\/wp-content\/uploads\/sites\/34\/2021\/01\/Captura4-768x773.png 768w, https:\/\/help.unhcr.org\/ecuador\/wp-content\/uploads\/sites\/34\/2021\/01\/Captura4.png 841w\" sizes=\"auto, (max-width: 298px) 100vw, 298px\" \/><\/figure>\n\n\n\n<ul class=\"wp-block-list\"><li>Descarga este video presionando en <a href=\"http:\/\/bit.ly\/EstafaVideo2\">prevenci\u00f3n de la estafa a trav\u00e9s de la entrega de datos<\/a>. <\/li><\/ul>\n\n\n\n<div class=\"wp-block-image\"><figure class=\"alignleft size-large is-resized\"><img loading=\"lazy\" decoding=\"async\" src=\"https:\/\/help.unhcr.org\/ecuador\/wp-content\/uploads\/sites\/34\/2021\/03\/image1.png\" alt=\"\" class=\"wp-image-2547\" width=\"305\" height=\"190\" srcset=\"https:\/\/help.unhcr.org\/ecuador\/wp-content\/uploads\/sites\/34\/2021\/03\/image1.png 819w, https:\/\/help.unhcr.org\/ecuador\/wp-content\/uploads\/sites\/34\/2021\/03\/image1-300x188.png 300w, https:\/\/help.unhcr.org\/ecuador\/wp-content\/uploads\/sites\/34\/2021\/03\/image1-768x480.png 768w\" sizes=\"auto, (max-width: 305px) 100vw, 305px\" \/><\/figure><\/div>\n","protected":false},"excerpt":{"rendered":"<p>En esta p\u00e1gina podr\u00e1s encontrar&nbsp;?&nbsp;materiales de comunicaci\u00f3n sobre prevenci\u00f3n de la estafa. No olvides&nbsp;? compartir esta informaci\u00f3n con tu comunidad. Para obtener esta imagen presiona en prevenci\u00f3n del fraude &#8211; canales oficiales de ACNUR. Para obtener este video presiona en prevenci\u00f3n del fraude &#8211; canales oficiales de ACNUR. Descarga esta imagen presionando en prevenci\u00f3n de [&hellip;]<\/p>\n","protected":false},"author":174,"featured_media":0,"parent":1900,"menu_order":13,"comment_status":"closed","ping_status":"closed","template":"page-templates\/listing_page.php","meta":{"_acf_changed":false,"footnotes":""},"class_list":["post-2008","page","type-page","status-publish","hentry"],"acf":[],"_links":{"self":[{"href":"https:\/\/help.unhcr.org\/ecuador\/wp-json\/wp\/v2\/pages\/2008","targetHints":{"allow":["GET"]}}],"collection":[{"href":"https:\/\/help.unhcr.org\/ecuador\/wp-json\/wp\/v2\/pages"}],"about":[{"href":"https:\/\/help.unhcr.org\/ecuador\/wp-json\/wp\/v2\/types\/page"}],"author":[{"embeddable":true,"href":"https:\/\/help.unhcr.org\/ecuador\/wp-json\/wp\/v2\/users\/174"}],"replies":[{"embeddable":true,"href":"https:\/\/help.unhcr.org\/ecuador\/wp-json\/wp\/v2\/comments?post=2008"}],"version-history":[{"count":13,"href":"https:\/\/help.unhcr.org\/ecuador\/wp-json\/wp\/v2\/pages\/2008\/revisions"}],"predecessor-version":[{"id":2550,"href":"https:\/\/help.unhcr.org\/ecuador\/wp-json\/wp\/v2\/pages\/2008\/revisions\/2550"}],"up":[{"embeddable":true,"href":"https:\/\/help.unhcr.org\/ecuador\/wp-json\/wp\/v2\/pages\/1900"}],"wp:attachment":[{"href":"https:\/\/help.unhcr.org\/ecuador\/wp-json\/wp\/v2\/media?parent=2008"}],"curies":[{"name":"wp","href":"https:\/\/api.w.org\/{rel}","templated":true}]}}