{"id":2001,"date":"2021-01-27T04:34:07","date_gmt":"2021-01-27T04:34:07","guid":{"rendered":"http:\/\/help.unhcr.org\/ecuador\/?page_id=2001"},"modified":"2021-03-24T23:14:28","modified_gmt":"2021-03-24T23:14:28","slug":"apoyo-personas-lgbti","status":"publish","type":"page","link":"https:\/\/help.unhcr.org\/ecuador\/bienvenido-a\/recursos-informativos\/materiales-de-comunicacion\/apoyo-personas-lgbti\/","title":{"rendered":"Apoyo personas LGBTI+"},"content":{"rendered":"\n<p>En esta p\u00e1gina podr\u00e1s encontrar&nbsp;? materiales de comunicaci\u00f3n sobre apoyo a personas LGBTI+. Si quieres m\u00e1s informaci\u00f3n ingresa en esta p\u00e1gina: <a href=\"https:\/\/help.unhcr.org\/ecuador\/bienvenido-a\/apoyo-lgbti\/\">Apoyo a personas LGBTI+<\/a>.&nbsp;No olvides&nbsp;? <strong>compartir esta informaci\u00f3n con tu comunidad.<\/strong><\/p>\n\n\n\n<ul class=\"wp-block-list\"><li>Para obtener este tr\u00edptico sobre las personas LGBTI+ migrantes y refugiadas presiona en <a href=\"http:\/\/bit.ly\/TripticoLGBTI\">\u00bfQu\u00e9 significa ser una persona LGBTI+ refugiada y migrante?<\/a><\/li><\/ul>\n\n\n\n<figure class=\"wp-block-image\"><img loading=\"lazy\" decoding=\"async\" width=\"300\" height=\"213\" src=\"https:\/\/help.unhcr.org\/ecuador\/wp-content\/uploads\/sites\/34\/2021\/01\/Captura12-300x213.png\" alt=\"\" class=\"wp-image-2002\" srcset=\"https:\/\/help.unhcr.org\/ecuador\/wp-content\/uploads\/sites\/34\/2021\/01\/Captura12-300x213.png 300w, https:\/\/help.unhcr.org\/ecuador\/wp-content\/uploads\/sites\/34\/2021\/01\/Captura12-768x547.png 768w, https:\/\/help.unhcr.org\/ecuador\/wp-content\/uploads\/sites\/34\/2021\/01\/Captura12.png 978w\" sizes=\"auto, (max-width: 300px) 100vw, 300px\" \/><\/figure>\n\n\n\n<ul class=\"wp-block-list\"><li>Para descargar esta tarjeta presiona en <a href=\"http:\/\/bit.ly\/DerechosLgbti\">derechos de las personas LGBTI+<\/a>. <\/li><\/ul>\n\n\n\n<figure class=\"wp-block-image\"><img loading=\"lazy\" decoding=\"async\" width=\"300\" height=\"300\" src=\"https:\/\/help.unhcr.org\/ecuador\/wp-content\/uploads\/sites\/34\/2021\/01\/Card_-LGBTI-300x300.png\" alt=\"\" class=\"wp-image-2004\" srcset=\"https:\/\/help.unhcr.org\/ecuador\/wp-content\/uploads\/sites\/34\/2021\/01\/Card_-LGBTI-300x300.png 300w, https:\/\/help.unhcr.org\/ecuador\/wp-content\/uploads\/sites\/34\/2021\/01\/Card_-LGBTI-1024x1024.png 1024w, https:\/\/help.unhcr.org\/ecuador\/wp-content\/uploads\/sites\/34\/2021\/01\/Card_-LGBTI-150x150.png 150w, https:\/\/help.unhcr.org\/ecuador\/wp-content\/uploads\/sites\/34\/2021\/01\/Card_-LGBTI-768x768.png 768w, https:\/\/help.unhcr.org\/ecuador\/wp-content\/uploads\/sites\/34\/2021\/01\/Card_-LGBTI-1536x1536.png 1536w, https:\/\/help.unhcr.org\/ecuador\/wp-content\/uploads\/sites\/34\/2021\/01\/Card_-LGBTI-2048x2048.png 2048w\" sizes=\"auto, (max-width: 300px) 100vw, 300px\" \/><\/figure>\n","protected":false},"excerpt":{"rendered":"<p>En esta p\u00e1gina podr\u00e1s encontrar&nbsp;? materiales de comunicaci\u00f3n sobre apoyo a personas LGBTI+. Si quieres m\u00e1s informaci\u00f3n ingresa en esta p\u00e1gina: Apoyo a personas LGBTI+.&nbsp;No olvides&nbsp;? compartir esta informaci\u00f3n con tu comunidad. Para obtener este tr\u00edptico sobre las personas LGBTI+ migrantes y refugiadas presiona en \u00bfQu\u00e9 significa ser una persona LGBTI+ refugiada y migrante? Para [&hellip;]<\/p>\n","protected":false},"author":174,"featured_media":0,"parent":1900,"menu_order":10,"comment_status":"closed","ping_status":"closed","template":"page-templates\/listing_page.php","meta":{"_acf_changed":false,"footnotes":""},"class_list":["post-2001","page","type-page","status-publish","hentry"],"acf":[],"_links":{"self":[{"href":"https:\/\/help.unhcr.org\/ecuador\/wp-json\/wp\/v2\/pages\/2001","targetHints":{"allow":["GET"]}}],"collection":[{"href":"https:\/\/help.unhcr.org\/ecuador\/wp-json\/wp\/v2\/pages"}],"about":[{"href":"https:\/\/help.unhcr.org\/ecuador\/wp-json\/wp\/v2\/types\/page"}],"author":[{"embeddable":true,"href":"https:\/\/help.unhcr.org\/ecuador\/wp-json\/wp\/v2\/users\/174"}],"replies":[{"embeddable":true,"href":"https:\/\/help.unhcr.org\/ecuador\/wp-json\/wp\/v2\/comments?post=2001"}],"version-history":[{"count":8,"href":"https:\/\/help.unhcr.org\/ecuador\/wp-json\/wp\/v2\/pages\/2001\/revisions"}],"predecessor-version":[{"id":2433,"href":"https:\/\/help.unhcr.org\/ecuador\/wp-json\/wp\/v2\/pages\/2001\/revisions\/2433"}],"up":[{"embeddable":true,"href":"https:\/\/help.unhcr.org\/ecuador\/wp-json\/wp\/v2\/pages\/1900"}],"wp:attachment":[{"href":"https:\/\/help.unhcr.org\/ecuador\/wp-json\/wp\/v2\/media?parent=2001"}],"curies":[{"name":"wp","href":"https:\/\/api.w.org\/{rel}","templated":true}]}}