{"id":1991,"date":"2021-01-27T04:22:36","date_gmt":"2021-01-27T04:22:36","guid":{"rendered":"http:\/\/help.unhcr.org\/ecuador\/?page_id=1991"},"modified":"2021-03-25T19:47:50","modified_gmt":"2021-03-25T19:47:50","slug":"explotacion-y-abuso-sexual","status":"publish","type":"page","link":"https:\/\/help.unhcr.org\/ecuador\/bienvenido-a\/recursos-informativos\/materiales-de-comunicacion\/explotacion-y-abuso-sexual\/","title":{"rendered":"Explotaci\u00f3n y abuso sexual"},"content":{"rendered":"\n<p>En esta p\u00e1gina podr\u00e1s encontrar&nbsp;? materiales de comunicaci\u00f3n sobre explotaci\u00f3n y abuso sexual. Si quieres m\u00e1s informaci\u00f3n ingresa en esta p\u00e1gina: <a href=\"https:\/\/help.unhcr.org\/ecuador\/bienvenido-a\/explotacion-abuso-sexual\/\">Explotaci\u00f3n y abuso sexual por parte de trabajadores humanitarios.<\/a>&nbsp;No olvides&nbsp;? <strong>compartir esta informaci\u00f3n con tu comunidad.<\/strong><\/p>\n\n\n\n<ul class=\"wp-block-list\"><li>Para descargar este video con informaci\u00f3n sobre explotaci\u00f3n y abuso sexual por parte de trabajadores humanitarios presiona en <a href=\"http:\/\/bit.ly\/videoPSEA\">Prevenci\u00f3n explotaci\u00f3n y abuso sexual. <\/a><\/li><\/ul>\n\n\n\n<figure class=\"wp-block-image size-large is-resized\"><img loading=\"lazy\" decoding=\"async\" src=\"https:\/\/help.unhcr.org\/ecuador\/wp-content\/uploads\/sites\/34\/2021\/03\/psea1.png\" alt=\"\" class=\"wp-image-2542\" width=\"265\" height=\"126\" srcset=\"https:\/\/help.unhcr.org\/ecuador\/wp-content\/uploads\/sites\/34\/2021\/03\/psea1.png 872w, https:\/\/help.unhcr.org\/ecuador\/wp-content\/uploads\/sites\/34\/2021\/03\/psea1-300x143.png 300w, https:\/\/help.unhcr.org\/ecuador\/wp-content\/uploads\/sites\/34\/2021\/03\/psea1-768x366.png 768w\" sizes=\"auto, (max-width: 265px) 100vw, 265px\" \/><\/figure>\n\n\n\n<ul class=\"wp-block-list\"><li>Descarga este material presiona en<a href=\"http:\/\/bit.ly\/TripticoPSEA\"> tr\u00edptico explotaci\u00f3n y abuso sexual por parte de trabajadores humanitarios<\/a>.<\/li><\/ul>\n\n\n\n<figure class=\"wp-block-image\"><img loading=\"lazy\" decoding=\"async\" width=\"300\" height=\"212\" src=\"https:\/\/help.unhcr.org\/ecuador\/wp-content\/uploads\/sites\/34\/2021\/01\/Captura3-300x212.png\" alt=\"\" class=\"wp-image-1995\" srcset=\"https:\/\/help.unhcr.org\/ecuador\/wp-content\/uploads\/sites\/34\/2021\/01\/Captura3-300x212.png 300w, https:\/\/help.unhcr.org\/ecuador\/wp-content\/uploads\/sites\/34\/2021\/01\/Captura3-768x543.png 768w, https:\/\/help.unhcr.org\/ecuador\/wp-content\/uploads\/sites\/34\/2021\/01\/Captura3.png 957w\" sizes=\"auto, (max-width: 300px) 100vw, 300px\" \/><\/figure>\n\n\n\n<ul class=\"wp-block-list\"><li>Los materiales de f\u00e1cil lectura est\u00e1n dirigidos para que personas con discapacidad intelectual puedan acceder a la informaci\u00f3n de manera directa. Para descargar este folleto presiona en <a href=\"https:\/\/drive.google.com\/file\/d\/1ve25xLkRF91Wu_-zQ5ue1rjp2J3C7x0Q\/view?usp=sharing\">folleto lectura f\u00e1cil sobre prevenci\u00f3n de explotaci\u00f3n y abuso sexual.<\/a><\/li><\/ul>\n\n\n\n<div class=\"wp-block-image\"><figure class=\"alignleft size-large is-resized\"><img loading=\"lazy\" decoding=\"async\" src=\"https:\/\/help.unhcr.org\/ecuador\/wp-content\/uploads\/sites\/34\/2021\/03\/PSEA.png\" alt=\"\" class=\"wp-image-2436\" width=\"262\" height=\"377\" srcset=\"https:\/\/help.unhcr.org\/ecuador\/wp-content\/uploads\/sites\/34\/2021\/03\/PSEA.png 576w, https:\/\/help.unhcr.org\/ecuador\/wp-content\/uploads\/sites\/34\/2021\/03\/PSEA-208x300.png 208w\" sizes=\"auto, (max-width: 262px) 100vw, 262px\" \/><\/figure><\/div>\n\n\n\n<p><\/p>\n","protected":false},"excerpt":{"rendered":"<p>En esta p\u00e1gina podr\u00e1s encontrar&nbsp;? materiales de comunicaci\u00f3n sobre explotaci\u00f3n y abuso sexual. Si quieres m\u00e1s informaci\u00f3n ingresa en esta p\u00e1gina: Explotaci\u00f3n y abuso sexual por parte de trabajadores humanitarios.&nbsp;No olvides&nbsp;? compartir esta informaci\u00f3n con tu comunidad. Para descargar este video con informaci\u00f3n sobre explotaci\u00f3n y abuso sexual por parte de trabajadores humanitarios presiona en [&hellip;]<\/p>\n","protected":false},"author":174,"featured_media":0,"parent":1900,"menu_order":11,"comment_status":"closed","ping_status":"closed","template":"page-templates\/listing_page.php","meta":{"_acf_changed":false,"footnotes":""},"class_list":["post-1991","page","type-page","status-publish","hentry"],"acf":[],"_links":{"self":[{"href":"https:\/\/help.unhcr.org\/ecuador\/wp-json\/wp\/v2\/pages\/1991","targetHints":{"allow":["GET"]}}],"collection":[{"href":"https:\/\/help.unhcr.org\/ecuador\/wp-json\/wp\/v2\/pages"}],"about":[{"href":"https:\/\/help.unhcr.org\/ecuador\/wp-json\/wp\/v2\/types\/page"}],"author":[{"embeddable":true,"href":"https:\/\/help.unhcr.org\/ecuador\/wp-json\/wp\/v2\/users\/174"}],"replies":[{"embeddable":true,"href":"https:\/\/help.unhcr.org\/ecuador\/wp-json\/wp\/v2\/comments?post=1991"}],"version-history":[{"count":17,"href":"https:\/\/help.unhcr.org\/ecuador\/wp-json\/wp\/v2\/pages\/1991\/revisions"}],"predecessor-version":[{"id":2546,"href":"https:\/\/help.unhcr.org\/ecuador\/wp-json\/wp\/v2\/pages\/1991\/revisions\/2546"}],"up":[{"embeddable":true,"href":"https:\/\/help.unhcr.org\/ecuador\/wp-json\/wp\/v2\/pages\/1900"}],"wp:attachment":[{"href":"https:\/\/help.unhcr.org\/ecuador\/wp-json\/wp\/v2\/media?parent=1991"}],"curies":[{"name":"wp","href":"https:\/\/api.w.org\/{rel}","templated":true}]}}