{"id":1904,"date":"2021-01-19T19:28:28","date_gmt":"2021-01-19T19:28:28","guid":{"rendered":"http:\/\/help.unhcr.org\/ecuador\/?page_id=1904"},"modified":"2021-04-16T16:48:44","modified_gmt":"2021-04-16T16:48:44","slug":"contactos-de-organizaciones","status":"publish","type":"page","link":"https:\/\/help.unhcr.org\/ecuador\/bienvenido-a\/recursos-informativos\/materiales-de-comunicacion\/contactos-de-organizaciones\/","title":{"rendered":"Contactos de organizaciones"},"content":{"rendered":"\n<p>Encuentra ? tarjetas y directorios con los n\u00fameros de contacto de ACNUR y sus socios. Si necesitas m\u00e1s informaci\u00f3n puedes encontrar informaci\u00f3n en esta p\u00e1gina: <a href=\"https:\/\/help.unhcr.org\/ecuador\/bienvenido-a\/donde-encontrar-ayuda\/\">\u00bfD\u00f3nde encontrar ayuda?<\/a> No olvides de <strong>compartir esta informaci\u00f3n<\/strong> con tu comunidad ?.<\/p>\n\n\n","protected":false},"excerpt":{"rendered":"<p>Encuentra ? tarjetas y directorios con los n\u00fameros de contacto de ACNUR y sus socios. Si necesitas m\u00e1s informaci\u00f3n puedes encontrar informaci\u00f3n en esta p\u00e1gina: \u00bfD\u00f3nde encontrar ayuda? No olvides de compartir esta informaci\u00f3n con tu comunidad ?.<\/p>\n","protected":false},"author":174,"featured_media":0,"parent":1900,"menu_order":0,"comment_status":"closed","ping_status":"closed","template":"page-templates\/sectioned.php","meta":{"_acf_changed":false,"footnotes":""},"class_list":["post-1904","page","type-page","status-publish","hentry"],"acf":[],"_links":{"self":[{"href":"https:\/\/help.unhcr.org\/ecuador\/wp-json\/wp\/v2\/pages\/1904","targetHints":{"allow":["GET"]}}],"collection":[{"href":"https:\/\/help.unhcr.org\/ecuador\/wp-json\/wp\/v2\/pages"}],"about":[{"href":"https:\/\/help.unhcr.org\/ecuador\/wp-json\/wp\/v2\/types\/page"}],"author":[{"embeddable":true,"href":"https:\/\/help.unhcr.org\/ecuador\/wp-json\/wp\/v2\/users\/174"}],"replies":[{"embeddable":true,"href":"https:\/\/help.unhcr.org\/ecuador\/wp-json\/wp\/v2\/comments?post=1904"}],"version-history":[{"count":27,"href":"https:\/\/help.unhcr.org\/ecuador\/wp-json\/wp\/v2\/pages\/1904\/revisions"}],"predecessor-version":[{"id":2686,"href":"https:\/\/help.unhcr.org\/ecuador\/wp-json\/wp\/v2\/pages\/1904\/revisions\/2686"}],"up":[{"embeddable":true,"href":"https:\/\/help.unhcr.org\/ecuador\/wp-json\/wp\/v2\/pages\/1900"}],"wp:attachment":[{"href":"https:\/\/help.unhcr.org\/ecuador\/wp-json\/wp\/v2\/media?parent=1904"}],"curies":[{"name":"wp","href":"https:\/\/api.w.org\/{rel}","templated":true}]}}