{"id":1900,"date":"2021-01-19T18:54:46","date_gmt":"2021-01-19T18:54:46","guid":{"rendered":"http:\/\/help.unhcr.org\/ecuador\/?page_id=1900"},"modified":"2022-03-28T08:38:16","modified_gmt":"2022-03-28T08:38:16","slug":"materiales-de-comunicacion","status":"publish","type":"page","link":"https:\/\/help.unhcr.org\/ecuador\/bienvenido-a\/recursos-informativos\/materiales-de-comunicacion\/","title":{"rendered":"Materiales de comunicaci\u00f3n"},"content":{"rendered":"\n<p>En esta p\u00e1gina encontrar\u00e1s ? materiales de comunicaci\u00f3n sobre:<\/p>\n\n\n\n<ul class=\"wp-block-list\"><li><a href=\"https:\/\/help.unhcr.org\/ecuador\/bienvenido-a\/recursos-informativos\/materiales-de-comunicacion\/contactos-de-organizaciones\/\">Contacto con organizaciones<\/a><\/li><li><a href=\"https:\/\/help.unhcr.org\/ecuador\/bienvenido-a\/recursos-informativos\/materiales-de-comunicacion\/refugio\/\">Refugio<\/a><\/li><li><a href=\"https:\/\/help.unhcr.org\/ecuador\/bienvenido-a\/recursos-informativos\/materiales-de-comunicacion\/visas-y-alternativas-migratorias\/\">Visas y alternativas migratorias<\/a><\/li><li><a href=\"https:\/\/help.unhcr.org\/ecuador\/bienvenido-a\/recursos-informativos\/materiales-de-comunicacion\/retorno-voluntario\/\">Retorno voluntario<\/a><\/li><li><a href=\"https:\/\/help.unhcr.org\/ecuador\/bienvenido-a\/recursos-informativos\/materiales-de-comunicacion\/reasentamiento\/\">Reasentamiento<\/a><\/li><li><a href=\"https:\/\/help.unhcr.org\/ecuador\/bienvenido-a\/recursos-informativos\/materiales-de-comunicacion\/educacion\/\">Educaci\u00f3n<\/a><\/li><li><a href=\"https:\/\/help.unhcr.org\/ecuador\/bienvenido-a\/recursos-informativos\/materiales-de-comunicacion\/salud\/\">Salud<\/a><\/li><li><a href=\"https:\/\/help.unhcr.org\/ecuador\/bienvenido-a\/recursos-informativos\/materiales-de-comunicacion\/covid-19\/\">Covid-19<\/a><\/li><li><a href=\"https:\/\/help.unhcr.org\/ecuador\/bienvenido-a\/recursos-informativos\/materiales-de-comunicacion\/trabajo-y-emprendimiento\/\">Trabajo y emprendimiento<\/a><\/li><li><a href=\"https:\/\/help.unhcr.org\/ecuador\/bienvenido-a\/recursos-informativos\/materiales-de-comunicacion\/apoyo-personas-lgbti\/\">Apoyo personas LGBTI+<\/a><\/li><li><a href=\"https:\/\/help.unhcr.org\/ecuador\/bienvenido-a\/recursos-informativos\/materiales-de-comunicacion\/explotacion-y-abuso-sexual\/\">Explotaci\u00f3n y abuso sexual<\/a><\/li><li><a href=\"https:\/\/help.unhcr.org\/ecuador\/bienvenido-a\/recursos-informativos\/materiales-de-comunicacion\/violencia-de-genero\/\">Violencia de g\u00e9nero<\/a><\/li><li><a href=\"https:\/\/help.unhcr.org\/ecuador\/bienvenido-a\/recursos-informativos\/materiales-de-comunicacion\/estafa\/\">Prevenci\u00f3n de la estafa<\/a><\/li><li><a href=\"https:\/\/help.unhcr.org\/ecuador\/bienvenido-a\/recursos-informativos\/materiales-de-comunicacion\/linea-de-informacion-automatica\/\">L\u00ednea de informaci\u00f3n autom\u00e1tica<\/a><\/li><\/ul>\n\n\n\n<p>\u26a0\ufe0f Recuerda este material contiene informaci\u00f3n verificada \u2705. Si tienes alguna duda o sugerencia sobre este  o sobre alg\u00fan material nuevo que crees que podr\u00eda ser de inter\u00e9s, escribe un correo ? a <a href=\"mailto:ayudaecuador@unhcr.org\" data-type=\"mailto\" data-id=\"mailto:ayudaecuador@unhcr.org\">ayudaecuador@unhcr.org<\/a> <\/p>\n\n\n\n<p>? <strong>No olvides descargar \u2b07\ufe0f&nbsp;y compartir&nbsp;? esta informaci\u00f3n con tu comunidad.<\/strong><\/p>\n\n\n\n<p><\/p>\n\n\n\n<p><\/p>\n","protected":false},"excerpt":{"rendered":"<p>En esta p\u00e1gina encontrar\u00e1s ? materiales de comunicaci\u00f3n sobre: Contacto con organizaciones Refugio Visas y alternativas migratorias Retorno voluntario Reasentamiento Educaci\u00f3n Salud Covid-19 Trabajo y emprendimiento Apoyo personas LGBTI+ Explotaci\u00f3n y abuso sexual Violencia de g\u00e9nero Prevenci\u00f3n de la estafa L\u00ednea de informaci\u00f3n autom\u00e1tica \u26a0\ufe0f Recuerda este material contiene informaci\u00f3n verificada \u2705. Si tienes alguna [&hellip;]<\/p>\n","protected":false},"author":174,"featured_media":0,"parent":971,"menu_order":3,"comment_status":"closed","ping_status":"closed","template":"page-templates\/listing_page.php","meta":{"_acf_changed":false,"footnotes":""},"class_list":["post-1900","page","type-page","status-publish","hentry"],"acf":[],"_links":{"self":[{"href":"https:\/\/help.unhcr.org\/ecuador\/wp-json\/wp\/v2\/pages\/1900","targetHints":{"allow":["GET"]}}],"collection":[{"href":"https:\/\/help.unhcr.org\/ecuador\/wp-json\/wp\/v2\/pages"}],"about":[{"href":"https:\/\/help.unhcr.org\/ecuador\/wp-json\/wp\/v2\/types\/page"}],"author":[{"embeddable":true,"href":"https:\/\/help.unhcr.org\/ecuador\/wp-json\/wp\/v2\/users\/174"}],"replies":[{"embeddable":true,"href":"https:\/\/help.unhcr.org\/ecuador\/wp-json\/wp\/v2\/comments?post=1900"}],"version-history":[{"count":7,"href":"https:\/\/help.unhcr.org\/ecuador\/wp-json\/wp\/v2\/pages\/1900\/revisions"}],"predecessor-version":[{"id":5063,"href":"https:\/\/help.unhcr.org\/ecuador\/wp-json\/wp\/v2\/pages\/1900\/revisions\/5063"}],"up":[{"embeddable":true,"href":"https:\/\/help.unhcr.org\/ecuador\/wp-json\/wp\/v2\/pages\/971"}],"wp:attachment":[{"href":"https:\/\/help.unhcr.org\/ecuador\/wp-json\/wp\/v2\/media?parent=1900"}],"curies":[{"name":"wp","href":"https:\/\/api.w.org\/{rel}","templated":true}]}}