{"id":1800,"date":"2021-01-05T18:46:38","date_gmt":"2021-01-05T18:46:38","guid":{"rendered":"http:\/\/help.unhcr.org\/ecuador\/?page_id=1800"},"modified":"2025-12-08T17:01:29","modified_gmt":"2025-12-08T17:01:29","slug":"trabajo-y-emprendimiento","status":"publish","type":"page","link":"https:\/\/help.unhcr.org\/ecuador\/bienvenido-a\/educacion-salud-alimentacion-y-otros-servicios\/trabajo-y-emprendimiento\/","title":{"rendered":"Trabajo y emprendimiento"},"content":{"rendered":"\n<p>En esta p\u00e1gina podr\u00e1s encontrar informaci\u00f3n sobre el acceso al trabajo y el emprendimiento. <\/p>\n\n\n\n<p>Si necesitas asesor\u00eda en la b\u00fasqueda de oportunidades de empleo o para emprender tu propio negocio, cont\u00e1ctate con <a href=\"https:\/\/help.unhcr.org\/ecuador\/hias\/\">HIAS<\/a>: <\/p>\n\n\n\n<p>? Escribe un correo a&nbsp;<a rel=\"noreferrer noopener\" href=\"mailto:inclusion.economica@hias.org\" target=\"_blank\">inclusion.economica@hias.org<\/a>. Adem\u00e1s, encuentra informaci\u00f3n sobre talleres en l\u00ednea e informaci\u00f3n importante en Facebook en esta p\u00e1gina <a href=\"https:\/\/www.facebook.com\/HIASEcuador\">@HIASEcuador<\/a><\/p>\n\n\n\n<p>? Para mensaje de WhatsApp presiona en cualquiera de estos enlaces <a href=\"https:\/\/wa.me\/593992462019\" target=\"_blank\" rel=\"noreferrer noopener\">https:\/\/wa.me\/593992462019<\/a> &#8211;&nbsp;<a href=\"https:\/\/wa.me\/593992462020\" target=\"_blank\" rel=\"noreferrer noopener\">https:\/\/wa.me\/593992462020<\/a><\/p>\n\n\n\n<p>Contactos HIAS a nivel nacional: 02-382-5770, 096-316-1400<\/p>\n\n\n\n<p>? Horario de atenci\u00f3n:&nbsp;Lunes a viernes de 08:00 a 17:00&nbsp;<\/p>\n","protected":false},"excerpt":{"rendered":"<p>En esta p\u00e1gina podr\u00e1s encontrar informaci\u00f3n sobre el acceso al trabajo y el emprendimiento. Si necesitas asesor\u00eda en la b\u00fasqueda de oportunidades de empleo o para emprender tu propio negocio, cont\u00e1ctate con HIAS: ? Escribe un correo a&nbsp;inclusion.economica@hias.org. Adem\u00e1s, encuentra informaci\u00f3n sobre talleres en l\u00ednea e informaci\u00f3n importante en Facebook en esta p\u00e1gina @HIASEcuador ? [&hellip;]<\/p>\n","protected":false},"author":174,"featured_media":0,"parent":1454,"menu_order":4,"comment_status":"closed","ping_status":"closed","template":"page-templates\/listing_page.php","meta":{"_acf_changed":false,"footnotes":""},"class_list":["post-1800","page","type-page","status-publish","hentry"],"acf":[],"_links":{"self":[{"href":"https:\/\/help.unhcr.org\/ecuador\/wp-json\/wp\/v2\/pages\/1800","targetHints":{"allow":["GET"]}}],"collection":[{"href":"https:\/\/help.unhcr.org\/ecuador\/wp-json\/wp\/v2\/pages"}],"about":[{"href":"https:\/\/help.unhcr.org\/ecuador\/wp-json\/wp\/v2\/types\/page"}],"author":[{"embeddable":true,"href":"https:\/\/help.unhcr.org\/ecuador\/wp-json\/wp\/v2\/users\/174"}],"replies":[{"embeddable":true,"href":"https:\/\/help.unhcr.org\/ecuador\/wp-json\/wp\/v2\/comments?post=1800"}],"version-history":[{"count":12,"href":"https:\/\/help.unhcr.org\/ecuador\/wp-json\/wp\/v2\/pages\/1800\/revisions"}],"predecessor-version":[{"id":5901,"href":"https:\/\/help.unhcr.org\/ecuador\/wp-json\/wp\/v2\/pages\/1800\/revisions\/5901"}],"up":[{"embeddable":true,"href":"https:\/\/help.unhcr.org\/ecuador\/wp-json\/wp\/v2\/pages\/1454"}],"wp:attachment":[{"href":"https:\/\/help.unhcr.org\/ecuador\/wp-json\/wp\/v2\/media?parent=1800"}],"curies":[{"name":"wp","href":"https:\/\/api.w.org\/{rel}","templated":true}]}}