{"id":1743,"date":"2020-12-16T23:33:18","date_gmt":"2020-12-16T23:33:18","guid":{"rendered":"http:\/\/help.unhcr.org\/ecuador\/?page_id=1743"},"modified":"2026-04-29T16:53:26","modified_gmt":"2026-04-29T16:53:26","slug":"telefonia-e-internet","status":"publish","type":"page","link":"https:\/\/help.unhcr.org\/ecuador\/bienvenido-a\/educacion-salud-alimentacion-y-otros-servicios\/telefonia-e-internet\/","title":{"rendered":"Telefon\u00eda e internet"},"content":{"rendered":"\n<p>En Ecuador existen varias empresas de telecomunicaciones, como Tuenti, Movistar, Claro y CNT.<\/p>\n\n\n\n<p>Para elegir la mejor opci\u00f3n, es recomendable consultar directamente con las operadoras y tambi\u00e9n preguntar a personas de tu sector cu\u00e1l tiene mejor cobertura en tu zona.<\/p>\n\n\n\n<p>Para obtener una l\u00ednea de celular, tienes dos opciones:<\/p>\n\n\n\n<p><strong>1. Prepago<\/strong><\/p>\n\n\n\n<p>Los chips prepago no requieren contrato ni pagos mensuales. Puedes hacer recargas en cualquier momento para acceder a internet y llamadas locales.<\/p>\n\n\n\n<p>Para adquirir uno, ac\u00e9rcate a un local de la operadora que elijas. Tambi\u00e9n puedes encontrarlos en algunas tiendas o farmacias de tu barrio que ofrezcan este servicio.<\/p>\n\n\n\n<p>El costo del chip suele ser de alrededor de 5 d\u00f3lares, y puedes recargar el saldo seg\u00fan tus necesidades.<\/p>\n\n\n\n<p><strong>2. Planes postpago<\/strong><\/p>\n\n\n\n<p>Al contratar un plan postpago, debes firmar un contrato y pagar un valor mensual. A cambio, recibes un servicio que generalmente incluye internet y llamadas.<\/p>\n\n\n\n<p>Para acceder a este tipo de plan, necesitar\u00e1s un documento de identidad y demostrar que cuentas con los medios para realizar los pagos mensuales.<\/p>\n\n\n\n<p><\/p>\n","protected":false},"excerpt":{"rendered":"<p>En Ecuador existen varias empresas de telecomunicaciones, como Tuenti, Movistar, Claro y CNT. Para elegir la mejor opci\u00f3n, es recomendable consultar directamente con las operadoras y tambi\u00e9n preguntar a personas de tu sector cu\u00e1l tiene mejor cobertura en tu zona. Para obtener una l\u00ednea de celular, tienes dos opciones: 1. Prepago Los chips prepago no [&hellip;]<\/p>\n","protected":false},"author":35,"featured_media":0,"parent":1454,"menu_order":6,"comment_status":"closed","ping_status":"closed","template":"","meta":{"_acf_changed":false,"footnotes":""},"class_list":["post-1743","page","type-page","status-publish","hentry"],"acf":[],"_links":{"self":[{"href":"https:\/\/help.unhcr.org\/ecuador\/wp-json\/wp\/v2\/pages\/1743","targetHints":{"allow":["GET"]}}],"collection":[{"href":"https:\/\/help.unhcr.org\/ecuador\/wp-json\/wp\/v2\/pages"}],"about":[{"href":"https:\/\/help.unhcr.org\/ecuador\/wp-json\/wp\/v2\/types\/page"}],"author":[{"embeddable":true,"href":"https:\/\/help.unhcr.org\/ecuador\/wp-json\/wp\/v2\/users\/35"}],"replies":[{"embeddable":true,"href":"https:\/\/help.unhcr.org\/ecuador\/wp-json\/wp\/v2\/comments?post=1743"}],"version-history":[{"count":17,"href":"https:\/\/help.unhcr.org\/ecuador\/wp-json\/wp\/v2\/pages\/1743\/revisions"}],"predecessor-version":[{"id":6177,"href":"https:\/\/help.unhcr.org\/ecuador\/wp-json\/wp\/v2\/pages\/1743\/revisions\/6177"}],"up":[{"embeddable":true,"href":"https:\/\/help.unhcr.org\/ecuador\/wp-json\/wp\/v2\/pages\/1454"}],"wp:attachment":[{"href":"https:\/\/help.unhcr.org\/ecuador\/wp-json\/wp\/v2\/media?parent=1743"}],"curies":[{"name":"wp","href":"https:\/\/api.w.org\/{rel}","templated":true}]}}