{"id":1713,"date":"2020-12-02T03:51:21","date_gmt":"2020-12-02T03:51:21","guid":{"rendered":"http:\/\/help.unhcr.org\/ecuador\/?page_id=1713"},"modified":"2022-01-23T22:01:19","modified_gmt":"2022-01-23T22:01:19","slug":"tengo-los-sintomas-que-debo-hacer","status":"publish","type":"page","link":"https:\/\/help.unhcr.org\/ecuador\/bienvenido-a\/medidas-de-prevencion-contra-la-covid-19-2\/tengo-los-sintomas-que-debo-hacer\/","title":{"rendered":"\u00bfTengo los s\u00edntomas, qu\u00e9 debo hacer?"},"content":{"rendered":"\n<p>Si tienes s\u00edntomas como tos, fiebre y dificultad para respirar llama \u260e\ufe0f gratuitamente al 171. <\/p>\n\n\n\n<p>Es muy importante que ?<strong> NO acudas directamente a un ? centro de salud<\/strong>. <\/p>\n\n\n\n<p>Las autoridades de salud te realizar\u00e1n una prueba para determinar si has contra\u00eddo el virus. En caso de que sea positiva, te dir\u00e1n los pasos a seguir de acuerdo a tu estado de salud.<\/p>\n","protected":false},"excerpt":{"rendered":"<p>Si tienes s\u00edntomas como tos, fiebre y dificultad para respirar llama \u260e\ufe0f gratuitamente al 171. Es muy importante que ? NO acudas directamente a un ? centro de salud. Las autoridades de salud te realizar\u00e1n una prueba para determinar si has contra\u00eddo el virus. En caso de que sea positiva, te dir\u00e1n los pasos a [&hellip;]<\/p>\n","protected":false},"author":35,"featured_media":0,"parent":818,"menu_order":2,"comment_status":"closed","ping_status":"closed","template":"","meta":{"_acf_changed":false,"footnotes":""},"class_list":["post-1713","page","type-page","status-publish","hentry"],"acf":[],"_links":{"self":[{"href":"https:\/\/help.unhcr.org\/ecuador\/wp-json\/wp\/v2\/pages\/1713","targetHints":{"allow":["GET"]}}],"collection":[{"href":"https:\/\/help.unhcr.org\/ecuador\/wp-json\/wp\/v2\/pages"}],"about":[{"href":"https:\/\/help.unhcr.org\/ecuador\/wp-json\/wp\/v2\/types\/page"}],"author":[{"embeddable":true,"href":"https:\/\/help.unhcr.org\/ecuador\/wp-json\/wp\/v2\/users\/35"}],"replies":[{"embeddable":true,"href":"https:\/\/help.unhcr.org\/ecuador\/wp-json\/wp\/v2\/comments?post=1713"}],"version-history":[{"count":4,"href":"https:\/\/help.unhcr.org\/ecuador\/wp-json\/wp\/v2\/pages\/1713\/revisions"}],"predecessor-version":[{"id":4423,"href":"https:\/\/help.unhcr.org\/ecuador\/wp-json\/wp\/v2\/pages\/1713\/revisions\/4423"}],"up":[{"embeddable":true,"href":"https:\/\/help.unhcr.org\/ecuador\/wp-json\/wp\/v2\/pages\/818"}],"wp:attachment":[{"href":"https:\/\/help.unhcr.org\/ecuador\/wp-json\/wp\/v2\/media?parent=1713"}],"curies":[{"name":"wp","href":"https:\/\/api.w.org\/{rel}","templated":true}]}}