{"id":1680,"date":"2020-12-01T22:18:38","date_gmt":"2020-12-01T22:18:38","guid":{"rendered":"http:\/\/help.unhcr.org\/ecuador\/?page_id=1680"},"modified":"2025-12-14T21:26:12","modified_gmt":"2025-12-14T21:26:12","slug":"si-tu-pareja-es-mayor-de-edad-y-no-te-sientes-segura-o-con-el-o-ella-esta-informacion-es-importante-para-ti","status":"publish","type":"page","link":"https:\/\/help.unhcr.org\/ecuador\/bienvenido-a\/proteccion-de-ninos-ninas-y-adolescentes\/si-tu-pareja-es-mayor-de-edad-y-no-te-sientes-segura-o-con-el-o-ella-esta-informacion-es-importante-para-ti\/","title":{"rendered":"Si tienes menos de 18 a\u00f1os, tu pareja es mayor de edad y no te sientes segura\/o con el o ella, esta informaci\u00f3n es importante para ti."},"content":{"rendered":"\n<p><strong>\u00a1Recuerda! Nadie te puede obligar<\/strong>&nbsp;a permanecer en una relaci\u00f3n en la que no quieres estar.<\/p>\n\n\n\n<p>? Si cualquier persona que te acompa\u00f1a ejerce alguna forma de violencia contra ti, incluida tu pareja (aunque hayas legalizado tu uni\u00f3n), puedes llamar al 911, o puedes pedir ayuda a la organizaci\u00f3n de protecci\u00f3n a personas v\u00edctimas de violencia de g\u00e9nero de tu localidad.<\/p>\n\n\n\n<p>Para tener m\u00e1s informaci\u00f3n ingresa en este <a href=\"https:\/\/help.unhcr.org\/ecuador\/bienvenido-a\/violencia-de-genero-explotacion-y-abuso-sexual\/\">enlace<\/a>.<\/p>\n","protected":false},"excerpt":{"rendered":"<p>\u00a1Recuerda! Nadie te puede obligar&nbsp;a permanecer en una relaci\u00f3n en la que no quieres estar. ? Si cualquier persona que te acompa\u00f1a ejerce alguna forma de violencia contra ti, incluida tu pareja (aunque hayas legalizado tu uni\u00f3n), puedes llamar al 911, o puedes pedir ayuda a la organizaci\u00f3n de protecci\u00f3n a personas v\u00edctimas de violencia [&hellip;]<\/p>\n","protected":false},"author":35,"featured_media":0,"parent":810,"menu_order":5,"comment_status":"closed","ping_status":"closed","template":"","meta":{"_acf_changed":false,"footnotes":""},"class_list":["post-1680","page","type-page","status-publish","hentry"],"acf":[],"_links":{"self":[{"href":"https:\/\/help.unhcr.org\/ecuador\/wp-json\/wp\/v2\/pages\/1680","targetHints":{"allow":["GET"]}}],"collection":[{"href":"https:\/\/help.unhcr.org\/ecuador\/wp-json\/wp\/v2\/pages"}],"about":[{"href":"https:\/\/help.unhcr.org\/ecuador\/wp-json\/wp\/v2\/types\/page"}],"author":[{"embeddable":true,"href":"https:\/\/help.unhcr.org\/ecuador\/wp-json\/wp\/v2\/users\/35"}],"replies":[{"embeddable":true,"href":"https:\/\/help.unhcr.org\/ecuador\/wp-json\/wp\/v2\/comments?post=1680"}],"version-history":[{"count":6,"href":"https:\/\/help.unhcr.org\/ecuador\/wp-json\/wp\/v2\/pages\/1680\/revisions"}],"predecessor-version":[{"id":5914,"href":"https:\/\/help.unhcr.org\/ecuador\/wp-json\/wp\/v2\/pages\/1680\/revisions\/5914"}],"up":[{"embeddable":true,"href":"https:\/\/help.unhcr.org\/ecuador\/wp-json\/wp\/v2\/pages\/810"}],"wp:attachment":[{"href":"https:\/\/help.unhcr.org\/ecuador\/wp-json\/wp\/v2\/media?parent=1680"}],"curies":[{"name":"wp","href":"https:\/\/api.w.org\/{rel}","templated":true}]}}