{"id":1662,"date":"2020-12-01T22:11:52","date_gmt":"2020-12-01T22:11:52","guid":{"rendered":"http:\/\/help.unhcr.org\/ecuador\/?page_id=1662"},"modified":"2022-07-13T22:27:50","modified_gmt":"2022-07-13T22:27:50","slug":"acabo-de-llegar-a-ecuador-que-debo-saber","status":"publish","type":"page","link":"https:\/\/help.unhcr.org\/ecuador\/bienvenido-a\/proteccion-de-ninos-ninas-y-adolescentes\/acabo-de-llegar-a-ecuador-que-debo-saber\/","title":{"rendered":"Tengo menos de 18 a\u00f1os y acabo de llegar a Ecuador, \u00bfqu\u00e9 debo saber?"},"content":{"rendered":"\n<figure class=\"wp-block-embed is-type-video is-provider-youtube wp-block-embed-youtube wp-embed-aspect-16-9 wp-has-aspect-ratio\"><div class=\"wp-block-embed__wrapper\">\n<iframe loading=\"lazy\" title=\"\u00bfSoy un ni\u00f1o, ni\u00f1a o adolescente y viajo solo en Ecuador, qu\u00e9 debo hacer? Parte 1\" width=\"640\" height=\"360\" src=\"https:\/\/www.youtube.com\/embed\/HtJKbEfMbo8?list=PLcWbnvGj8a47sCuTd64gPCdja3NAX69-D\" frameborder=\"0\" allow=\"accelerometer; autoplay; clipboard-write; encrypted-media; gyroscope; picture-in-picture; web-share\" referrerpolicy=\"strict-origin-when-cross-origin\" allowfullscreen><\/iframe>\n<\/div><\/figure>\n\n\n\n<p><strong>????<\/strong> Si eres un ni\u00f1o, ni\u00f1a o adolescente y viajas solo, o con familiares o amigos, \u26d4 <strong>nadie puede llevarte preso por no viajar con tus padres.<\/strong><\/p>\n\n\n\n<p>\u2705&nbsp;Cuando llegues a la frontera, dile al personal de migraci\u00f3n que no est\u00e1s viajando con tus padres y que necesitas que llamen a una persona del MIES. <strong>No te lo pueden negar<\/strong>.<\/p>\n\n\n\n<p>\u2705 En Ecuador, el <strong>MIES<\/strong>&nbsp;es la autoridad encargada de la protecci\u00f3n a ni\u00f1as, ni\u00f1os y adolescentes.&nbsp;<strong>No importa tu nacionalidad, condici\u00f3n migratoria y si tienes o no documentos.<\/strong> <\/p>\n\n\n\n<p>\u2705 Cuando hables con alguien del MIES puedes escoger si conversas con una mujer o con un hombre del MIES. Tienes derecho a sentirte seguro\/a.<\/p>\n\n\n\n<p>\u2705&nbsp;En la frontera hay personas que prometen ayudarte a cruzar por medio de trochas (pasos irregulares) <strong>\u00a1No lo hagas!<\/strong>&nbsp;Corres el riesgo de perder tu seguridad, equipaje, dinero, documentos y puedes ser v\u00edctima de abuso sexual.<\/p>\n\n\n\n<p>\u2705&nbsp;No ingreses a la casa o locales de personas que no conoces, tu seguridad est\u00e1 en juego. Pueden hacerte da\u00f1o.<\/p>\n","protected":false},"excerpt":{"rendered":"<p>???? Si eres un ni\u00f1o, ni\u00f1a o adolescente y viajas solo, o con familiares o amigos, \u26d4 nadie puede llevarte preso por no viajar con tus padres. \u2705&nbsp;Cuando llegues a la frontera, dile al personal de migraci\u00f3n que no est\u00e1s viajando con tus padres y que necesitas que llamen a una persona del MIES. No [&hellip;]<\/p>\n","protected":false},"author":35,"featured_media":0,"parent":810,"menu_order":1,"comment_status":"closed","ping_status":"closed","template":"","meta":{"_acf_changed":false,"footnotes":""},"class_list":["post-1662","page","type-page","status-publish","hentry"],"acf":[],"_links":{"self":[{"href":"https:\/\/help.unhcr.org\/ecuador\/wp-json\/wp\/v2\/pages\/1662","targetHints":{"allow":["GET"]}}],"collection":[{"href":"https:\/\/help.unhcr.org\/ecuador\/wp-json\/wp\/v2\/pages"}],"about":[{"href":"https:\/\/help.unhcr.org\/ecuador\/wp-json\/wp\/v2\/types\/page"}],"author":[{"embeddable":true,"href":"https:\/\/help.unhcr.org\/ecuador\/wp-json\/wp\/v2\/users\/35"}],"replies":[{"embeddable":true,"href":"https:\/\/help.unhcr.org\/ecuador\/wp-json\/wp\/v2\/comments?post=1662"}],"version-history":[{"count":7,"href":"https:\/\/help.unhcr.org\/ecuador\/wp-json\/wp\/v2\/pages\/1662\/revisions"}],"predecessor-version":[{"id":5194,"href":"https:\/\/help.unhcr.org\/ecuador\/wp-json\/wp\/v2\/pages\/1662\/revisions\/5194"}],"up":[{"embeddable":true,"href":"https:\/\/help.unhcr.org\/ecuador\/wp-json\/wp\/v2\/pages\/810"}],"wp:attachment":[{"href":"https:\/\/help.unhcr.org\/ecuador\/wp-json\/wp\/v2\/media?parent=1662"}],"curies":[{"name":"wp","href":"https:\/\/api.w.org\/{rel}","templated":true}]}}