{"id":1645,"date":"2020-12-01T20:38:56","date_gmt":"2020-12-01T20:38:56","guid":{"rendered":"http:\/\/help.unhcr.org\/ecuador\/?page_id=1645"},"modified":"2026-04-15T21:43:18","modified_gmt":"2026-04-15T21:43:18","slug":"transporte","status":"publish","type":"page","link":"https:\/\/help.unhcr.org\/ecuador\/bienvenido-a\/informacion-general-sobre-ecuador\/transporte\/","title":{"rendered":"Transporte"},"content":{"rendered":"\n<p>En las <strong>ciudades<\/strong> de Ecuador, puedes movilizarte en buses, taxis u otros. En la ciudad de Quito, tambi\u00e9n tienes disponible transporte municipal como Trole, Ecov\u00eda, y Metro de Quito; y en Guayaquil, tienes la Metrov\u00eda y el Telef\u00e9rico.\u00a0<\/p>\n\n\n\n<p>En <strong>parroquias rurales<\/strong>, puedes encontrar buses o camionetas que realizan rutas continuas, pero en menor frecuencia.\u00a0\u00a0<\/p>\n\n\n\n<p>Para viajes<strong> entre ciudades o provincias<\/strong>, utiliza terminales terrestres y compra los pasajes en ventanillas autorizadas. Recuerda que el valor del pasaje depende de la ruta y la distancia. Puedes verificar los horarios directamente en los terminales terrestres<strong>.<\/strong>\u00a0<\/p>\n\n\n\n<p>Cuando uses transporte, trata de tomar buses y taxis en paradas oficiales, terminales o puntos seguros; evita subirte en lugares aislados o poco iluminados. No muestres objetos de valor y mant\u00e9n tus pertenencias siempre a la vista. Si puedes, realiza los trayectos largos durante el d\u00eda.&nbsp;&nbsp;<\/p>\n\n\n\n<p>Si eres un adulto mayor o tienes una discapacidad, tienes derecho a pagar la mitad del pasaje en el transporte.&nbsp;&nbsp;<\/p>\n\n\n\n<p><strong>Siempre que viajes, recuerda llevar copias f\u00edsicas o fotos de tu visa o constancia de haber solicitado la condici\u00f3n de refugiado<\/strong>. <\/p>\n","protected":false},"excerpt":{"rendered":"<p>En las ciudades de Ecuador, puedes movilizarte en buses, taxis u otros. En la ciudad de Quito, tambi\u00e9n tienes disponible transporte municipal como Trole, Ecov\u00eda, y Metro de Quito; y en Guayaquil, tienes la Metrov\u00eda y el Telef\u00e9rico.\u00a0 En parroquias rurales, puedes encontrar buses o camionetas que realizan rutas continuas, pero en menor frecuencia.\u00a0\u00a0 Para [&hellip;]<\/p>\n","protected":false},"author":35,"featured_media":0,"parent":1401,"menu_order":2,"comment_status":"closed","ping_status":"closed","template":"","meta":{"_acf_changed":false,"footnotes":""},"class_list":["post-1645","page","type-page","status-publish","hentry"],"acf":[],"_links":{"self":[{"href":"https:\/\/help.unhcr.org\/ecuador\/wp-json\/wp\/v2\/pages\/1645","targetHints":{"allow":["GET"]}}],"collection":[{"href":"https:\/\/help.unhcr.org\/ecuador\/wp-json\/wp\/v2\/pages"}],"about":[{"href":"https:\/\/help.unhcr.org\/ecuador\/wp-json\/wp\/v2\/types\/page"}],"author":[{"embeddable":true,"href":"https:\/\/help.unhcr.org\/ecuador\/wp-json\/wp\/v2\/users\/35"}],"replies":[{"embeddable":true,"href":"https:\/\/help.unhcr.org\/ecuador\/wp-json\/wp\/v2\/comments?post=1645"}],"version-history":[{"count":10,"href":"https:\/\/help.unhcr.org\/ecuador\/wp-json\/wp\/v2\/pages\/1645\/revisions"}],"predecessor-version":[{"id":6118,"href":"https:\/\/help.unhcr.org\/ecuador\/wp-json\/wp\/v2\/pages\/1645\/revisions\/6118"}],"up":[{"embeddable":true,"href":"https:\/\/help.unhcr.org\/ecuador\/wp-json\/wp\/v2\/pages\/1401"}],"wp:attachment":[{"href":"https:\/\/help.unhcr.org\/ecuador\/wp-json\/wp\/v2\/media?parent=1645"}],"curies":[{"name":"wp","href":"https:\/\/api.w.org\/{rel}","templated":true}]}}