{"id":1642,"date":"2020-12-01T20:38:06","date_gmt":"2020-12-01T20:38:06","guid":{"rendered":"http:\/\/help.unhcr.org\/ecuador\/?page_id=1642"},"modified":"2025-12-14T21:09:45","modified_gmt":"2025-12-14T21:09:45","slug":"moneda","status":"publish","type":"page","link":"https:\/\/help.unhcr.org\/ecuador\/bienvenido-a\/informacion-general-sobre-ecuador\/moneda\/","title":{"rendered":"Moneda"},"content":{"rendered":"\n<p>En Ecuador la moneda oficial y la \u00fanica que se utiliza es el d\u00f3lar estadounidense.<\/p>\n\n\n\n<p>Para que puedas comprar cosas en Ecuador, te recomendamos comprar d\u00f3lares en una casa de cambio. No compres d\u00f3lares en la calle, busca locales confiables. De acuerdo al pa\u00eds de donde vengas, tu dinero tendr\u00e1 un valor espec\u00edfico. <\/p>\n\n\n\n<p>Para conocer cu\u00e1ntos d\u00f3lares podr\u00e1s comprar con el dinero que tienes disponible, haz click en el siguiente enlace:\u00a0<a href=\"https:\/\/bit.ly\/383TenE\"><a href=\"https:\/\/www.oanda.com\/currency-converter\/es\/?from=EUR&amp;to=USD&amp;amount=1\">Conversor de divisas | Tipos de cambio | OANDA<\/a><\/a><\/p>\n\n\n\n<p><strong>\u00a1Recuerda!<\/strong>\u00a0Los valores pueden cambiar de un d\u00eda al otro.<\/p>\n","protected":false},"excerpt":{"rendered":"<p>En Ecuador la moneda oficial y la \u00fanica que se utiliza es el d\u00f3lar estadounidense. Para que puedas comprar cosas en Ecuador, te recomendamos comprar d\u00f3lares en una casa de cambio. No compres d\u00f3lares en la calle, busca locales confiables. De acuerdo al pa\u00eds de donde vengas, tu dinero tendr\u00e1 un valor espec\u00edfico. Para conocer [&hellip;]<\/p>\n","protected":false},"author":35,"featured_media":0,"parent":1401,"menu_order":1,"comment_status":"closed","ping_status":"closed","template":"","meta":{"_acf_changed":false,"footnotes":""},"class_list":["post-1642","page","type-page","status-publish","hentry"],"acf":[],"_links":{"self":[{"href":"https:\/\/help.unhcr.org\/ecuador\/wp-json\/wp\/v2\/pages\/1642","targetHints":{"allow":["GET"]}}],"collection":[{"href":"https:\/\/help.unhcr.org\/ecuador\/wp-json\/wp\/v2\/pages"}],"about":[{"href":"https:\/\/help.unhcr.org\/ecuador\/wp-json\/wp\/v2\/types\/page"}],"author":[{"embeddable":true,"href":"https:\/\/help.unhcr.org\/ecuador\/wp-json\/wp\/v2\/users\/35"}],"replies":[{"embeddable":true,"href":"https:\/\/help.unhcr.org\/ecuador\/wp-json\/wp\/v2\/comments?post=1642"}],"version-history":[{"count":3,"href":"https:\/\/help.unhcr.org\/ecuador\/wp-json\/wp\/v2\/pages\/1642\/revisions"}],"predecessor-version":[{"id":5954,"href":"https:\/\/help.unhcr.org\/ecuador\/wp-json\/wp\/v2\/pages\/1642\/revisions\/5954"}],"up":[{"embeddable":true,"href":"https:\/\/help.unhcr.org\/ecuador\/wp-json\/wp\/v2\/pages\/1401"}],"wp:attachment":[{"href":"https:\/\/help.unhcr.org\/ecuador\/wp-json\/wp\/v2\/media?parent=1642"}],"curies":[{"name":"wp","href":"https:\/\/api.w.org\/{rel}","templated":true}]}}