{"id":1635,"date":"2020-12-01T20:24:28","date_gmt":"2020-12-01T20:24:28","guid":{"rendered":"http:\/\/help.unhcr.org\/ecuador\/?page_id=1635"},"modified":"2026-04-15T22:35:50","modified_gmt":"2026-04-15T22:35:50","slug":"controles-migratorios","status":"publish","type":"page","link":"https:\/\/help.unhcr.org\/ecuador\/bienvenido-a\/alternativas-migratorias\/controles-migratorios\/","title":{"rendered":"Controles migratorios"},"content":{"rendered":"\n<p>Las autoridades ecuatorianas (migraci\u00f3n y polic\u00eda) pueden realizar operativos de control migratorio. En estos operativos puedes ser multado\/a, podrian pedirte salir del pais o activar otros procesos como la deportaci\u00f3n. Para recibir asesor\u00eda y asistencia legal gratuita comunicate con la <a href=\"https:\/\/www.defensoria.gob.ec\/?page_id=22769\" target=\"_blank\" rel=\"noreferrer noopener\">Defensor\u00eda P\u00fablica.<\/a>\u00a0<\/p>\n\n\n\n<p>\u26a0\ufe0f <strong>\u00a1Atenci\u00f3n!<\/strong> Siempre lleva contigo tus documentos de identidad y respaldo de visa (el documento digital o una copia f\u00edsica); son tu \u00fanico respaldo ante controles migratorios y para realizar tr\u00e1mites en Ecuador. <\/p>\n\n\n\n<p><\/p>\n","protected":false},"excerpt":{"rendered":"<p>Las autoridades ecuatorianas (migraci\u00f3n y polic\u00eda) pueden realizar operativos de control migratorio. En estos operativos puedes ser multado\/a, podrian pedirte salir del pais o activar otros procesos como la deportaci\u00f3n. Para recibir asesor\u00eda y asistencia legal gratuita comunicate con la Defensor\u00eda P\u00fablica.\u00a0 \u26a0\ufe0f \u00a1Atenci\u00f3n! Siempre lleva contigo tus documentos de identidad y respaldo de visa [&hellip;]<\/p>\n","protected":false},"author":35,"featured_media":0,"parent":104,"menu_order":2,"comment_status":"closed","ping_status":"closed","template":"","meta":{"_acf_changed":false,"footnotes":""},"class_list":["post-1635","page","type-page","status-publish","hentry"],"acf":[],"_links":{"self":[{"href":"https:\/\/help.unhcr.org\/ecuador\/wp-json\/wp\/v2\/pages\/1635","targetHints":{"allow":["GET"]}}],"collection":[{"href":"https:\/\/help.unhcr.org\/ecuador\/wp-json\/wp\/v2\/pages"}],"about":[{"href":"https:\/\/help.unhcr.org\/ecuador\/wp-json\/wp\/v2\/types\/page"}],"author":[{"embeddable":true,"href":"https:\/\/help.unhcr.org\/ecuador\/wp-json\/wp\/v2\/users\/35"}],"replies":[{"embeddable":true,"href":"https:\/\/help.unhcr.org\/ecuador\/wp-json\/wp\/v2\/comments?post=1635"}],"version-history":[{"count":15,"href":"https:\/\/help.unhcr.org\/ecuador\/wp-json\/wp\/v2\/pages\/1635\/revisions"}],"predecessor-version":[{"id":6157,"href":"https:\/\/help.unhcr.org\/ecuador\/wp-json\/wp\/v2\/pages\/1635\/revisions\/6157"}],"up":[{"embeddable":true,"href":"https:\/\/help.unhcr.org\/ecuador\/wp-json\/wp\/v2\/pages\/104"}],"wp:attachment":[{"href":"https:\/\/help.unhcr.org\/ecuador\/wp-json\/wp\/v2\/media?parent=1635"}],"curies":[{"name":"wp","href":"https:\/\/api.w.org\/{rel}","templated":true}]}}