{"id":1552,"date":"2020-11-30T17:46:18","date_gmt":"2020-11-30T17:46:18","guid":{"rendered":"http:\/\/help.unhcr.org\/ecuador\/?page_id=1552"},"modified":"2022-01-23T23:28:48","modified_gmt":"2022-01-23T23:28:48","slug":"integracion-local","status":"publish","type":"page","link":"https:\/\/help.unhcr.org\/ecuador\/bienvenido-a\/soluciones-duraderas\/integracion-local\/","title":{"rendered":"Integraci\u00f3n local"},"content":{"rendered":"\n<p>La integraci\u00f3n local es la opci\u00f3n m\u00e1s viable \u2705 para las personas refugiadas. Este es un proceso progresivo que <strong>requiere del esfuerzo de las personas refugiadas, solicitantes de asilo y de la comunidad de acogida.<\/strong><\/p>\n\n\n\n<p>En muchos casos, la adquisici\u00f3n de la nacionalidad del pa\u00eds de asilo es la finalizaci\u00f3n de este proceso. <\/p>\n\n\n\n<p>ACNUR y sus agencias socias apoyan a las personas a trav\u00e9s de medios de vida para que pueda integrarse en las comunidades locales. <\/p>\n\n\n\n<p>? Es importante que sepas que tienes los mismos derechos y deberes que las personas ecuatorianas. Si necesita informaci\u00f3n sobre c\u00f3mo acceder a los servicios, puedes ingresar en este <a href=\"https:\/\/help.unhcr.org\/ecuador\/bienvenido-a\/educacion-salud-alimentacion-y-otros-servicios\/\">enlace<\/a>.<\/p>\n\n\n\n<p>Para m\u00e1s informaci\u00f3n general sobre formas de integrarte, puedes comunicarte con los n\u00fameros de <a href=\"https:\/\/help.unhcr.org\/ecuador\/bienvenido-a\/donde-encontrar-ayuda\/oficinas-acnur\/\">ACNUR<\/a>. &nbsp;<\/p>\n","protected":false},"excerpt":{"rendered":"<p>La integraci\u00f3n local es la opci\u00f3n m\u00e1s viable \u2705 para las personas refugiadas. Este es un proceso progresivo que requiere del esfuerzo de las personas refugiadas, solicitantes de asilo y de la comunidad de acogida. En muchos casos, la adquisici\u00f3n de la nacionalidad del pa\u00eds de asilo es la finalizaci\u00f3n de este proceso. ACNUR y [&hellip;]<\/p>\n","protected":false},"author":35,"featured_media":0,"parent":1539,"menu_order":1,"comment_status":"closed","ping_status":"closed","template":"","meta":{"_acf_changed":false,"footnotes":""},"class_list":["post-1552","page","type-page","status-publish","hentry"],"acf":[],"_links":{"self":[{"href":"https:\/\/help.unhcr.org\/ecuador\/wp-json\/wp\/v2\/pages\/1552","targetHints":{"allow":["GET"]}}],"collection":[{"href":"https:\/\/help.unhcr.org\/ecuador\/wp-json\/wp\/v2\/pages"}],"about":[{"href":"https:\/\/help.unhcr.org\/ecuador\/wp-json\/wp\/v2\/types\/page"}],"author":[{"embeddable":true,"href":"https:\/\/help.unhcr.org\/ecuador\/wp-json\/wp\/v2\/users\/35"}],"replies":[{"embeddable":true,"href":"https:\/\/help.unhcr.org\/ecuador\/wp-json\/wp\/v2\/comments?post=1552"}],"version-history":[{"count":6,"href":"https:\/\/help.unhcr.org\/ecuador\/wp-json\/wp\/v2\/pages\/1552\/revisions"}],"predecessor-version":[{"id":4460,"href":"https:\/\/help.unhcr.org\/ecuador\/wp-json\/wp\/v2\/pages\/1552\/revisions\/4460"}],"up":[{"embeddable":true,"href":"https:\/\/help.unhcr.org\/ecuador\/wp-json\/wp\/v2\/pages\/1539"}],"wp:attachment":[{"href":"https:\/\/help.unhcr.org\/ecuador\/wp-json\/wp\/v2\/media?parent=1552"}],"curies":[{"name":"wp","href":"https:\/\/api.w.org\/{rel}","templated":true}]}}