{"id":1547,"date":"2020-11-30T17:42:38","date_gmt":"2020-11-30T17:42:38","guid":{"rendered":"http:\/\/help.unhcr.org\/ecuador\/?page_id=1547"},"modified":"2022-06-23T20:31:06","modified_gmt":"2022-06-23T20:31:06","slug":"1547-2","status":"publish","type":"page","link":"https:\/\/help.unhcr.org\/ecuador\/1547-2\/","title":{"rendered":"Retorno voluntario"},"content":{"rendered":"\n<figure class=\"wp-block-pullquote\"><blockquote><p>ACNUR y sus organizaciones socias \u26d4 <strong>no entregan asistencia<\/strong> para que personas venezolanas regresen a su pa\u00eds.<\/p><\/blockquote><\/figure>\n\n\n\n<p>? Antes de emprender el regreso, es importante que se cuente con informaci\u00f3n objetiva de las condiciones actuales de el pa\u00eds de origen.<\/p>\n\n\n\n<p>Para tener m\u00e1s informaci\u00f3n y asesor\u00eda en general, puedes comunicarte con la oficina de ACNUR m\u00e1s cercana a la ciudad donde vives. Para conocer los contactos, da click en este enlace: <a href=\"https:\/\/help.unhcr.org\/ecuador\/bienvenido-a\/donde-encontrar-ayuda\/oficinas-acnur\/\">N\u00fameros de ACNUR &#8211; Ecuador<\/a>.<\/p>\n","protected":false},"excerpt":{"rendered":"<p>ACNUR y sus organizaciones socias \u26d4 no entregan asistencia para que personas venezolanas regresen a su pa\u00eds. ? Antes de emprender el regreso, es importante que se cuente con informaci\u00f3n objetiva de las condiciones actuales de el pa\u00eds de origen. Para tener m\u00e1s informaci\u00f3n y asesor\u00eda en general, puedes comunicarte con la oficina de ACNUR [&hellip;]<\/p>\n","protected":false},"author":35,"featured_media":0,"parent":0,"menu_order":7,"comment_status":"closed","ping_status":"closed","template":"","meta":{"_acf_changed":false,"footnotes":""},"class_list":["post-1547","page","type-page","status-publish","hentry"],"acf":[],"_links":{"self":[{"href":"https:\/\/help.unhcr.org\/ecuador\/wp-json\/wp\/v2\/pages\/1547","targetHints":{"allow":["GET"]}}],"collection":[{"href":"https:\/\/help.unhcr.org\/ecuador\/wp-json\/wp\/v2\/pages"}],"about":[{"href":"https:\/\/help.unhcr.org\/ecuador\/wp-json\/wp\/v2\/types\/page"}],"author":[{"embeddable":true,"href":"https:\/\/help.unhcr.org\/ecuador\/wp-json\/wp\/v2\/users\/35"}],"replies":[{"embeddable":true,"href":"https:\/\/help.unhcr.org\/ecuador\/wp-json\/wp\/v2\/comments?post=1547"}],"version-history":[{"count":7,"href":"https:\/\/help.unhcr.org\/ecuador\/wp-json\/wp\/v2\/pages\/1547\/revisions"}],"predecessor-version":[{"id":5156,"href":"https:\/\/help.unhcr.org\/ecuador\/wp-json\/wp\/v2\/pages\/1547\/revisions\/5156"}],"wp:attachment":[{"href":"https:\/\/help.unhcr.org\/ecuador\/wp-json\/wp\/v2\/media?parent=1547"}],"curies":[{"name":"wp","href":"https:\/\/api.w.org\/{rel}","templated":true}]}}