{"id":1500,"date":"2020-11-25T14:17:09","date_gmt":"2020-11-25T14:17:09","guid":{"rendered":"http:\/\/help.unhcr.org\/ecuador\/?page_id=1500"},"modified":"2025-12-14T19:55:17","modified_gmt":"2025-12-14T19:55:17","slug":"que-puedo-hacer-si-mi-solicitud-de-visa-fue-rechazada","status":"publish","type":"page","link":"https:\/\/help.unhcr.org\/ecuador\/bienvenido-a\/acceso-a-la-condicion-de-personas-refugiada-asilo-y-tramites-migratorios\/que-puedo-hacer-si-mi-solicitud-de-visa-fue-rechazada\/","title":{"rendered":"\u00bfQu\u00e9 puedo hacer si mi solicitud de visa fue inadmitida o rechazada?"},"content":{"rendered":"\n<p>Si tu solicitud de la condici\u00f3n de persona refugiada o ap\u00e1trida fue inadmitida o rechazada, puedes pedir a las autoridades ecuatorianas que reconsideren su decisi\u00f3n. Esto se hace a trav\u00e9s de recursos legales como apelaci\u00f3n o extraordinario de revisi\u00f3n.&nbsp;&nbsp;<\/p>\n\n\n\n<p>Puedes presentar una apelaci\u00f3n dentro de los<strong> 10 d\u00edas<\/strong> <strong>h\u00e1biles<\/strong> despu\u00e9s de recibir la notificaci\u00f3n negativa. El recurso extraordinario de revisi\u00f3n solamente se puede presentar por las causales y plazos determinadas en la Ley.&nbsp;&nbsp;<\/p>\n\n\n\n<p>Sabemos que presentar recursos puede ser complicado si no se conocen las leyes del pa\u00eds. Si tu caso fue inadmitido o rechazado, solicita asesor\u00eda legal gratuita lo m\u00e1s pronto posible a la <a href=\"https:\/\/www.defensoria.gob.ec\/?page_id=22769\" target=\"_blank\" rel=\"noreferrer noopener\">Defensor\u00eda P\u00fablica<\/a> o el <a href=\"https:\/\/nrc.org.co\/\" target=\"_blank\" rel=\"noreferrer noopener\">Consejo Noruego <\/a>para Refugiados.\u00a0<\/p>\n\n\n\n<p><strong>Si quieres presentar un recurso por tu cuenta, tambi\u00e9n puedes hacerlo, siguiendo estas instrucciones: <\/strong>Ingresa en este enlace para presentar una apelaci\u00f3n (<a href=\"https:\/\/www.gob.ec\/mremh\/tramites\/recurso-administrativo-apelacion\" target=\"_blank\" rel=\"noreferrer noopener\">https:\/\/www.gob.ec\/mremh\/tramites\/recurso-administrativo-apelacion<\/a>) o a este para presentar un recurso extraordinario de revisi\u00f3n (<a href=\"https:\/\/www.gob.ec\/mremh\/tramites\/recurso-administrativo-extraordinario-revision\" target=\"_blank\" rel=\"noreferrer noopener\">https:\/\/www.gob.ec\/mremh\/tramites\/recurso-administrativo-extraordinario-revision <\/a>Se abrir\u00e1 una p\u00e1gina con informaci\u00f3n general&nbsp; del proceso; haz click en el bot\u00f3n que dice \u201c<strong>Ir al tr\u00e1mite en l\u00ednea\u201d<\/strong>, que est\u00e1 al final de la p\u00e1gina&nbsp;<\/p>\n\n\n\n<ul class=\"wp-block-list\">\n<li>En la p\u00e1gina de tr\u00e1mite en l\u00ednea, debes llenar tus datos personales, incluyendo un correo electr\u00f3nico. Usa un correo electr\u00f3nico personal y al que tengas acceso porque ah\u00ed recibir\u00e1s toda la informaci\u00f3n sobre tu tr\u00e1mite.&nbsp;<\/li>\n<\/ul>\n\n\n\n<ul class=\"wp-block-list\">\n<li>Al terminar de llenar la informaci\u00f3n, presiona el bot\u00f3n <strong>\u201ccontinuar\u201d<\/strong>. Aparecer\u00e1 una pantalla en la que te pedir\u00e1n un <strong>c\u00f3digo de confirmaci\u00f3n<\/strong>. Para obtener el c\u00f3digo, ingresa a la bandeja de entrada del correo electr\u00f3nico que ingresaste en el formulario y busca un correo que te lleg\u00f3 ese momento con el asunto \u201c<strong>C\u00f3digo de confirmaci\u00f3n\u201d<\/strong>. All\u00ed encuentras el c\u00f3digo que debes pegar en la p\u00e1gina del tr\u00e1mite.&nbsp;&nbsp;<\/li>\n<\/ul>\n\n\n\n<ul class=\"wp-block-list\">\n<li>Presiona <strong>\u201ccontinuar\u201d<\/strong>. Ahora que has confirmado que tienes acceso a tu correo electr\u00f3nico, puedes seguir llenando el formulario y adjuntar tu escrito de de apelaci\u00f3n oextraordinario de revisi\u00f3n.&nbsp;<\/li>\n<\/ul>\n\n\n\n<p><strong>Recuerda <\/strong>que tu escrito debe contener, al menos:&nbsp;<\/p>\n\n\n\n<ol start=\"1\" class=\"wp-block-list\">\n<li>Nombre y apellidos completos, n\u00famero de documento de identificaci\u00f3n, pasaporte (si lo tiene), estado civil, edad, profesi\u00f3n u ocupaci\u00f3n, direcci\u00f3n domiciliaria y correo electr\u00f3nico.&nbsp;<\/li>\n<\/ol>\n\n\n\n<ol start=\"2\" class=\"wp-block-list\">\n<li>Narraci\u00f3n detallada de los hechos del caso&nbsp;<\/li>\n<\/ol>\n\n\n\n<ol start=\"3\" class=\"wp-block-list\">\n<li>Enunciar, describir y aportar la prueba que considere necesarias&nbsp;<\/li>\n<\/ol>\n\n\n\n<ol start=\"4\" class=\"wp-block-list\">\n<li>Las normas en las que se basa el recurso&nbsp;<\/li>\n<\/ol>\n\n\n\n<ol start=\"5\" class=\"wp-block-list\">\n<li>A qui\u00e9n est\u00e1 dirigido el recurso: ser\u00eda a la Subsecretar\u00eda de Protecci\u00f3n Internacional en el caso de la apelaci\u00f3n, y al viceministro de movilidad humana en caso del extraordinario de revisi\u00f3n.&nbsp;<\/li>\n<\/ol>\n\n\n\n<ol start=\"6\" class=\"wp-block-list\">\n<li>Indicar el n\u00famero que identifica a la decisi\u00f3n de inadmisi\u00f3n o rechazo de la solicitud de la condici\u00f3n de refugiado o ap\u00e1trida&nbsp;<\/li>\n<\/ol>\n\n\n\n<ol start=\"7\" class=\"wp-block-list\">\n<li>Firmar el escrito&nbsp;<\/li>\n<\/ol>\n\n\n\n<p><strong>Recuerda revisar tu correo electr\u00f3nico a diario para recibir informaci\u00f3n sobre tu proceso.<\/strong>&nbsp;<\/p>\n\n\n\n<p><\/p>\n","protected":false},"excerpt":{"rendered":"<p>Si tu solicitud de la condici\u00f3n de persona refugiada o ap\u00e1trida fue inadmitida o rechazada, puedes pedir a las autoridades ecuatorianas que reconsideren su decisi\u00f3n. Esto se hace a trav\u00e9s de recursos legales como apelaci\u00f3n o extraordinario de revisi\u00f3n.&nbsp;&nbsp; Puedes presentar una apelaci\u00f3n dentro de los 10 d\u00edas h\u00e1biles despu\u00e9s de recibir la notificaci\u00f3n negativa. [&hellip;]<\/p>\n","protected":false},"author":35,"featured_media":0,"parent":802,"menu_order":3,"comment_status":"closed","ping_status":"closed","template":"","meta":{"_acf_changed":false,"footnotes":""},"class_list":["post-1500","page","type-page","status-publish","hentry"],"acf":[],"_links":{"self":[{"href":"https:\/\/help.unhcr.org\/ecuador\/wp-json\/wp\/v2\/pages\/1500","targetHints":{"allow":["GET"]}}],"collection":[{"href":"https:\/\/help.unhcr.org\/ecuador\/wp-json\/wp\/v2\/pages"}],"about":[{"href":"https:\/\/help.unhcr.org\/ecuador\/wp-json\/wp\/v2\/types\/page"}],"author":[{"embeddable":true,"href":"https:\/\/help.unhcr.org\/ecuador\/wp-json\/wp\/v2\/users\/35"}],"replies":[{"embeddable":true,"href":"https:\/\/help.unhcr.org\/ecuador\/wp-json\/wp\/v2\/comments?post=1500"}],"version-history":[{"count":15,"href":"https:\/\/help.unhcr.org\/ecuador\/wp-json\/wp\/v2\/pages\/1500\/revisions"}],"predecessor-version":[{"id":6020,"href":"https:\/\/help.unhcr.org\/ecuador\/wp-json\/wp\/v2\/pages\/1500\/revisions\/6020"}],"up":[{"embeddable":true,"href":"https:\/\/help.unhcr.org\/ecuador\/wp-json\/wp\/v2\/pages\/802"}],"wp:attachment":[{"href":"https:\/\/help.unhcr.org\/ecuador\/wp-json\/wp\/v2\/media?parent=1500"}],"curies":[{"name":"wp","href":"https:\/\/api.w.org\/{rel}","templated":true}]}}