{"id":1454,"date":"2020-11-24T05:06:10","date_gmt":"2020-11-24T05:06:10","guid":{"rendered":"http:\/\/help.unhcr.org\/ecuador\/?page_id=1454"},"modified":"2022-06-23T20:33:48","modified_gmt":"2022-06-23T20:33:48","slug":"educacion-salud-alimentacion-y-otros-servicios","status":"publish","type":"page","link":"https:\/\/help.unhcr.org\/ecuador\/bienvenido-a\/educacion-salud-alimentacion-y-otros-servicios\/","title":{"rendered":"Integraci\u00f3n local: Educaci\u00f3n, salud, alimentaci\u00f3n, trabajo y otros servicios"},"content":{"rendered":"\n<p><strong><br>\u00bfQuieres acceder al servicio de salud o quieres inscribir a tus hijos en el sistema de educaci\u00f3n?<\/strong><\/p>\n\n\n\n<p id=\"block-974b0d5d-5179-4bff-be57-9c4cba2e1dcd\">Abajo puedes encontrar informaci\u00f3n sobre temas relacionados al acceso a derechos en Ecuador como educaci\u00f3n y salud e integraci\u00f3n local.<\/p>\n","protected":false},"excerpt":{"rendered":"<p>\u00bfQuieres acceder al servicio de salud o quieres inscribir a tus hijos en el sistema de educaci\u00f3n? Abajo puedes encontrar informaci\u00f3n sobre temas relacionados al acceso a derechos en Ecuador como educaci\u00f3n y salud e integraci\u00f3n local.<\/p>\n","protected":false},"author":35,"featured_media":0,"parent":65,"menu_order":6,"comment_status":"closed","ping_status":"closed","template":"page-templates\/listing_page.php","meta":{"_acf_changed":false,"footnotes":""},"class_list":["post-1454","page","type-page","status-publish","hentry"],"acf":[],"_links":{"self":[{"href":"https:\/\/help.unhcr.org\/ecuador\/wp-json\/wp\/v2\/pages\/1454","targetHints":{"allow":["GET"]}}],"collection":[{"href":"https:\/\/help.unhcr.org\/ecuador\/wp-json\/wp\/v2\/pages"}],"about":[{"href":"https:\/\/help.unhcr.org\/ecuador\/wp-json\/wp\/v2\/types\/page"}],"author":[{"embeddable":true,"href":"https:\/\/help.unhcr.org\/ecuador\/wp-json\/wp\/v2\/users\/35"}],"replies":[{"embeddable":true,"href":"https:\/\/help.unhcr.org\/ecuador\/wp-json\/wp\/v2\/comments?post=1454"}],"version-history":[{"count":5,"href":"https:\/\/help.unhcr.org\/ecuador\/wp-json\/wp\/v2\/pages\/1454\/revisions"}],"predecessor-version":[{"id":5150,"href":"https:\/\/help.unhcr.org\/ecuador\/wp-json\/wp\/v2\/pages\/1454\/revisions\/5150"}],"up":[{"embeddable":true,"href":"https:\/\/help.unhcr.org\/ecuador\/wp-json\/wp\/v2\/pages\/65"}],"wp:attachment":[{"href":"https:\/\/help.unhcr.org\/ecuador\/wp-json\/wp\/v2\/media?parent=1454"}],"curies":[{"name":"wp","href":"https:\/\/api.w.org\/{rel}","templated":true}]}}