{"id":1445,"date":"2020-11-24T14:02:58","date_gmt":"2020-11-24T14:02:58","guid":{"rendered":"http:\/\/help.unhcr.org\/ecuador\/?page_id=1445"},"modified":"2025-12-14T21:15:31","modified_gmt":"2025-12-14T21:15:31","slug":"salud","status":"publish","type":"page","link":"https:\/\/help.unhcr.org\/ecuador\/bienvenido-a\/educacion-salud-alimentacion-y-otros-servicios\/salud\/","title":{"rendered":"Salud"},"content":{"rendered":"\n<p>Los ? servicios de salud p\u00fablica en el Ecuador\u00a0<strong>son gratuitos.<\/strong>\u00a0Todas las personas tienen derecho a acceder a estos servicios, sin importar cu\u00e1l sea su nacionalidad, condici\u00f3n migratoria y si tienen o no documentaci\u00f3n.<\/p>\n\n\n\n<p>Si requieres atenci\u00f3n acude con confianza \u2705, no ser\u00e1s penalizado\/a ni recibir\u00e1s multas por el hecho de no contar con un documento o una visa.<\/p>\n\n\n\n<p>Abajo puedes encontrar informaci\u00f3n relevante sobre c\u00f3mo acceder al sistema de salud p\u00fablica. <\/p>\n\n\n\n<p><\/p>\n","protected":false},"excerpt":{"rendered":"<p>Los ? servicios de salud p\u00fablica en el Ecuador\u00a0son gratuitos.\u00a0Todas las personas tienen derecho a acceder a estos servicios, sin importar cu\u00e1l sea su nacionalidad, condici\u00f3n migratoria y si tienen o no documentaci\u00f3n. Si requieres atenci\u00f3n acude con confianza \u2705, no ser\u00e1s penalizado\/a ni recibir\u00e1s multas por el hecho de no contar con un documento [&hellip;]<\/p>\n","protected":false},"author":35,"featured_media":0,"parent":1454,"menu_order":2,"comment_status":"closed","ping_status":"closed","template":"page-templates\/listing_page.php","meta":{"_acf_changed":false,"footnotes":""},"class_list":["post-1445","page","type-page","status-publish","hentry"],"acf":[],"_links":{"self":[{"href":"https:\/\/help.unhcr.org\/ecuador\/wp-json\/wp\/v2\/pages\/1445","targetHints":{"allow":["GET"]}}],"collection":[{"href":"https:\/\/help.unhcr.org\/ecuador\/wp-json\/wp\/v2\/pages"}],"about":[{"href":"https:\/\/help.unhcr.org\/ecuador\/wp-json\/wp\/v2\/types\/page"}],"author":[{"embeddable":true,"href":"https:\/\/help.unhcr.org\/ecuador\/wp-json\/wp\/v2\/users\/35"}],"replies":[{"embeddable":true,"href":"https:\/\/help.unhcr.org\/ecuador\/wp-json\/wp\/v2\/comments?post=1445"}],"version-history":[{"count":6,"href":"https:\/\/help.unhcr.org\/ecuador\/wp-json\/wp\/v2\/pages\/1445\/revisions"}],"predecessor-version":[{"id":5088,"href":"https:\/\/help.unhcr.org\/ecuador\/wp-json\/wp\/v2\/pages\/1445\/revisions\/5088"}],"up":[{"embeddable":true,"href":"https:\/\/help.unhcr.org\/ecuador\/wp-json\/wp\/v2\/pages\/1454"}],"wp:attachment":[{"href":"https:\/\/help.unhcr.org\/ecuador\/wp-json\/wp\/v2\/media?parent=1445"}],"curies":[{"name":"wp","href":"https:\/\/api.w.org\/{rel}","templated":true}]}}