{"id":1412,"date":"2020-11-20T20:49:59","date_gmt":"2020-11-20T20:49:59","guid":{"rendered":"http:\/\/help.unhcr.org\/ecuador\/?page_id=1412"},"modified":"2026-04-29T17:32:10","modified_gmt":"2026-04-29T17:32:10","slug":"lineas-de-emergencia","status":"publish","type":"page","link":"https:\/\/help.unhcr.org\/ecuador\/bienvenido-a\/donde-encontrar-ayuda\/lineas-de-emergencia\/","title":{"rendered":"L\u00edneas de emergencia"},"content":{"rendered":"\n<p>Si necesitas ayuda urgente por amenazas, riesgos contra tu vida o fuiste v\u00edctima de un delito, puedes llamar a los n\u00fameros de emergencia. Los n\u00fameros de emergencia est\u00e1n abiertos a todas las personas, sin importar tu nacionalidad, condici\u00f3n migratoria, si tienes documentaci\u00f3n vigente o no. \u00a0<\/p>\n\n\n\n<p><\/p>\n\n\n\n<p><\/p>\n","protected":false},"excerpt":{"rendered":"<p>Si necesitas ayuda urgente por amenazas, riesgos contra tu vida o fuiste v\u00edctima de un delito, puedes llamar a los n\u00fameros de emergencia. Los n\u00fameros de emergencia est\u00e1n abiertos a todas las personas, sin importar tu nacionalidad, condici\u00f3n migratoria, si tienes documentaci\u00f3n vigente o no. \u00a0<\/p>\n","protected":false},"author":35,"featured_media":0,"parent":67,"menu_order":3,"comment_status":"closed","ping_status":"closed","template":"page-templates\/sectioned.php","meta":{"_acf_changed":false,"footnotes":""},"class_list":["post-1412","page","type-page","status-publish","hentry"],"acf":[],"_links":{"self":[{"href":"https:\/\/help.unhcr.org\/ecuador\/wp-json\/wp\/v2\/pages\/1412","targetHints":{"allow":["GET"]}}],"collection":[{"href":"https:\/\/help.unhcr.org\/ecuador\/wp-json\/wp\/v2\/pages"}],"about":[{"href":"https:\/\/help.unhcr.org\/ecuador\/wp-json\/wp\/v2\/types\/page"}],"author":[{"embeddable":true,"href":"https:\/\/help.unhcr.org\/ecuador\/wp-json\/wp\/v2\/users\/35"}],"replies":[{"embeddable":true,"href":"https:\/\/help.unhcr.org\/ecuador\/wp-json\/wp\/v2\/comments?post=1412"}],"version-history":[{"count":19,"href":"https:\/\/help.unhcr.org\/ecuador\/wp-json\/wp\/v2\/pages\/1412\/revisions"}],"predecessor-version":[{"id":6184,"href":"https:\/\/help.unhcr.org\/ecuador\/wp-json\/wp\/v2\/pages\/1412\/revisions\/6184"}],"up":[{"embeddable":true,"href":"https:\/\/help.unhcr.org\/ecuador\/wp-json\/wp\/v2\/pages\/67"}],"wp:attachment":[{"href":"https:\/\/help.unhcr.org\/ecuador\/wp-json\/wp\/v2\/media?parent=1412"}],"curies":[{"name":"wp","href":"https:\/\/api.w.org\/{rel}","templated":true}]}}