{"id":1382,"date":"2020-11-18T03:59:44","date_gmt":"2020-11-18T03:59:44","guid":{"rendered":"http:\/\/help.unhcr.org\/ecuador\/?page_id=1382"},"modified":"2026-04-15T21:33:57","modified_gmt":"2026-04-15T21:33:57","slug":"contactos-de-organizaciones","status":"publish","type":"page","link":"https:\/\/help.unhcr.org\/ecuador\/bienvenido-a\/donde-encontrar-ayuda\/contactos-de-organizaciones\/","title":{"rendered":"Organizaciones"},"content":{"rendered":"\n<figure class=\"wp-block-table\"><table><tbody><tr><td>En esta lista puedes encontrar la informaci\u00f3n de las organizaciones que pueden ayudarte de acuerdo con tus necesidades. Haz click en el nombre de cada organizaci\u00f3n para m\u00e1s informaci\u00f3n. &nbsp;<\/td><\/tr><\/tbody><\/table><\/figure>\n\n\n\n<ul class=\"wp-block-list\">\n<li>Solicitar la&nbsp;<strong>condici\u00f3n de persona refugiada:<\/strong>&nbsp;<a href=\"https:\/\/www.defensoria.gob.ec\/?page_id=22769\" data-type=\"link\" data-id=\"https:\/\/www.defensoria.gob.ec\/?page_id=22769\">Defensor\u00eda P\u00fablica<\/a> y <a href=\"https:\/\/help.unhcr.org\/ecuador\/bienvenido-a\/donde-encontrar-ayuda\/oficinas-acnur\/\">ACNUR<\/a><\/li>\n\n\n\n<li>Asesor\u00eda&nbsp;<strong>legal general y regularizaci\u00f3n migratoria:<\/strong> <a href=\"https:\/\/www.defensoria.gob.ec\/?page_id=22769\" data-type=\"link\" data-id=\"https:\/\/www.defensoria.gob.ec\/?page_id=22769\">Defensor\u00eda P\u00fablica<\/a> y <a href=\"https:\/\/www.defensoria.gob.ec\/?page_id=22765\">Consultorios Jur\u00eddicos Gratuitos | Defensor\u00eda P\u00fablica del Ecuador<\/a>.<\/li>\n\n\n\n<li>Acceso a<strong>&nbsp;salud:<\/strong>&nbsp;antes de acudir un centro de salud llama gratuitamente al 171. Si has sido v\u00edctima de discriminaci\u00f3n en el sistema de salud:&nbsp;<a href=\"https:\/\/www.dpe.gob.ec\/donde-estamos\/\">Defensor\u00eda del Pueblo<\/a>,&nbsp;<a href=\"https:\/\/dialogodiverso.org\/contact-page\/\">Di\u00e1logo Diverso<\/a>,&nbsp;<a href=\"https:\/\/help.unhcr.org\/ecuador\/fepp\/\">FEPP<\/a>,&nbsp;<a href=\"https:\/\/fundacionalasdecolibri.org\/contactos\/\">Fundaci\u00f3n Alas de Colibr\u00ed<\/a>,&nbsp;<a href=\"https:\/\/www.care.org.ec\/#\">Care<\/a>,&nbsp;<a href=\"https:\/\/fululu.org\/\">Lunita Lunera<\/a>.<\/li>\n\n\n\n<li>Acceso a<strong>&nbsp;educaci\u00f3n:<\/strong>&nbsp;<a href=\"https:\/\/fudela.org.ec\/contacto\/\">Fudela<\/a>,&nbsp;<a href=\"https:\/\/hias.org\/where\/ecuador\/\">HIAS<\/a>.<\/li>\n\n\n\n<li><strong>Tarjetas alimentarias:&nbsp;<\/strong><a href=\"https:\/\/hias.org\/where\/ecuador\/\">HIAS<\/a>,&nbsp;<a href=\"https:\/\/adra.org.ec\/contacto\/\">ADRA<\/a><\/li>\n\n\n\n<li>Atenci\u00f3n personas<strong>\u00a0LGBTI+:<\/strong> <a href=\"https:\/\/hias.org\/where\/ecuador\/\">HIAS<\/a>\u00a0,\u00a0<a href=\"https:\/\/dialogodiverso.org\/contact-page\/\">Di\u00e1logo Diverso<\/a>,\u00a0<a href=\"https:\/\/www.kimirina.org\/\">Kimirina<\/a>,\u00a0<a href=\"https:\/\/fequidadecuador.org\/\">Fundaci\u00f3n Ecuatoriana Equidad (Pichincha)<\/a>,\u00a0<a href=\"https:\/\/help.unhcr.org\/ecuador\/fundacion-lunita-lunera\/\"><a href=\"https:\/\/fululu.org\/\">Lunita Lunera<\/a><\/a>,\u00a0<a href=\"https:\/\/wiconnect.iadb.org\/osc\/asociacion-asiris\/\">Asociaci\u00f3n ASIRIS Imbabura<\/a>,\u00a0<a href=\"https:\/\/help.unhcr.org\/ecuador\/colectivo-lgbtih-somos-divers\/\">Colectivo LGBTIH Somos\u00a0Divers@s<\/a>, <a href=\"https:\/\/help.unhcr.org\/ecuador\/union-t-imbabura\/\">Uni\u00f3n T Imbabura<\/a>.<\/li>\n\n\n\n<li>Atenci\u00f3n a personas que viven con<strong>\u00a0VIH:<\/strong>\u00a0<a href=\"https:\/\/help.unhcr.org\/ecuador\/dialogo-diverso\/\"><a href=\"https:\/\/dialogodiverso.org\/contact-page\/\">Di\u00e1logo Diverso<\/a><\/a>,\u00a0<a href=\"https:\/\/www.kimirina.org\/\">Kimirina<\/a>,\u00a0<a href=\"https:\/\/fequidadecuador.org\/servicios\/\">Fundaci\u00f3n Ecuatoriana Equidad<\/a>,\u00a0<a href=\"https:\/\/help.unhcr.org\/ecuador\/asociacion-asiris-imbabura\/\"><a href=\"https:\/\/wiconnect.iadb.org\/osc\/asociacion-asiris\/\">Asociaci\u00f3n ASIRIS Imbabura<\/a><\/a>,\u00a0<a href=\"https:\/\/help.unhcr.org\/ecuador\/colectivo-lgbtih-somos-divers\/\"><a href=\"https:\/\/help.unhcr.org\/ecuador\/colectivo-lgbtih-somos-divers\/\">Colectivo LGBTIH Somos\u00a0Divers@s<\/a><\/a>,\u00a0<a href=\"https:\/\/help.unhcr.org\/ecuador\/bienvenido-a\/donde-encontrar-ayuda\/contactos-de-organizaciones\/care\/\"><a href=\"https:\/\/www.care.org.ec\/#\"><a href=\"https:\/\/www.care.org.ec\/#\">Care<\/a><\/a><\/a>,\u00a0<a href=\"https:\/\/help.unhcr.org\/ecuador\/bienvenido-a\/donde-encontrar-ayuda\/contactos-de-organizaciones\/movihlizate\/\">organizaci\u00f3n MoVIHl\u00edzate<\/a>,\u00a0<a href=\"https:\/\/help.unhcr.org\/ecuador\/fundacion-cepvs-imbabura\/\">Fundaci\u00f3n CEPVS Imbabura<\/a>.<\/li>\n\n\n\n<li>Atenci\u00f3n\u00a0<strong>psicosocial<\/strong>:\u00a0<a href=\"https:\/\/help.unhcr.org\/ecuador\/aldeas-infantiles-sos\/\"><a href=\"https:\/\/aldeasinfantiles.org.ec\/aldeas-infantiles-ecuador\/contactanos\/\">Aldeas infantiles<\/a><\/a>,\u00a0<a href=\"https:\/\/help.unhcr.org\/ecuador\/hias\/\"><a href=\"https:\/\/hias.org\/where\/ecuador\/\">HIAS<\/a><\/a>,\u00a0<a href=\"https:\/\/www.cdh.org.ec\/contactenos.html\">Comit\u00e9 Permanente por la Defensa de los DDHH (CDH)<\/a>,\u00a0<a href=\"https:\/\/fundacionalasdecolibri.org\/contactos\/\">Fundaci\u00f3n Alas de Colibr\u00ed<\/a><\/li>\n\n\n\n<li><strong>Alojamiento temporal:<\/strong>&nbsp;<a href=\"https:\/\/help.unhcr.org\/ecuador\/bienvenido-a\/donde-encontrar-ayuda\/oficinas-acnur\/\">ACNUR<\/a>.<\/li>\n\n\n\n<li>Protecci\u00f3n de\u00a0<strong>ni\u00f1os, ni\u00f1as y adolescentes:<\/strong>\u00a0<a href=\"https:\/\/help.unhcr.org\/ecuador\/aldeas-infantiles-sos\/\"><a href=\"https:\/\/aldeasinfantiles.org.ec\/aldeas-infantiles-ecuador\/contactanos\/\"><a href=\"https:\/\/help.unhcr.org\/ecuador\/aldeas-infantiles-sos\/\"><\/a><a href=\"https:\/\/aldeasinfantiles.org.ec\/aldeas-infantiles-ecuador\/contactanos\/\">Aldeas infantiles<\/a><\/a><\/a>,\u00a0<a href=\"https:\/\/solidaridadyaccion.org\/\" data-type=\"page\" data-id=\"3008\">ASA<\/a>,\u00a0<a href=\"https:\/\/help.unhcr.org\/ecuador\/fudela\/\"><a href=\"https:\/\/fudela.org.ec\/contacto\/\"><a href=\"https:\/\/fudela.org.ec\/contacto\/\">Fudela<\/a><\/a><\/a>,\u00a0<a href=\"https:\/\/help.unhcr.org\/ecuador\/hias\/\"><a href=\"https:\/\/hias.org\/where\/ecuador\/\"><a href=\"https:\/\/hias.org\/where\/ecuador\/\">HIAS<\/a>,<\/a><\/a><a href=\"https:\/\/help.unhcr.org\/ecuador\/bienvenido-a\/donde-encontrar-ayuda\/oficinas-acnur\/\"> <\/a><a href=\"https:\/\/help.unhcr.org\/ecuador\/bienvenido-a\/donde-encontrar-ayuda\/oficinas-acnur\/\">ACNUR<\/a>.<\/li>\n\n\n\n<li><strong>Protecci\u00f3n a personas con discapacidad:<\/strong> <a href=\"https:\/\/help.unhcr.org\/ecuador\/fundacion-arupo-imbabura\/\">Fundaci\u00f3n Arupo &#8211; Imbabura<\/a><\/li>\n\n\n\n<li>Dificultades para acceder a <strong>servicios p\u00fablicos<\/strong> (salud o educaci\u00f3n); cortes de <strong>servicios b\u00e1sicos<\/strong> como: agua, luz o tel\u00e9fono:\u00a0<a href=\"https:\/\/www.dpe.gob.ec\/donde-estamos\/\">Defensor\u00eda del Pueblo<\/a>.<\/li>\n<\/ul>\n\n\n\n<p><\/p>\n","protected":false},"excerpt":{"rendered":"<p>En esta lista puedes encontrar la informaci\u00f3n de las organizaciones que pueden ayudarte de acuerdo con tus necesidades. Haz click en el nombre de cada organizaci\u00f3n para m\u00e1s informaci\u00f3n. &nbsp;<\/p>\n","protected":false},"author":35,"featured_media":0,"parent":67,"menu_order":4,"comment_status":"closed","ping_status":"closed","template":"page-templates\/listing_page.php","meta":{"_acf_changed":false,"footnotes":""},"class_list":["post-1382","page","type-page","status-publish","hentry"],"acf":[],"_links":{"self":[{"href":"https:\/\/help.unhcr.org\/ecuador\/wp-json\/wp\/v2\/pages\/1382","targetHints":{"allow":["GET"]}}],"collection":[{"href":"https:\/\/help.unhcr.org\/ecuador\/wp-json\/wp\/v2\/pages"}],"about":[{"href":"https:\/\/help.unhcr.org\/ecuador\/wp-json\/wp\/v2\/types\/page"}],"author":[{"embeddable":true,"href":"https:\/\/help.unhcr.org\/ecuador\/wp-json\/wp\/v2\/users\/35"}],"replies":[{"embeddable":true,"href":"https:\/\/help.unhcr.org\/ecuador\/wp-json\/wp\/v2\/comments?post=1382"}],"version-history":[{"count":42,"href":"https:\/\/help.unhcr.org\/ecuador\/wp-json\/wp\/v2\/pages\/1382\/revisions"}],"predecessor-version":[{"id":6110,"href":"https:\/\/help.unhcr.org\/ecuador\/wp-json\/wp\/v2\/pages\/1382\/revisions\/6110"}],"up":[{"embeddable":true,"href":"https:\/\/help.unhcr.org\/ecuador\/wp-json\/wp\/v2\/pages\/67"}],"wp:attachment":[{"href":"https:\/\/help.unhcr.org\/ecuador\/wp-json\/wp\/v2\/media?parent=1382"}],"curies":[{"name":"wp","href":"https:\/\/api.w.org\/{rel}","templated":true}]}}