{"id":1340,"date":"2020-11-18T04:22:23","date_gmt":"2020-11-18T04:22:23","guid":{"rendered":"http:\/\/help.unhcr.org\/ecuador\/?page_id=1340"},"modified":"2024-02-01T17:46:40","modified_gmt":"2024-02-01T17:46:40","slug":"fundacion-ecuatoriana-equidad","status":"publish","type":"page","link":"https:\/\/help.unhcr.org\/ecuador\/fundacion-ecuatoriana-equidad\/","title":{"rendered":"Fundaci\u00f3n Ecuatoriana Equidad"},"content":{"rendered":"\n<p>Ofrece servicios de atenci\u00f3n psicol\u00f3gica, salud sexual, acceso a pruebas de VIH, acceso a informaci\u00f3n sobre ejercicio de derechos, acceso a informaci\u00f3n sobre regularizaci\u00f3n de documentos (visas), y cuenta con un centro comunitario LGBTI+. Si te encuentras en Pichincha, puedes comunicarte a estos n\u00fameros:<\/p>\n\n\n\n<ul class=\"wp-block-list\">\n<li>099 667 1112<\/li>\n<\/ul>\n","protected":false},"excerpt":{"rendered":"<p>Ofrece servicios de atenci\u00f3n psicol\u00f3gica, salud sexual, acceso a pruebas de VIH, acceso a informaci\u00f3n sobre ejercicio de derechos, acceso a informaci\u00f3n sobre regularizaci\u00f3n de documentos (visas), y cuenta con un centro comunitario LGBTI+. Si te encuentras en Pichincha, puedes comunicarte a estos n\u00fameros:<\/p>\n","protected":false},"author":35,"featured_media":0,"parent":0,"menu_order":0,"comment_status":"closed","ping_status":"closed","template":"","meta":{"_acf_changed":false,"footnotes":""},"class_list":["post-1340","page","type-page","status-publish","hentry"],"acf":[],"_links":{"self":[{"href":"https:\/\/help.unhcr.org\/ecuador\/wp-json\/wp\/v2\/pages\/1340","targetHints":{"allow":["GET"]}}],"collection":[{"href":"https:\/\/help.unhcr.org\/ecuador\/wp-json\/wp\/v2\/pages"}],"about":[{"href":"https:\/\/help.unhcr.org\/ecuador\/wp-json\/wp\/v2\/types\/page"}],"author":[{"embeddable":true,"href":"https:\/\/help.unhcr.org\/ecuador\/wp-json\/wp\/v2\/users\/35"}],"replies":[{"embeddable":true,"href":"https:\/\/help.unhcr.org\/ecuador\/wp-json\/wp\/v2\/comments?post=1340"}],"version-history":[{"count":3,"href":"https:\/\/help.unhcr.org\/ecuador\/wp-json\/wp\/v2\/pages\/1340\/revisions"}],"predecessor-version":[{"id":5520,"href":"https:\/\/help.unhcr.org\/ecuador\/wp-json\/wp\/v2\/pages\/1340\/revisions\/5520"}],"wp:attachment":[{"href":"https:\/\/help.unhcr.org\/ecuador\/wp-json\/wp\/v2\/media?parent=1340"}],"curies":[{"name":"wp","href":"https:\/\/api.w.org\/{rel}","templated":true}]}}