{"id":1314,"date":"2020-11-16T22:08:32","date_gmt":"2020-11-16T22:08:32","guid":{"rendered":"http:\/\/help.unhcr.org\/ecuador\/?page_id=1314"},"modified":"2021-11-09T17:09:19","modified_gmt":"2021-11-09T17:09:19","slug":"fepp","status":"publish","type":"page","link":"https:\/\/help.unhcr.org\/ecuador\/fepp\/","title":{"rendered":"FEPP"},"content":{"rendered":"\n<p>Puedo comunicarse a tel\u00e9fonos convencionales o celulares de lunes a viernes de &nbsp;08h30 a 17h30, o puedes contactarte por correo electr\u00f3nico:<\/p>\n\n\n\n<ul class=\"wp-block-list\"><li><strong>Bol\u00edvar: <\/strong>\u260e\ufe0f (03) 2 98 4778 ? 099 713 2953 &#8211; ? <a href=\"mailto:guaranda@fepp.org.ec\">guaranda@fepp.org.ec<\/a> &#8211; <a href=\"mailto:esilva@fepp.org.ec\">esilva@fepp.org.ec<\/a><\/li><li><strong>Cotopaxi: <\/strong>\u260e\ufe0f&nbsp; (03) 281 2484 ? 099 594 9331 ? <a href=\"mailto:latacunga@fepp.org.ec\">latacunga@fepp.org.ec<\/a> &#8211; <a href=\"mailto:fmontenegro@fepp.org.ec\">fmontenegro@fepp.org.ec<\/a> &#8211;<\/li><li><strong>Loja &#8211; Zamora Chinchipe:<\/strong> \u260e\ufe0f&nbsp;(07) 272 6989 &#8211; (07) 272 3781 &#8211; ? 098 415 2018 &#8211; ? <a href=\"mailto:loja@fepp.org.ec\">loja@fepp.org.ec<\/a> &#8211;<a href=\"mailto:jcuenca@fepp.org.ec\">jcuenca@fepp.org.ec<\/a><\/li><\/ul>\n","protected":false},"excerpt":{"rendered":"<p>Puedo comunicarse a tel\u00e9fonos convencionales o celulares de lunes a viernes de &nbsp;08h30 a 17h30, o puedes contactarte por correo electr\u00f3nico: Bol\u00edvar: \u260e\ufe0f (03) 2 98 4778 ? 099 713 2953 &#8211; ? guaranda@fepp.org.ec &#8211; esilva@fepp.org.ec Cotopaxi: \u260e\ufe0f&nbsp; (03) 281 2484 ? 099 594 9331 ? latacunga@fepp.org.ec &#8211; fmontenegro@fepp.org.ec &#8211; Loja &#8211; Zamora Chinchipe: \u260e\ufe0f&nbsp;(07) [&hellip;]<\/p>\n","protected":false},"author":35,"featured_media":0,"parent":0,"menu_order":0,"comment_status":"closed","ping_status":"closed","template":"","meta":{"_acf_changed":false,"footnotes":""},"class_list":["post-1314","page","type-page","status-publish","hentry"],"acf":[],"_links":{"self":[{"href":"https:\/\/help.unhcr.org\/ecuador\/wp-json\/wp\/v2\/pages\/1314","targetHints":{"allow":["GET"]}}],"collection":[{"href":"https:\/\/help.unhcr.org\/ecuador\/wp-json\/wp\/v2\/pages"}],"about":[{"href":"https:\/\/help.unhcr.org\/ecuador\/wp-json\/wp\/v2\/types\/page"}],"author":[{"embeddable":true,"href":"https:\/\/help.unhcr.org\/ecuador\/wp-json\/wp\/v2\/users\/35"}],"replies":[{"embeddable":true,"href":"https:\/\/help.unhcr.org\/ecuador\/wp-json\/wp\/v2\/comments?post=1314"}],"version-history":[{"count":6,"href":"https:\/\/help.unhcr.org\/ecuador\/wp-json\/wp\/v2\/pages\/1314\/revisions"}],"predecessor-version":[{"id":3614,"href":"https:\/\/help.unhcr.org\/ecuador\/wp-json\/wp\/v2\/pages\/1314\/revisions\/3614"}],"wp:attachment":[{"href":"https:\/\/help.unhcr.org\/ecuador\/wp-json\/wp\/v2\/media?parent=1314"}],"curies":[{"name":"wp","href":"https:\/\/api.w.org\/{rel}","templated":true}]}}