{"id":1287,"date":"2020-11-16T22:31:18","date_gmt":"2020-11-16T22:31:18","guid":{"rendered":"http:\/\/help.unhcr.org\/ecuador\/?page_id=1287"},"modified":"2026-03-26T14:31:59","modified_gmt":"2026-03-26T14:31:59","slug":"defensoria-del-pueblo","status":"publish","type":"page","link":"https:\/\/help.unhcr.org\/ecuador\/defensoria-del-pueblo\/","title":{"rendered":"Defensor\u00eda del Pueblo"},"content":{"rendered":"\n<p>Puedes contactarte a los n\u00fameros de la provincia en donde te encuentres:<\/p>\n\n\n\n<ul class=\"wp-block-list\">\n<li><strong>Pichincha:<\/strong> ? 02 382 9670 &#8211; 02 223 5439 &#8211; 02 298 6724 &#8211; 02 222 5376 &#8211; 02 222 5405 &#8211; 02 222 9950 &#8211; 099 971 3432 \/ ? <a href=\"mailto:juan.ocles@dpe.gob.ec\" data-type=\"page\">juan.ocles@dpe.gob.ec<\/a>\/ <strong>?<\/strong> Av. De La Prensa N54-97 y Jorge Piedra, Quito.<\/li>\n\n\n\n<li><strong>Imbabura:<\/strong> ? 06 295 4488 ext. 1010 \/  ?Calle Antonio Jos\u00e9 de Sucre 8-40, entre Pedro Moncayo y Padre Juan de Velasco, Ibarra.<\/li>\n\n\n\n<li><strong>Carchi:<\/strong> ? 06 298 4321 &#8211; 099 118 4964 \/ ? <a href=\"mailto:willam.delgado@dpe.gob.ec\">willam.delgado@dpe.gob.ec<\/a> \/?Calle Bol\u00edvar entre 10 de Agosto y Ayacucho <\/li>\n\n\n\n<li><strong>Tungurahua:<\/strong> ? 03 2822 753 &#8211; 03 2421 788 &#8211; 098 425 5284 \/ ? <a href=\"mailto:tamara.carrillo@dpe.gob.ec\">tamara.carrillo@dpe.gob.ec<\/a> \/ ? Calle Castillo 458, entre Sucre y Bol\u00edvar, edificio Clantour junto al IESS, 4to. piso, Ambato.<\/li>\n\n\n\n<li><strong>Chimborazo: <\/strong> ? 03 2968 576 \/? <a href=\"mailto:carlos.serrano@dpe.gob.ec\">carlos.serrano@dpe.gob.ec<\/a> \/ ?Bol\u00edvar Chiriboga y Heriberto Merino (Auditorio de la Direcci\u00f3n de Gesti\u00f3n y Desarrollo Social y Humano), Riobamba<\/li>\n\n\n\n<li><strong>Ca\u00f1ar: <\/strong> ? 07 2835 988 &#8211; 07 2828 241 &#8211; 099 977 2398 \/? <a href=\"mailto:carlos.serrano@dpe.gob.ec\">carlos.serrano@dpe.gob.ec<\/a> \/ ?Av. 16 de abril y Babahoyo, 2do piso, edificio del Centro de Atenci\u00f3n Ciudadana de Azogues<\/li>\n\n\n\n<li><strong>Bol\u00edvar:<\/strong> ? 03 255 1735 &#8211; 098 856 2515 \/ ? <a href=\"mailto:julio.escobar@dpe.gob.ec\">julio.escobar@dpe.gob.ec<\/a> \/ ? Calle Manuela Ca\u00f1izares y Pichincha, frente a la Asociaci\u00f3n de Personas con Discapacidad, Guaranda.<\/li>\n\n\n\n<li><strong>Azuay:<\/strong> ? 07 2840 568 &#8211; 07 2828 241 &#8211; 07 2835 988 &#8211; 098 979 9073 \/ ? <a href=\"mailto:ramiro.ordonez@dpe.gob.ec\">mariel<\/a><a href=\"mailto:mariela.zhingri@dpe.gob.ec\">a<\/a><a href=\"mailto:ramiro.ordonez@dpe.gob.ec\">.zhingri@dpe.gob.ec<\/a> \/ ? Av. Gran Colombia N 22-192 y Uni\u00f3n Nacional, edificio Cordero 2do piso, Cuenca<\/li>\n\n\n\n<li><strong>Loja: <\/strong> ? 07 2572 022 &#8211; 099 943 7547\/? <a href=\"mailto:patricia.gutierrez@dpe.gob.ec\">patricia.gutierrez@dpe.gob.ec<\/a> \/ ?Av. Cuxibamba 01-89 entre Tena y Anc\u00f3n, edificio Imperio, 2do. piso, Loja.<\/li>\n\n\n\n<li><strong>Cotopaxi:\u00a0<\/strong> ? 03 2803 825 &#8211; 03 3730 598 &#8211; 099 904 2956 \/ ? <a href=\"mailto:marcos.ochoa@dpe.gob.ec\"><\/a><a href=\"mailto:cristina.espin@dpe.gob.ec\">cristina.espin@dpe.gob.ec<\/a> \/ ?Calle Quito y M\u00e1rquez de Maenza, Latacunga.<\/li>\n\n\n\n<li><strong>Orellana: <\/strong> ? 06 2861 514 &#8211; 098 483 2669 \/? <a href=\"mailto:javier.chipantiza@dpe.gob.ec\">javier.chipantiza@dpe.gob.ec<\/a> \/ ?Calle Aguarico y Quito esquina, en el barrio 20 de Mayo, Orellana.<\/li>\n\n\n\n<li><strong>Napo:<\/strong> ? 06 2886 815 &#8211; 099 186 1607 \/ ?<a href=\"mailto:edison.andy@dpe.gob.ec\">edison.andy@dpe.gob.ec&nbsp;<\/a> \/ ? Barrio Central, Calles Garc\u00eda Moreno 449 y Sim\u00f3n Bol\u00edvar, Tena.<\/li>\n\n\n\n<li><strong>Pastaza:<\/strong> ? 03 2792 315 &#8211; 095 901 9002 \/ ? <a href=\"yajaira.curipallo@dpe.gob.ec\"><\/a><a href=\"mailto:raul.tello@dpe.gob.ec\">raul.tello@dpe.gob.ec<\/a> \/ ?Calle Benigno Malo y Av. Monse\u00f1or Alberto Zambrano (junto a las oficinas de la Polic\u00eda Judicial de Pastaza), Puyo.<\/li>\n\n\n\n<li><strong>Sucumb\u00edos: <\/strong>? 06 2991 964 &#8211; 099 648 7489 &#8211; 098 513 4011 \/ ? <a href=\"mailto:edinson.valdez@dpe.gob.ec\">edinson.valdez@dpe.gob.ec<\/a> &#8211; Av. Circunvalaci\u00f3n y Av. Gonzalo L\u00f3pez Mara\u00f1\u00f3n, edificio del Centro de Atenci\u00f3n Ciudadana 2do piso, Nueva Loja.<\/li>\n\n\n\n<li><strong>Z. Chinchipe:<\/strong> ? 07 2606 757 &#8211; 097 958 4773 \/  <a href=\"andrea.rivadeneira@dpe.gob.ec\"><\/a><a href=\"mailto:richard.nole@dpe.gob.ec\">richard.nole@dpe.gob.ec<\/a> &#8211; <a href=\"mailto:hugo.chacon@dpe.gob.ec\">hugo.chacon@dpe.gob.ec<\/a> \/ ? Av. H\u00e9roes de Paquisha y Garc\u00eda Moreno (esquina), Zamora.<\/li>\n\n\n\n<li><strong>Morona Santiago: <\/strong> ? 07 2702 077 &#8211; 098 590 9490 \/? <a href=\"mailto:adela.villacis@dpe.gob.ec\">adela.villacis@dpe.gob.ec<\/a> \/ ?Calle Sor Mar\u00eda Troncatti, entre Wilson Vinueza y Capit\u00e1n Villanueva (esquina), Macas<\/li>\n\n\n\n<li><strong>Manab\u00ed: <\/strong> ? 05 2634 499 &#8211; 05 2631 466 &#8211; 05 2677 835 &#8211; 096 200 3030 \/ ? <a href=\"mailto:evelyn.ulloa@dpe.gob.ec\">evelyn.ulloa@dpe.gob.ec<\/a> \/ ? Av. Los Nardos y 15 de abril, atr\u00e1s del Ecu 911 en la v\u00eda a Santa Ana, Portoviejo.<\/li>\n\n\n\n<li><strong>Guayas: <\/strong> ? 04 2326 506 &#8211; 04 2326 306 &#8211; 04 232 7026 &#8211; 04 2326 856 &#8211; 04 2326 904 &#8211; 04 2326 687 &#8211; 04 2515 031 &#8211; 098 332 4148  \/? <a href=\"mailto:adrian.cedeno@dpe.gob.ec\">geovanny.lopez@dpe.gob.ec<\/a> \/ ?Ed. Ex-Banco del Azuay, calles Pedro Carbo y 9 de Octubre, esq., Guayaquil.<\/li>\n\n\n\n<li><strong>Santa Elena: <\/strong> ? 04 3706 605 &#8211; 099 564 8072 \/? <a href=\"mailto:christian.bustamante@dpe.gob.ec\">christian.bustamante@dpe.gob.ec<\/a> \/ ?Calle Carlos Espinoza Larrea, entre calles quinta y sexta, ciudadela Santa Paula, edificio Centro de Atenci\u00f3n Ciudadana, planta baja, Santa Elena.<\/li>\n\n\n\n<li><strong>Los R\u00edos: <\/strong> ? 05 2745 539 &#8211; 05 2762 337 &#8211; 099 333 4990 \/? <a href=\"mailto:francisco.rodriguez@dpe.gob.ec\">francisco.rodriguez@dpe.gob.ec<\/a> \/ ?Oficina Babahoyo: Av. Universitaria y calle D, Junto Fundaci\u00f3n Manuela Espejo, Babahoyo. &#8211; Oficina Quevedo: Calle 12 de Octubre s\/n entre la novena y la d\u00e9cima, Quevedo.<\/li>\n\n\n\n<li><strong>El Oro:<\/strong> ? 07 2934 366 &#8211; 099 707 7307 &#8211; 099 348 7126\/ ? <a href=\"mailto:diego.paz@dpe.gob.ec\">diego.paz@dpe.gob.ec<\/a> &#8211; <a href=\"mailto:pablo.enriquez@dpe.gob.ec\">pablo.enriquez@dpe.gob.ec<\/a> \/ ? Calle Gran Colombia y El Cisne esquina (junto al parque Buenos Aires de Machala).<\/li>\n\n\n\n<li><strong>Sto. Domingo: <\/strong>? 02 2760 260 &#8211; 098 226 3086\/ ? <a href=\"cristobal.tenorio@dpe.gob.ec\"><\/a><a href=\"mailto:miguel.gomez@dpe.gob.ec\">miguel.gomez@dpe.gob.ec<\/a> \/ ? Av. Clemencia de Mora y R\u00edo Tiputini, Santo Domingo.<\/li>\n\n\n\n<li><strong>Esmeraldas:<\/strong> ? 06 2724 450 &#8211; 099 393 6535 &#8211; 098 425 5437 \/ ? <a href=\"mailto:carlos.obando@dpe.gob.ec\">virginia.valencia@dpe.gob.ec<\/a> &#8211; <a href=\"mailto:marcia.quinonez@dpe.gob.ec\">marcia.quinonez@dpe.gob.ec<\/a> \/?Av. Jaime Rold\u00f3s Aguilera, v\u00eda al Puerto Artesanal Pesquero, en el Centro de Atenci\u00f3n Ciudadana de Esmeraldas.<\/li>\n\n\n\n<li><strong>Gal\u00e1pagos: <\/strong>? 05 2520 641 &#8211; 098 642 7441 \/ ? <a href=\"mailto:marlon.vogeley@dpe.gob.ec\">daniel.agama@dpe.gob.ec<\/a> \/ ? Calle Gabriel Garc\u00eda Moreno S\/N y Vicente Rocafuerte frente al parque Martha Bucar\u00e1n de Rold\u00f3s<\/li>\n<\/ul>\n\n\n\n<p><\/p>\n","protected":false},"excerpt":{"rendered":"<p>Puedes contactarte a los n\u00fameros de la provincia en donde te encuentres:<\/p>\n","protected":false},"author":35,"featured_media":0,"parent":0,"menu_order":0,"comment_status":"closed","ping_status":"closed","template":"","meta":{"_acf_changed":false,"footnotes":""},"class_list":["post-1287","page","type-page","status-publish","hentry"],"acf":[],"_links":{"self":[{"href":"https:\/\/help.unhcr.org\/ecuador\/wp-json\/wp\/v2\/pages\/1287","targetHints":{"allow":["GET"]}}],"collection":[{"href":"https:\/\/help.unhcr.org\/ecuador\/wp-json\/wp\/v2\/pages"}],"about":[{"href":"https:\/\/help.unhcr.org\/ecuador\/wp-json\/wp\/v2\/types\/page"}],"author":[{"embeddable":true,"href":"https:\/\/help.unhcr.org\/ecuador\/wp-json\/wp\/v2\/users\/35"}],"replies":[{"embeddable":true,"href":"https:\/\/help.unhcr.org\/ecuador\/wp-json\/wp\/v2\/comments?post=1287"}],"version-history":[{"count":24,"href":"https:\/\/help.unhcr.org\/ecuador\/wp-json\/wp\/v2\/pages\/1287\/revisions"}],"predecessor-version":[{"id":6063,"href":"https:\/\/help.unhcr.org\/ecuador\/wp-json\/wp\/v2\/pages\/1287\/revisions\/6063"}],"wp:attachment":[{"href":"https:\/\/help.unhcr.org\/ecuador\/wp-json\/wp\/v2\/media?parent=1287"}],"curies":[{"name":"wp","href":"https:\/\/api.w.org\/{rel}","templated":true}]}}