{"id":1282,"date":"2020-11-18T04:25:26","date_gmt":"2020-11-18T04:25:26","guid":{"rendered":"http:\/\/help.unhcr.org\/ecuador\/?page_id=1282"},"modified":"2025-06-11T14:26:43","modified_gmt":"2025-06-11T14:26:43","slug":"defensoria-publica","status":"publish","type":"page","link":"https:\/\/help.unhcr.org\/ecuador\/defensoria-publica\/","title":{"rendered":"Defensor\u00eda P\u00fablica"},"content":{"rendered":"\n<p>La Defensor\u00eda P\u00fablica del Ecuador, brinda asesor\u00eda legal y patrocinio a todas las personas en contexto de movilidad humana que deseen regularizar su situaci\u00f3n migratoria, a solicitantes de la condici\u00f3n de refugiado y refugiados, a personas que se les haya negado el ingreso al pa\u00eds o personas que hayan sido sancionados por infracciones migratorias.<\/p>\n\n\n\n<p>En el proceso de refugio, brinda:&nbsp;<\/p>\n\n\n\n<ul class=\"wp-block-list\">\n<li>Informaci\u00f3n legal sobre los requisitos para presentar tu solicitud de la condici\u00f3n de refugiado o ap\u00e1trida.<\/li>\n\n\n\n<li>Representaci\u00f3n jur\u00eddica dentro del procedimiento a ni\u00f1os, ni\u00f1as y adolescentes no acompa\u00f1ados o separados de sus padres; personas viviendo con alg\u00fan tipo de discapacidad, sobrevivientes de tortura y personas v\u00edctimas de violencia basada en g\u00e9nero.<\/li>\n\n\n\n<li>Asistencia legal en procesos de revocaci\u00f3n, cancelaci\u00f3n o cesaci\u00f3n de la condici\u00f3n de refugiado o ap\u00e1trida.<\/li>\n\n\n\n<li>Patrocinio legal en la interposici\u00f3n de recursos de impugnaci\u00f3n en sede administrativa.<\/li>\n\n\n\n<li>Patrocinio legal de solicitudes de reunificaci\u00f3n familiar.<\/li>\n\n\n\n<li>Acompa\u00f1amiento legal en la renovaci\u00f3n de la visa humanitaria de solicitante y refugiado reconocido por el Estado ecuatoriano.<\/li>\n<\/ul>\n\n\n\n<p>Puedes contactarte por:<\/p>\n\n\n\n<p>?&nbsp;<strong>Correo electr\u00f3nico:<\/strong><a href=\"mailto:movilidadhumana@defensoria.gob.ec\"> movilidadhumana@defensoria.gob.ec<\/a><br>?&nbsp;<strong>Formulario: <\/strong><a href=\"https:\/\/www.defensoria.gob.ec\/?page_id=22794\">https:\/\/www.defensoria.gob.ec\/?page_id=22794<\/a><br>?&nbsp;<strong>Atenci\u00f3n presencial:<\/strong>&nbsp;Conoce los puntos de atenci\u00f3n en este enlace&nbsp;<a href=\"https:\/\/www.defensoria.gob.ec\/?page_id=22777\">https:\/\/www.defensoria.gob.ec\/?page_id=22777<\/a><\/p>\n\n\n\n<p>O a los n\u00fameros:<\/p>\n\n\n\n<ul class=\"wp-block-list\">\n<li><strong>Pichincha:<\/strong> ? 0992 456 915<\/li>\n\n\n\n<li><strong>Guayas:<\/strong> ? 0992 456 872 <\/li>\n\n\n\n<li><strong>Imbabura:<\/strong> ? 099 245 6903\u00a0\u00a0\u00a0\u00a0\u00a0\u00a0\u00a0\u00a0\u00a0\u00a0<\/li>\n\n\n\n<li><strong>Carchi: <\/strong>? 099 245 6901 <\/li>\n\n\n\n<li><strong>Esmeraldas:<\/strong> ? 0992 456 913\u00a0\u00a0\u00a0\u00a0\u00a0<\/li>\n\n\n\n<li><strong>El Oro:<\/strong> ? 0992 456 912\u00a0\u00a0\u00a0\u00a0<\/li>\n\n\n\n<li><strong>Portoviejo: <\/strong>? 0992 456 908\u00a0<\/li>\n<\/ul>\n\n\n\n<p><\/p>\n","protected":false},"excerpt":{"rendered":"<p>La Defensor\u00eda P\u00fablica del Ecuador, brinda asesor\u00eda legal y patrocinio a todas las personas en contexto de movilidad humana que deseen regularizar su situaci\u00f3n migratoria, a solicitantes de la condici\u00f3n de refugiado y refugiados, a personas que se les haya negado el ingreso al pa\u00eds o personas que hayan sido sancionados por infracciones migratorias. En [&hellip;]<\/p>\n","protected":false},"author":35,"featured_media":0,"parent":0,"menu_order":0,"comment_status":"closed","ping_status":"closed","template":"","meta":{"_acf_changed":false,"footnotes":""},"class_list":["post-1282","page","type-page","status-publish","hentry"],"acf":[],"_links":{"self":[{"href":"https:\/\/help.unhcr.org\/ecuador\/wp-json\/wp\/v2\/pages\/1282","targetHints":{"allow":["GET"]}}],"collection":[{"href":"https:\/\/help.unhcr.org\/ecuador\/wp-json\/wp\/v2\/pages"}],"about":[{"href":"https:\/\/help.unhcr.org\/ecuador\/wp-json\/wp\/v2\/types\/page"}],"author":[{"embeddable":true,"href":"https:\/\/help.unhcr.org\/ecuador\/wp-json\/wp\/v2\/users\/35"}],"replies":[{"embeddable":true,"href":"https:\/\/help.unhcr.org\/ecuador\/wp-json\/wp\/v2\/comments?post=1282"}],"version-history":[{"count":13,"href":"https:\/\/help.unhcr.org\/ecuador\/wp-json\/wp\/v2\/pages\/1282\/revisions"}],"predecessor-version":[{"id":5694,"href":"https:\/\/help.unhcr.org\/ecuador\/wp-json\/wp\/v2\/pages\/1282\/revisions\/5694"}],"wp:attachment":[{"href":"https:\/\/help.unhcr.org\/ecuador\/wp-json\/wp\/v2\/media?parent=1282"}],"curies":[{"name":"wp","href":"https:\/\/api.w.org\/{rel}","templated":true}]}}