{"id":1278,"date":"2020-11-16T22:19:27","date_gmt":"2020-11-16T22:19:27","guid":{"rendered":"http:\/\/help.unhcr.org\/ecuador\/?page_id=1278"},"modified":"2025-04-10T15:25:05","modified_gmt":"2025-04-10T15:25:05","slug":"hias","status":"publish","type":"page","link":"https:\/\/help.unhcr.org\/ecuador\/hias\/","title":{"rendered":"HIAS"},"content":{"rendered":"\n<p>HIAS brinda apoyo psicol\u00f3gico y orientaci\u00f3n social, laboral y legal a poblaci\u00f3n refugiada y en movilidad humana que se encuentra en situaci\u00f3n de vulnerabilidad. <\/p>\n\n\n\n<p>Puedes contactarte de lunes a viernes de 08:00 a 17:00 a los siguientes n\u00fameros:<\/p>\n\n\n\n<p>? Para llamadas de WhatsApp:<\/p>\n\n\n\n<p>099 246 2019<br>099 246 2020<\/p>\n\n\n\n<p><\/p>\n\n\n\n<p>? Para mensaje de WhatsApp presiona en cualquiera de estos enlaces <a href=\"https:\/\/wa.me\/593992462019\" target=\"_blank\" rel=\"noreferrer noopener\">https:\/\/wa.me\/593992462019<\/a> &#8211;\u00a0<a href=\"https:\/\/wa.me\/593992462020\" target=\"_blank\" rel=\"noreferrer noopener\">https:\/\/wa.me\/593992462020<\/a><\/p>\n","protected":false},"excerpt":{"rendered":"<p>HIAS brinda apoyo psicol\u00f3gico y orientaci\u00f3n social, laboral y legal a poblaci\u00f3n refugiada y en movilidad humana que se encuentra en situaci\u00f3n de vulnerabilidad. Puedes contactarte de lunes a viernes de 08:00 a 17:00 a los siguientes n\u00fameros: ? Para llamadas de WhatsApp: 099 246 2019099 246 2020 ? Para mensaje de WhatsApp presiona en [&hellip;]<\/p>\n","protected":false},"author":35,"featured_media":0,"parent":0,"menu_order":0,"comment_status":"closed","ping_status":"closed","template":"page-templates\/sectioned.php","meta":{"_acf_changed":false,"footnotes":""},"class_list":["post-1278","page","type-page","status-publish","hentry"],"acf":[],"_links":{"self":[{"href":"https:\/\/help.unhcr.org\/ecuador\/wp-json\/wp\/v2\/pages\/1278","targetHints":{"allow":["GET"]}}],"collection":[{"href":"https:\/\/help.unhcr.org\/ecuador\/wp-json\/wp\/v2\/pages"}],"about":[{"href":"https:\/\/help.unhcr.org\/ecuador\/wp-json\/wp\/v2\/types\/page"}],"author":[{"embeddable":true,"href":"https:\/\/help.unhcr.org\/ecuador\/wp-json\/wp\/v2\/users\/35"}],"replies":[{"embeddable":true,"href":"https:\/\/help.unhcr.org\/ecuador\/wp-json\/wp\/v2\/comments?post=1278"}],"version-history":[{"count":19,"href":"https:\/\/help.unhcr.org\/ecuador\/wp-json\/wp\/v2\/pages\/1278\/revisions"}],"predecessor-version":[{"id":5680,"href":"https:\/\/help.unhcr.org\/ecuador\/wp-json\/wp\/v2\/pages\/1278\/revisions\/5680"}],"wp:attachment":[{"href":"https:\/\/help.unhcr.org\/ecuador\/wp-json\/wp\/v2\/media?parent=1278"}],"curies":[{"name":"wp","href":"https:\/\/api.w.org\/{rel}","templated":true}]}}