{"id":1275,"date":"2020-11-16T22:10:34","date_gmt":"2020-11-16T22:10:34","guid":{"rendered":"http:\/\/help.unhcr.org\/ecuador\/?page_id=1275"},"modified":"2025-06-17T15:33:12","modified_gmt":"2025-06-17T15:33:12","slug":"consejo-noruego-para-refugiados","status":"publish","type":"page","link":"https:\/\/help.unhcr.org\/ecuador\/consejo-noruego-para-refugiados\/","title":{"rendered":"Consejo Noruego para Refugiados"},"content":{"rendered":"\n<p>Si necesitas apoyo para el acceso a la condici\u00f3n de refugiado o asesor\u00eda legal para regularizar tu estado migratorio puedes comunicarte de 08:30 a 01:00 de la tarde y de 2:00 a 5:00 de la tarde al n\u00famero <strong>099 040 5431<\/strong>.<\/p>\n\n\n\n<p>? <strong>La atenci\u00f3n ser\u00e1 solo con cita previa. <\/strong><\/p>\n\n\n\n<ul class=\"wp-block-list\">\n<li>? Quito: Calle San Salvador E7-134 y Mart\u00f3n Carri\u00f3n, sector la Pradera<\/li>\n\n\n\n<li>? Guayaquil: Ciudadela Kenedy Norte, Av. Luis Orrantia Cornejo N. 59 entre Jos\u00e9 Santiago Castillo y Asaad Bucaram. Mz. 601 04, piso 2, oficina 1<\/li>\n\n\n\n<li>? Tulc\u00e1n: Calle Bol\u00edvar N. 49-074 entre Pichincha y Rocafuerte, sector La Pradera<\/li>\n\n\n\n<li>? Lago Agrio &#8211; El Coca: Av. Quito y Av. Colombia, Edificio Moncada, piso 3, oficina 201 <\/li>\n\n\n\n<li>? Machala: Calle 23 de Abril, entre 25 de Juio y Rocafuerte, edificio Resplandor, junto a la Casa Industrial Carri\u00f3n, piso 2. <\/li>\n<\/ul>\n\n\n\n<p><\/p>\n","protected":false},"excerpt":{"rendered":"<p>Si necesitas apoyo para el acceso a la condici\u00f3n de refugiado o asesor\u00eda legal para regularizar tu estado migratorio puedes comunicarte de 08:30 a 01:00 de la tarde y de 2:00 a 5:00 de la tarde al n\u00famero 099 040 5431. ? La atenci\u00f3n ser\u00e1 solo con cita previa.<\/p>\n","protected":false},"author":35,"featured_media":0,"parent":0,"menu_order":0,"comment_status":"closed","ping_status":"closed","template":"page-templates\/listing_page.php","meta":{"_acf_changed":false,"footnotes":""},"class_list":["post-1275","page","type-page","status-publish","hentry"],"acf":[],"_links":{"self":[{"href":"https:\/\/help.unhcr.org\/ecuador\/wp-json\/wp\/v2\/pages\/1275","targetHints":{"allow":["GET"]}}],"collection":[{"href":"https:\/\/help.unhcr.org\/ecuador\/wp-json\/wp\/v2\/pages"}],"about":[{"href":"https:\/\/help.unhcr.org\/ecuador\/wp-json\/wp\/v2\/types\/page"}],"author":[{"embeddable":true,"href":"https:\/\/help.unhcr.org\/ecuador\/wp-json\/wp\/v2\/users\/35"}],"replies":[{"embeddable":true,"href":"https:\/\/help.unhcr.org\/ecuador\/wp-json\/wp\/v2\/comments?post=1275"}],"version-history":[{"count":15,"href":"https:\/\/help.unhcr.org\/ecuador\/wp-json\/wp\/v2\/pages\/1275\/revisions"}],"predecessor-version":[{"id":5734,"href":"https:\/\/help.unhcr.org\/ecuador\/wp-json\/wp\/v2\/pages\/1275\/revisions\/5734"}],"wp:attachment":[{"href":"https:\/\/help.unhcr.org\/ecuador\/wp-json\/wp\/v2\/media?parent=1275"}],"curies":[{"name":"wp","href":"https:\/\/api.w.org\/{rel}","templated":true}]}}