{"id":3183,"date":"2021-04-06T05:01:29","date_gmt":"2021-04-06T05:01:29","guid":{"rendered":"http:\/\/help.unhcr.org\/ecuador\/bienvenido-a\/informacion-general-sobre-ecuador\/que-hacer-en-caso-de-desastres-naturales\/que-hace-en-caso-de-inundacion\/"},"modified":"2025-12-14T19:06:47","modified_gmt":"2025-12-14T19:06:47","slug":"que-hace-en-caso-de-inundacion","status":"publish","type":"page","link":"https:\/\/help.unhcr.org\/ecuador\/en\/bienvenido-a\/informacion-general-sobre-ecuador\/que-hacer-en-caso-de-desastres-naturales\/que-hace-en-caso-de-inundacion\/","title":{"rendered":"What do you do in the event of a flood?"},"content":{"rendered":"\n<p>According to the <a href=\"https:\/\/www.gestionderiesgos.gob.ec\/\" data-type=\"link\" data-id=\"https:\/\/www.gestionderiesgos.gob.ec\/\">National Secretariat for Risk Management<\/a>, the provinces with the highest risk of flooding are Manab\u00ed, Guayas, El Oro, Los R\u00edos, Esmeraldas, Sucumb\u00edos, Bol\u00edvar, and Santo Domingo de los Ts\u00e1chilas. Ask your neighbors if flooding is common in the area where you are located. Below, we explain how you can prepare for a flood<\/p>\n","protected":false},"excerpt":{"rendered":"<p>According to the National Secretariat for Risk Management, the provinces with the highest risk of flooding are Manab\u00ed, Guayas, El Oro, Los R\u00edos, Esmeraldas, Sucumb\u00edos, Bol\u00edvar, and Santo Domingo de los Ts\u00e1chilas. Ask your neighbors if flooding is common in the area where you are located. Below, we explain how you can prepare for a [&hellip;]<\/p>\n","protected":false},"author":174,"featured_media":0,"parent":3176,"menu_order":2,"comment_status":"closed","ping_status":"closed","template":"page-templates\/sectioned.php","meta":{"_acf_changed":false,"footnotes":""},"class_list":["post-3183","page","type-page","status-publish","hentry"],"acf":[],"_links":{"self":[{"href":"https:\/\/help.unhcr.org\/ecuador\/en\/wp-json\/wp\/v2\/pages\/3183","targetHints":{"allow":["GET"]}}],"collection":[{"href":"https:\/\/help.unhcr.org\/ecuador\/en\/wp-json\/wp\/v2\/pages"}],"about":[{"href":"https:\/\/help.unhcr.org\/ecuador\/en\/wp-json\/wp\/v2\/types\/page"}],"author":[{"embeddable":true,"href":"https:\/\/help.unhcr.org\/ecuador\/en\/wp-json\/wp\/v2\/users\/174"}],"replies":[{"embeddable":true,"href":"https:\/\/help.unhcr.org\/ecuador\/en\/wp-json\/wp\/v2\/comments?post=3183"}],"version-history":[{"count":6,"href":"https:\/\/help.unhcr.org\/ecuador\/en\/wp-json\/wp\/v2\/pages\/3183\/revisions"}],"predecessor-version":[{"id":6000,"href":"https:\/\/help.unhcr.org\/ecuador\/en\/wp-json\/wp\/v2\/pages\/3183\/revisions\/6000"}],"up":[{"embeddable":true,"href":"https:\/\/help.unhcr.org\/ecuador\/en\/wp-json\/wp\/v2\/pages\/3176"}],"wp:attachment":[{"href":"https:\/\/help.unhcr.org\/ecuador\/en\/wp-json\/wp\/v2\/media?parent=3183"}],"curies":[{"name":"wp","href":"https:\/\/api.w.org\/{rel}","templated":true}]}}