{"id":218,"date":"2020-03-23T22:25:35","date_gmt":"2020-03-23T22:25:35","guid":{"rendered":"http:\/\/help.unhcr.org\/dominicanrepublic\/?page_id=218"},"modified":"2026-01-26T10:30:40","modified_gmt":"2026-01-26T10:30:40","slug":"lineas-emergencia","status":"publish","type":"page","link":"https:\/\/help.unhcr.org\/dominicanrepublic\/donde-encontrar-ayuda\/lineas-emergencia\/","title":{"rendered":"L\u00edneas de Emergencia"},"content":{"rendered":"\n<div id=\"q-and-a-13\" class=\"wp-block-help-unhcr-q-and-a q-and-a q-and-a--always-open\"><div class=\"accordion\" id=\"unhcr-help-q-and-a-13\" itemscope itemtype=\"https:\/\/schema.org\/FAQPage\">\n<div class=\"wp-block-help-unhcr-q-and-a-inner q-and-a-inner accordion-item my-10 active\" id=\"qa-14\" data-item-content=\"q-and-a-item-1\" itemscope itemprop=\"mainEntity\" itemtype=\"https:\/\/schema.org\/Question\"><h3 class=\"accordion-header\" id=\"q-and-a-item-1\"><button class=\"accordion-button bg-info collapsed\" type=\"button\" data-bs-toggle=\"collapse\" data-bs-target=\"#collapse-qa-14-1\" aria-expanded=\"false\" aria-controls=\"collapse-qa-14-1\"><span class=\"accordion-count\">1<\/span><span class=\"q-and-a__box-title fw-bolder fs-3\">Sistema Nacional de Atenci\u00f3n a Emergencias y Seguridad (911)<\/span><\/button><\/h3><div id=\"collapse-qa-14-1\" class=\"accordion-collapse collapse\" aria-labelledby=\"q-and-a-item-1\" data-bs-parent=\"\"><div class=\"accordion-body py-16 px-20\" itemscope itemprop=\"acceptedAnswer\" itemtype=\"https:\/\/schema.org\/Answer\">\n<figure class=\"wp-block-image size-full\"><img loading=\"lazy\" decoding=\"async\" width=\"353\" height=\"133\" src=\"https:\/\/help.unhcr.org\/dominicanrepublic\/wp-content\/uploads\/sites\/32\/2026\/01\/image-2.png\" alt=\"\" class=\"wp-image-2162\" srcset=\"https:\/\/help.unhcr.org\/dominicanrepublic\/wp-content\/uploads\/sites\/32\/2026\/01\/image-2.png 353w, https:\/\/help.unhcr.org\/dominicanrepublic\/wp-content\/uploads\/sites\/32\/2026\/01\/image-2-300x113.png 300w\" sizes=\"auto, (max-width: 353px) 100vw, 353px\" \/><\/figure>\n\n\n\n<p><strong>N\u00famero de contacto:&nbsp;<a href=\"tel:911\">911<\/a><\/strong><\/p>\n\n\n\n<ul class=\"wp-block-list\">\n<li><strong>Dirigido a:<\/strong>&nbsp;Residentes y visitantes dentro de las \u00e1reas de cobertura del Sistema<\/li>\n\n\n\n<li><strong>Requerimientos:<\/strong>&nbsp;Clasificaci\u00f3n de la Emergencia y registro de la direcci\u00f3n donde esta ocurre<\/li>\n\n\n\n<li><strong>Costo:<\/strong>&nbsp;Gratuito<\/li>\n\n\n\n<li><strong>Horario:<\/strong>&nbsp;24 horas<\/li>\n\n\n\n<li><strong>Tiempo de respuesta aproximado:<\/strong>&nbsp;1 a 3 Minutos desde que se recibe la llamada<\/li>\n<\/ul>\n<\/div><\/div><\/div>\n\n\n\n<div class=\"wp-block-help-unhcr-q-and-a-inner q-and-a-inner accordion-item my-10 active\" id=\"qa-14\" data-item-content=\"q-and-a-item-2\" itemscope itemprop=\"mainEntity\" itemtype=\"https:\/\/schema.org\/Question\"><h3 class=\"accordion-header\" id=\"q-and-a-item-2\"><button class=\"accordion-button bg-info collapsed\" type=\"button\" data-bs-toggle=\"collapse\" data-bs-target=\"#collapse-qa-14-2\" aria-expanded=\"false\" aria-controls=\"collapse-qa-14-2\"><span class=\"accordion-count\">2<\/span><span class=\"q-and-a__box-title fw-bolder fs-3\">L\u00ednea VIDA<\/span><\/button><\/h3><div id=\"collapse-qa-14-2\" class=\"accordion-collapse collapse\" aria-labelledby=\"q-and-a-item-2\" data-bs-parent=\"\"><div class=\"accordion-body py-16 px-20\" itemscope itemprop=\"acceptedAnswer\" itemtype=\"https:\/\/schema.org\/Answer\">\n<p><strong><img loading=\"lazy\" decoding=\"async\" class=\"alignnone wp-image-1315 size-medium\" src=\"https:\/\/help.unhcr.org\/dominicanrepublic\/wp-content\/uploads\/sites\/32\/2024\/06\/Picture1-300x102.jpg\" alt=\"\" width=\"300\" height=\"102\" srcset=\"https:\/\/help.unhcr.org\/dominicanrepublic\/wp-content\/uploads\/sites\/32\/2024\/06\/Picture1-300x102.jpg 300w, https:\/\/help.unhcr.org\/dominicanrepublic\/wp-content\/uploads\/sites\/32\/2024\/06\/Picture1.jpg 410w\" sizes=\"auto, (max-width: 300px) 100vw, 300px\"><\/strong><\/p>\n\n\n\n<p><strong>N\u00famero de contacto: <a href=\"tel:*212\">*212<\/a> \/ <a href=\"tel:+18092007212\">+1 (809) 200-7212<\/a><\/strong><\/p>\n\n\n\n<ul class=\"wp-block-list\">\n<li><strong>Dirigido a:<\/strong> Est\u00e1 dirigido a todas las personas v\u00edctimas de cualquier tipo de violencia, sin discriminaci\u00f3n de raza, nacionalidad, religi\u00f3n, condici\u00f3n social.<\/li>\n\n\n\n<li><strong>Requerimientos:<\/strong> Clasificaci\u00f3n de la Emergencia y registro de la direcci\u00f3n donde esta ocurre<\/li>\n\n\n\n<li><strong>Costo:<\/strong> Gratuito<\/li>\n\n\n\n<li><strong>Horario:<\/strong> 24 horas<\/li>\n\n\n\n<li><strong>Tiempo de respuesta aproximado:<\/strong> 1 a 3 Minutos desde que se recibe la llamada<\/li>\n<\/ul>\n<\/div><\/div><\/div>\n<\/div><\/div>\n\n\n\t\t<div\n\t\t\tclass=\"topic-listing topic-listing__list-wrap content-listing__seven-styles content-listing__button-bg-style    wp-block-help-unhcr-topic-listing\"\t\t\t\t\t>\t\n\t\t\t\t\t\t\t<h2 class=\"topic-listing__heading\"  >Ver tambi\u00e9n<\/h2>\n\t\t\t\t\t\t\t\t\t\t\t\t\t<div class=\"topic-listing__row topic-listing__three-column  content-listing__button-bg-style\">\n\t\t\t\t\t\t\t\t\t\t\t<div class=\" btn-primary content-listing__item show-items-hover-wrap btn-has-center-icon \">\n\t\t\t\t\t\t\t<div class=\"btn rounded fw-bolder button-block-a__inner btn-primary \">\n\t\t\t\t\t\t\t\t\t\t\t\t\t\t\t\t\n\t\t\t\t\t\t\t\t\n\t\t\t\t\t\t\t\t\n\t\t\t\t\t\t\t\t\n\t\t\t\t\t\t\t\t\t\t\t\t\t\t\t\t\t\t\t\t\t\t\t\t\t\t\t\t\t\t\t\t\t\t\t\t\t\t\t\t\t\t\t\t\t\t\t\t\t\t\t\t\t<p class=\"button-block-a__inner-text  \">\n\t\t\t\t\t\t\t\t\t\t<a href=\"https:\/\/help.unhcr.org\/dominicanrepublic\/donde-encontrar-ayuda\/acnur\/\" >Ayuda ACNUR<\/a>\n\t\t\t\t\t\t\t\t\t<\/p>\n\t\t\t\t\t\t\t\t\t\t\t\t\t\t\t\t\t\t\t<div class=\"button-block-a__sub-text-wrap\">\n\t\t\t\t\t\t\t\t\t\t\t\t\t\t\t\t\t\t\t\t\t\t\t<svg class=\"help-icon-arrow\" width=\"20\" height=\"20\" viewBox=\"0 0 15 15\" fill=\"none\" xmlns=\"http:\/\/www.w3.org\/2000\/svg\">\n\t\t\t\t\t\t\t\t\t\t\t\t\t<path fill-rule=\"evenodd\" clip-rule=\"evenodd\" d=\"M4.55269 1.65017C4.59913 1.60652 4.65431 1.57189 4.71505 1.54826C4.7758 1.52462 4.84092 1.51246 4.90669 1.51246C4.97245 1.51246 5.03758 1.52462 5.09832 1.54826C5.15907 1.57189 5.21424 1.60652 5.26069 1.65017L11.2607 7.27517C11.3073 7.31872 11.3442 7.37044 11.3694 7.42739C11.3946 7.48434 11.4076 7.54539 11.4076 7.60705C11.4076 7.66871 11.3946 7.72976 11.3694 7.7867C11.3442 7.84365 11.3073 7.89538 11.2607 7.93892L5.26069 13.5639C5.1668 13.6519 5.03946 13.7014 4.90669 13.7014C4.77391 13.7014 4.64657 13.6519 4.55269 13.5639C4.4588 13.4759 4.40606 13.3565 4.40606 13.232C4.40606 13.1076 4.4588 12.9882 4.55269 12.9002L10.1997 7.60705L4.55269 2.31392C4.50612 2.27038 4.46918 2.21865 4.44397 2.16171C4.41877 2.10476 4.40579 2.04371 4.40579 1.98205C4.40579 1.92039 4.41877 1.85934 4.44397 1.80239C4.46918 1.74544 4.50612 1.69372 4.55269 1.65017Z\" fill=\"currentColor\"\/>\n\t\t\t\t\t\t\t\t\t\t\t\t\t<path fill-rule=\"evenodd\" clip-rule=\"evenodd\" d=\"M5.23806 1.28613C4.95553 1.28613 4.67273 1.38737 4.45704 1.58958C4.02539 1.99399 4.02539 2.64981 4.45704 3.05423L9.19945 7.49998L4.45704 11.946C4.02539 12.3504 4.02539 13.0062 4.45704 13.4106C4.88842 13.8151 5.58796 13.8151 6.01934 13.4106L11.5428 8.23244C11.9741 7.82802 11.9741 7.1722 11.5428 6.76778L6.01934 1.58958C5.80365 1.38737 5.52086 1.28613 5.23806 1.28613Z\" fill=\"currentColor\"\/>\n\t\t\t\t\t\t\t\t\t\t\t\t<\/svg>\n\t\t\t\t\t\t\t\t\t\t\t\t\n\t\t\t\t\t\t\t\t\t\t\t\t\t\t\t\t\t\t\t\t\t\t\t\t\t\t\t\t\t\t\t\t\t\t\t\t\t\t\t\t\t\t\t<\/div>\n\t\t\t\t\t\t\t\t\t\t\t\t\t\t\t\t\t\t\t\t\t\t\t\t<\/div>\n\t\t\t\t\t\t<\/div>\n\t\t\t\t\t\t\t\t\t\t\t\t<div class=\" btn-primary content-listing__item show-items-hover-wrap btn-has-center-icon \">\n\t\t\t\t\t\t\t<div class=\"btn rounded fw-bolder button-block-a__inner btn-primary \">\n\t\t\t\t\t\t\t\t\t\t\t\t\t\t\t\t\n\t\t\t\t\t\t\t\t\n\t\t\t\t\t\t\t\t\n\t\t\t\t\t\t\t\t\n\t\t\t\t\t\t\t\t\t\t\t\t\t\t\t\t\t\t\t\t\t\t\t\t\t\t\t\t\t\t\t\t\t\t\t\t\t\t\t\t\t\t\t\t\t\t\t\t\t\t\t\t\t<p class=\"button-block-a__inner-text  \">\n\t\t\t\t\t\t\t\t\t\t<a href=\"https:\/\/help.unhcr.org\/dominicanrepublic\/donde-encontrar-ayuda\/solicitantes-asilo-refugio-refugiadas\/\" >Asistencia para solicitantes de asilo o refugio y personas refugiadas<\/a>\n\t\t\t\t\t\t\t\t\t<\/p>\n\t\t\t\t\t\t\t\t\t\t\t\t\t\t\t\t\t\t\t<div class=\"button-block-a__sub-text-wrap\">\n\t\t\t\t\t\t\t\t\t\t\t\t\t\t\t\t\t\t\t\t\t\t\t<svg class=\"help-icon-arrow\" width=\"20\" height=\"20\" viewBox=\"0 0 15 15\" fill=\"none\" xmlns=\"http:\/\/www.w3.org\/2000\/svg\">\n\t\t\t\t\t\t\t\t\t\t\t\t\t<path fill-rule=\"evenodd\" clip-rule=\"evenodd\" d=\"M4.55269 1.65017C4.59913 1.60652 4.65431 1.57189 4.71505 1.54826C4.7758 1.52462 4.84092 1.51246 4.90669 1.51246C4.97245 1.51246 5.03758 1.52462 5.09832 1.54826C5.15907 1.57189 5.21424 1.60652 5.26069 1.65017L11.2607 7.27517C11.3073 7.31872 11.3442 7.37044 11.3694 7.42739C11.3946 7.48434 11.4076 7.54539 11.4076 7.60705C11.4076 7.66871 11.3946 7.72976 11.3694 7.7867C11.3442 7.84365 11.3073 7.89538 11.2607 7.93892L5.26069 13.5639C5.1668 13.6519 5.03946 13.7014 4.90669 13.7014C4.77391 13.7014 4.64657 13.6519 4.55269 13.5639C4.4588 13.4759 4.40606 13.3565 4.40606 13.232C4.40606 13.1076 4.4588 12.9882 4.55269 12.9002L10.1997 7.60705L4.55269 2.31392C4.50612 2.27038 4.46918 2.21865 4.44397 2.16171C4.41877 2.10476 4.40579 2.04371 4.40579 1.98205C4.40579 1.92039 4.41877 1.85934 4.44397 1.80239C4.46918 1.74544 4.50612 1.69372 4.55269 1.65017Z\" fill=\"currentColor\"\/>\n\t\t\t\t\t\t\t\t\t\t\t\t\t<path fill-rule=\"evenodd\" clip-rule=\"evenodd\" d=\"M5.23806 1.28613C4.95553 1.28613 4.67273 1.38737 4.45704 1.58958C4.02539 1.99399 4.02539 2.64981 4.45704 3.05423L9.19945 7.49998L4.45704 11.946C4.02539 12.3504 4.02539 13.0062 4.45704 13.4106C4.88842 13.8151 5.58796 13.8151 6.01934 13.4106L11.5428 8.23244C11.9741 7.82802 11.9741 7.1722 11.5428 6.76778L6.01934 1.58958C5.80365 1.38737 5.52086 1.28613 5.23806 1.28613Z\" fill=\"currentColor\"\/>\n\t\t\t\t\t\t\t\t\t\t\t\t<\/svg>\n\t\t\t\t\t\t\t\t\t\t\t\t\n\t\t\t\t\t\t\t\t\t\t\t\t\t\t\t\t\t\t\t\t\t\t\t\t\t\t\t\t\t\t\t\t\t\t\t\t\t\t\t\t\t\t\t<\/div>\n\t\t\t\t\t\t\t\t\t\t\t\t\t\t\t\t\t\t\t\t\t\t\t\t<\/div>\n\t\t\t\t\t\t<\/div>\n\t\t\t\t\t\t\t\t\t\t\t\t<div class=\" btn-primary content-listing__item show-items-hover-wrap btn-has-center-icon \">\n\t\t\t\t\t\t\t<div class=\"btn rounded fw-bolder button-block-a__inner btn-primary \">\n\t\t\t\t\t\t\t\t\t\t\t\t\t\t\t\t\n\t\t\t\t\t\t\t\t\n\t\t\t\t\t\t\t\t\n\t\t\t\t\t\t\t\t\n\t\t\t\t\t\t\t\t\t\t\t\t\t\t\t\t\t\t\t\t\t\t\t\t\t\t\t\t\t\t\t\t\t\t\t\t\t\t\t\t\t\t\t\t\t\t\t\t\t\t\t\t\t<p class=\"button-block-a__inner-text  \">\n\t\t\t\t\t\t\t\t\t\t<a href=\"https:\/\/help.unhcr.org\/dominicanrepublic\/donde-encontrar-ayuda\/personas-busqueda-solucion-nacionalidad\/\" >Asistencia para personas en b\u00fasqueda de una soluci\u00f3n de nacionalidad<\/a>\n\t\t\t\t\t\t\t\t\t<\/p>\n\t\t\t\t\t\t\t\t\t\t\t\t\t\t\t\t\t\t\t<div class=\"button-block-a__sub-text-wrap\">\n\t\t\t\t\t\t\t\t\t\t\t\t\t\t\t\t\t\t\t\t\t\t\t<svg class=\"help-icon-arrow\" width=\"20\" height=\"20\" viewBox=\"0 0 15 15\" fill=\"none\" xmlns=\"http:\/\/www.w3.org\/2000\/svg\">\n\t\t\t\t\t\t\t\t\t\t\t\t\t<path fill-rule=\"evenodd\" clip-rule=\"evenodd\" d=\"M4.55269 1.65017C4.59913 1.60652 4.65431 1.57189 4.71505 1.54826C4.7758 1.52462 4.84092 1.51246 4.90669 1.51246C4.97245 1.51246 5.03758 1.52462 5.09832 1.54826C5.15907 1.57189 5.21424 1.60652 5.26069 1.65017L11.2607 7.27517C11.3073 7.31872 11.3442 7.37044 11.3694 7.42739C11.3946 7.48434 11.4076 7.54539 11.4076 7.60705C11.4076 7.66871 11.3946 7.72976 11.3694 7.7867C11.3442 7.84365 11.3073 7.89538 11.2607 7.93892L5.26069 13.5639C5.1668 13.6519 5.03946 13.7014 4.90669 13.7014C4.77391 13.7014 4.64657 13.6519 4.55269 13.5639C4.4588 13.4759 4.40606 13.3565 4.40606 13.232C4.40606 13.1076 4.4588 12.9882 4.55269 12.9002L10.1997 7.60705L4.55269 2.31392C4.50612 2.27038 4.46918 2.21865 4.44397 2.16171C4.41877 2.10476 4.40579 2.04371 4.40579 1.98205C4.40579 1.92039 4.41877 1.85934 4.44397 1.80239C4.46918 1.74544 4.50612 1.69372 4.55269 1.65017Z\" fill=\"currentColor\"\/>\n\t\t\t\t\t\t\t\t\t\t\t\t\t<path fill-rule=\"evenodd\" clip-rule=\"evenodd\" d=\"M5.23806 1.28613C4.95553 1.28613 4.67273 1.38737 4.45704 1.58958C4.02539 1.99399 4.02539 2.64981 4.45704 3.05423L9.19945 7.49998L4.45704 11.946C4.02539 12.3504 4.02539 13.0062 4.45704 13.4106C4.88842 13.8151 5.58796 13.8151 6.01934 13.4106L11.5428 8.23244C11.9741 7.82802 11.9741 7.1722 11.5428 6.76778L6.01934 1.58958C5.80365 1.38737 5.52086 1.28613 5.23806 1.28613Z\" fill=\"currentColor\"\/>\n\t\t\t\t\t\t\t\t\t\t\t\t<\/svg>\n\t\t\t\t\t\t\t\t\t\t\t\t\n\t\t\t\t\t\t\t\t\t\t\t\t\t\t\t\t\t\t\t\t\t\t\t\t\t\t\t\t\t\t\t\t\t\t\t\t\t\t\t\t\t\t\t<\/div>\n\t\t\t\t\t\t\t\t\t\t\t\t\t\t\t\t\t\t\t\t\t\t\t\t<\/div>\n\t\t\t\t\t\t<\/div>\n\t\t\t\t\t\t\t\t\t\t\t\t<div class=\" btn-primary content-listing__item show-items-hover-wrap btn-has-center-icon \">\n\t\t\t\t\t\t\t<div class=\"btn rounded fw-bolder button-block-a__inner btn-primary \">\n\t\t\t\t\t\t\t\t\t\t\t\t\t\t\t\t\n\t\t\t\t\t\t\t\t\n\t\t\t\t\t\t\t\t\n\t\t\t\t\t\t\t\t\n\t\t\t\t\t\t\t\t\t\t\t\t\t\t\t\t\t\t\t\t\t\t\t\t\t\t\t\t\t\t\t\t\t\t\t\t\t\t\t\t\t\t\t\t\t\t\t\t\t\t\t\t\t<p class=\"button-block-a__inner-text  \">\n\t\t\t\t\t\t\t\t\t\t<a href=\"https:\/\/help.unhcr.org\/dominicanrepublic\/donde-encontrar-ayuda\/mapa-servicios\/\" >Mapa de Servicios para personas que sirve el ACNUR en Rep\u00fablica Dominicana<\/a>\n\t\t\t\t\t\t\t\t\t<\/p>\n\t\t\t\t\t\t\t\t\t\t\t\t\t\t\t\t\t\t\t<div class=\"button-block-a__sub-text-wrap\">\n\t\t\t\t\t\t\t\t\t\t\t\t\t\t\t\t\t\t\t\t\t\t\t<svg class=\"help-icon-arrow\" width=\"20\" height=\"20\" viewBox=\"0 0 15 15\" fill=\"none\" xmlns=\"http:\/\/www.w3.org\/2000\/svg\">\n\t\t\t\t\t\t\t\t\t\t\t\t\t<path fill-rule=\"evenodd\" clip-rule=\"evenodd\" d=\"M4.55269 1.65017C4.59913 1.60652 4.65431 1.57189 4.71505 1.54826C4.7758 1.52462 4.84092 1.51246 4.90669 1.51246C4.97245 1.51246 5.03758 1.52462 5.09832 1.54826C5.15907 1.57189 5.21424 1.60652 5.26069 1.65017L11.2607 7.27517C11.3073 7.31872 11.3442 7.37044 11.3694 7.42739C11.3946 7.48434 11.4076 7.54539 11.4076 7.60705C11.4076 7.66871 11.3946 7.72976 11.3694 7.7867C11.3442 7.84365 11.3073 7.89538 11.2607 7.93892L5.26069 13.5639C5.1668 13.6519 5.03946 13.7014 4.90669 13.7014C4.77391 13.7014 4.64657 13.6519 4.55269 13.5639C4.4588 13.4759 4.40606 13.3565 4.40606 13.232C4.40606 13.1076 4.4588 12.9882 4.55269 12.9002L10.1997 7.60705L4.55269 2.31392C4.50612 2.27038 4.46918 2.21865 4.44397 2.16171C4.41877 2.10476 4.40579 2.04371 4.40579 1.98205C4.40579 1.92039 4.41877 1.85934 4.44397 1.80239C4.46918 1.74544 4.50612 1.69372 4.55269 1.65017Z\" fill=\"currentColor\"\/>\n\t\t\t\t\t\t\t\t\t\t\t\t\t<path fill-rule=\"evenodd\" clip-rule=\"evenodd\" d=\"M5.23806 1.28613C4.95553 1.28613 4.67273 1.38737 4.45704 1.58958C4.02539 1.99399 4.02539 2.64981 4.45704 3.05423L9.19945 7.49998L4.45704 11.946C4.02539 12.3504 4.02539 13.0062 4.45704 13.4106C4.88842 13.8151 5.58796 13.8151 6.01934 13.4106L11.5428 8.23244C11.9741 7.82802 11.9741 7.1722 11.5428 6.76778L6.01934 1.58958C5.80365 1.38737 5.52086 1.28613 5.23806 1.28613Z\" fill=\"currentColor\"\/>\n\t\t\t\t\t\t\t\t\t\t\t\t<\/svg>\n\t\t\t\t\t\t\t\t\t\t\t\t\n\t\t\t\t\t\t\t\t\t\t\t\t\t\t\t\t\t\t\t\t\t\t\t\t\t\t\t\t\t\t\t\t\t\t\t\t\t\t\t\t\t\t\t<\/div>\n\t\t\t\t\t\t\t\t\t\t\t\t\t\t\t\t\t\t\t\t\t\t\t\t<\/div>\n\t\t\t\t\t\t<\/div>\n\t\t\t\t\t\t\t\t\t\t<\/div>\n\t\t\t\t\t<\/div>\n\t\t","protected":false},"excerpt":{"rendered":"","protected":false},"author":92,"featured_media":0,"parent":181,"menu_order":2,"comment_status":"closed","ping_status":"closed","template":"","meta":{"_acf_changed":false,"footnotes":""},"topics":[],"audiences":[],"class_list":["post-218","page","type-page","status-publish","hentry"],"acf":[],"_links":{"self":[{"href":"https:\/\/help.unhcr.org\/dominicanrepublic\/wp-json\/wp\/v2\/pages\/218","targetHints":{"allow":["GET"]}}],"collection":[{"href":"https:\/\/help.unhcr.org\/dominicanrepublic\/wp-json\/wp\/v2\/pages"}],"about":[{"href":"https:\/\/help.unhcr.org\/dominicanrepublic\/wp-json\/wp\/v2\/types\/page"}],"author":[{"embeddable":true,"href":"https:\/\/help.unhcr.org\/dominicanrepublic\/wp-json\/wp\/v2\/users\/92"}],"replies":[{"embeddable":true,"href":"https:\/\/help.unhcr.org\/dominicanrepublic\/wp-json\/wp\/v2\/comments?post=218"}],"version-history":[{"count":26,"href":"https:\/\/help.unhcr.org\/dominicanrepublic\/wp-json\/wp\/v2\/pages\/218\/revisions"}],"predecessor-version":[{"id":2369,"href":"https:\/\/help.unhcr.org\/dominicanrepublic\/wp-json\/wp\/v2\/pages\/218\/revisions\/2369"}],"up":[{"embeddable":true,"href":"https:\/\/help.unhcr.org\/dominicanrepublic\/wp-json\/wp\/v2\/pages\/181"}],"wp:attachment":[{"href":"https:\/\/help.unhcr.org\/dominicanrepublic\/wp-json\/wp\/v2\/media?parent=218"}],"wp:term":[{"taxonomy":"topics","embeddable":true,"href":"https:\/\/help.unhcr.org\/dominicanrepublic\/wp-json\/wp\/v2\/topics?post=218"},{"taxonomy":"audiences","embeddable":true,"href":"https:\/\/help.unhcr.org\/dominicanrepublic\/wp-json\/wp\/v2\/audiences?post=218"}],"curies":[{"name":"wp","href":"https:\/\/api.w.org\/{rel}","templated":true}]}}