{"id":116,"date":"2021-04-16T11:36:25","date_gmt":"2021-04-16T11:36:25","guid":{"rendered":"http:\/\/help.unhcr.org\/djibouti\/?page_id=116"},"modified":"2025-06-04T09:25:32","modified_gmt":"2025-06-04T09:25:32","slug":"hcr","status":"publish","type":"page","link":"https:\/\/help.unhcr.org\/djibouti\/hcr\/","title":{"rendered":"HCR et Contacts \u00e0 Djibouti"},"content":{"rendered":"\n<p class=\"has-background\" style=\"background-color:#fae800\"><strong>Les services du HCR sont gratuits :<\/strong>&nbsp;<strong>les services fournis par le HCR, que ce soit directement ou par l\u2019interm\u00e9diaire de ses partenaires, sont gratuits.<\/strong>&nbsp;Toute personne, y compris un employ\u00e9 du HCR, ou organisation pr\u00e9tendant pouvoir aider un demandeur d\u2019asile ou un r\u00e9fugi\u00e9 \u00e0 recevoir un service du HCR en \u00e9change d\u2019argent ou de faveurs doit \u00eatre signal\u00e9e au HCR imm\u00e9diatement.<\/p>\n\n\n\n<p>A Djibouti, le HCR dispose de trois bureaux\u00a0; un \u00e0 Djibouti Ville (bureau de la Repr\u00e9sentation pays) et deux sur le terrain \u00e0 Ali Sabieh (district d\u2019Ali-Sabieh) et Obock (district d\u2019Obock). Pour les coordonn\u00e9es, veuillez vous r\u00e9f\u00e9rer \u00e0 notre\u00a0section contact\u00a0ci-dessous.<\/p>\n\n\n\n<p><strong>Le HCR \u00e0 Djibouti peut vous aider \u00e0 :<\/strong><\/p>\n\n\n\n<ul class=\"wp-block-list\">\n<li>Recevoir des informations sur comment demander l\u2019asile \u00e0 Djibouti et sur les proc\u00e9dures, ainsi que vos droits et devoirs en tant que r\u00e9fugi\u00e9 ou demandeur d\u2019asile en R\u00e9publique de Djibouti ;<\/li>\n\n\n\n<li>Vous r\u00e9f\u00e9rer \u00e0 l\u2019Office National d\u2019Assistance aux R\u00e9fugi\u00e9s et Sinistr\u00e9s (ONARS), si n\u00e9cessaire ;<\/li>\n\n\n\n<li>Vous fournir des informations sur la mani\u00e8re de contacter les autorit\u00e9s djiboutiennes comp\u00e9tentes d\u00e8s votre entr\u00e9e dans le pays si vous avez l\u2019intention de d\u00e9poser une demande d\u2019asile ;<\/li>\n<\/ul>\n\n\n\n<p>Si vous souhaitez contacter le bureau du HCR \u00e0 Djibouti concernant toute question ou commentaires concernant l\u2019acc\u00e8s aux proc\u00e9dures d\u2019asile ou si vous souhaitez faire part de toute autre pr\u00e9occupation d\u2019ordre g\u00e9n\u00e9ral, vous pouvez le faire par le biais du courriel suivant&nbsp;:&nbsp;?&nbsp;<a href=\"mailto:djbdj@unhcr.org\">djbdj@unhcr.org<\/a><\/p>\n\n\n\n<h2 class=\"wp-block-heading\">Contactez-nous<\/h2>\n\n\n\n<p class=\"has-vivid-red-color has-text-color\"><strong>COVID-19 \u2013 INFORMATIONS IMPORTANTES :<\/strong><\/p>\n\n\n\n<p class=\"has-vivid-red-color has-text-color\">Depuis mars 2020, l\u2019acc\u00e8s aux bureaux du HCR Djibouti se fait conform\u00e9ment au respect des mesures d\u2019hygi\u00e8ne du Minist\u00e8re de la Sant\u00e9.<\/p>\n\n\n\n<p>Le conseil est dispens\u00e9 en personne pendant les jours\/heures ouvrables (heures d\u2019ouverture) :&nbsp;<\/p>\n\n\n\n<ul class=\"wp-block-list\">\n<li>Au bureau de Djibouti Ville\u00a0: le mercredi matin (sur rendez-vous uniquement)<\/li>\n\n\n\n<li>Ali Addeh\u00a0: lundis et mercredis<\/li>\n\n\n\n<li>Holl Holl\u00a0: dimanches<\/li>\n\n\n\n<li>Markazi\u00a0: le mardi<\/li>\n<\/ul>\n\n\n\n<p>\u27a1\ufe0f <strong>Courriel&nbsp;<\/strong>: &nbsp;<a href=\"mailto:djbdj@unhcr.org\"><strong>djbdj@unhcr.org<\/strong><\/a>&nbsp;<\/p>\n\n\n\n<p>\u27a1\ufe0f <strong>T\u00e9l\u00e9phone&nbsp;<\/strong>: ? (+253) 21352200 &#8211; 21354271 -21359668<\/p>\n\n\n\n<p>\u27a1\ufe0f <strong>Contact Markazi<\/strong>&nbsp;: ONARS ? (+253) 77767300&nbsp;; UNHCR ? (+253) 77222031\/77599922<\/p>\n\n\n\n<p>\u27a1\ufe0f <strong>Contact Ali Addeh<\/strong> : ? +253 77853144 \/ ? +253 77037030<\/p>\n\n\n\n<p>\u27a1\ufe0f <strong>Contact Holl Holl<\/strong> : ?+253 77853144 \/ ? +253 77037030<\/p>\n\n\n\n<p><strong>Trouvez le HCR sur Twitter&nbsp;<\/strong>:&nbsp;<a href=\"https:\/\/twitter.com\/UNHCRBurundi\">@UNHCRDjibouti<\/a><\/p>\n","protected":false},"excerpt":{"rendered":"<p>Les services du HCR sont gratuits :&nbsp;les services fournis par le HCR, que ce soit directement ou par l\u2019interm\u00e9diaire de ses partenaires, sont gratuits.&nbsp;Toute personne, y compris un employ\u00e9 du HCR, ou organisation pr\u00e9tendant pouvoir aider un demandeur d\u2019asile ou un r\u00e9fugi\u00e9 \u00e0 recevoir un service du HCR en \u00e9change d\u2019argent ou de faveurs doit [&hellip;]<\/p>\n","protected":false},"author":1,"featured_media":0,"parent":0,"menu_order":30,"comment_status":"closed","ping_status":"closed","template":"","meta":{"_acf_changed":false,"footnotes":""},"class_list":["post-116","page","type-page","status-publish","hentry"],"acf":[],"_links":{"self":[{"href":"https:\/\/help.unhcr.org\/djibouti\/wp-json\/wp\/v2\/pages\/116","targetHints":{"allow":["GET"]}}],"collection":[{"href":"https:\/\/help.unhcr.org\/djibouti\/wp-json\/wp\/v2\/pages"}],"about":[{"href":"https:\/\/help.unhcr.org\/djibouti\/wp-json\/wp\/v2\/types\/page"}],"author":[{"embeddable":true,"href":"https:\/\/help.unhcr.org\/djibouti\/wp-json\/wp\/v2\/users\/1"}],"replies":[{"embeddable":true,"href":"https:\/\/help.unhcr.org\/djibouti\/wp-json\/wp\/v2\/comments?post=116"}],"version-history":[{"count":25,"href":"https:\/\/help.unhcr.org\/djibouti\/wp-json\/wp\/v2\/pages\/116\/revisions"}],"predecessor-version":[{"id":329,"href":"https:\/\/help.unhcr.org\/djibouti\/wp-json\/wp\/v2\/pages\/116\/revisions\/329"}],"wp:attachment":[{"href":"https:\/\/help.unhcr.org\/djibouti\/wp-json\/wp\/v2\/media?parent=116"}],"curies":[{"name":"wp","href":"https:\/\/api.w.org\/{rel}","templated":true}]}}