{"id":113,"date":"2021-04-16T11:24:15","date_gmt":"2021-04-16T11:24:15","guid":{"rendered":"http:\/\/help.unhcr.org\/djibouti\/?page_id=113"},"modified":"2021-12-29T15:31:40","modified_gmt":"2021-12-29T15:31:40","slug":"droits","status":"publish","type":"page","link":"https:\/\/help.unhcr.org\/djibouti\/droits\/","title":{"rendered":"Vos droits et devoirs en tant que r\u00e9fugi\u00e9 et demandeur d\u2019asile"},"content":{"rendered":"\n<h3 class=\"wp-block-heading\"><strong>Droits&nbsp;:<\/strong><\/h3>\n\n\n\n<ul class=\"wp-block-list\"><li>\u00c0 la non-discrimination ;<\/li><li>\u00c0 la libert\u00e9 de circulation ;<\/li><li>Aux documents d&rsquo;\u00e9tat civil ;<\/li><li>Aux documents d&rsquo;identit\u00e9 et de voyage ;<\/li><li>\u00c0 l&rsquo;\u00e9ducation ;<\/li><li>Au travail ;<\/li><li>D\u2019engager une action en justice ;<\/li><li>\u00c0 la propri\u00e9t\u00e9 ;<\/li><li>De pratiquer sa religion ;<\/li><li>\u00c0 la libert\u00e9 d&rsquo;association ;<\/li><li>\u00c0 l&rsquo;assistance sociale et publique ;<\/li><li>\u00c0 la naturalisation.<\/li><\/ul>\n\n\n\n<h3 class=\"wp-block-heading\"><strong>Devoirs :<\/strong><\/h3>\n\n\n\n<ul class=\"wp-block-list\"><li>Tout demandeur d&rsquo;asile doit se pr\u00e9senter aux autorit\u00e9s comp\u00e9tentes dans un d\u00e9lai de trente (30) jours, \u00e0 compter du moment de son entr\u00e9e sur le territoire national, pour pr\u00e9senter sa requ\u00eate.<\/li><li>Tout r\u00e9fugi\u00e9 et demandeur d&rsquo;asile est tenu de se conformer aux lois et r\u00e8glements en vigueur au m\u00eame titre que les nationaux.<\/li><li>Toute personne qui b\u00e9n\u00e9ficie du statut de r\u00e9fugi\u00e9 s&rsquo;engage \u00e0 ne mener aucune activit\u00e9 d\u00e9stabilisatrice contre la R\u00e9publique de Djibouti, contre son pays d&rsquo;origine ou contre tout autre Etat.\u00a0<\/li><\/ul>\n\n\n\n<p>>> <strong><a href=\"https:\/\/www.presidence.dj\/texte.php?ID=159&amp;ID2=2017-01-05&amp;ID3=Loi&amp;ID4=1&amp;ID5=2017-01-15&amp;ID6=n\" data-type=\"URL\" data-id=\"https:\/\/www.presidence.dj\/texte.php?ID=159&amp;ID2=2017-01-05&amp;ID3=Loi&amp;ID4=1&amp;ID5=2017-01-15&amp;ID6=n\">Loi\u00a0 N\u00b0 159\/AN\/16\/7\u00e8me L portant statut des r\u00e9fugi\u00e9s en R\u00e9publique de Djibouti<\/a><\/strong><\/p>\n","protected":false},"excerpt":{"rendered":"<p>Droits&nbsp;: \u00c0 la non-discrimination ; \u00c0 la libert\u00e9 de circulation ; Aux documents d&rsquo;\u00e9tat civil ; Aux documents d&rsquo;identit\u00e9 et de voyage ; \u00c0 l&rsquo;\u00e9ducation ; Au travail ; D\u2019engager une action en justice ; \u00c0 la propri\u00e9t\u00e9 ; De pratiquer sa religion ; \u00c0 la libert\u00e9 d&rsquo;association ; \u00c0 l&rsquo;assistance sociale et publique ; [&hellip;]<\/p>\n","protected":false},"author":1,"featured_media":0,"parent":0,"menu_order":20,"comment_status":"closed","ping_status":"closed","template":"","meta":{"_acf_changed":false,"footnotes":""},"class_list":["post-113","page","type-page","status-publish","hentry"],"acf":[],"_links":{"self":[{"href":"https:\/\/help.unhcr.org\/djibouti\/wp-json\/wp\/v2\/pages\/113","targetHints":{"allow":["GET"]}}],"collection":[{"href":"https:\/\/help.unhcr.org\/djibouti\/wp-json\/wp\/v2\/pages"}],"about":[{"href":"https:\/\/help.unhcr.org\/djibouti\/wp-json\/wp\/v2\/types\/page"}],"author":[{"embeddable":true,"href":"https:\/\/help.unhcr.org\/djibouti\/wp-json\/wp\/v2\/users\/1"}],"replies":[{"embeddable":true,"href":"https:\/\/help.unhcr.org\/djibouti\/wp-json\/wp\/v2\/comments?post=113"}],"version-history":[{"count":8,"href":"https:\/\/help.unhcr.org\/djibouti\/wp-json\/wp\/v2\/pages\/113\/revisions"}],"predecessor-version":[{"id":265,"href":"https:\/\/help.unhcr.org\/djibouti\/wp-json\/wp\/v2\/pages\/113\/revisions\/265"}],"wp:attachment":[{"href":"https:\/\/help.unhcr.org\/djibouti\/wp-json\/wp\/v2\/media?parent=113"}],"curies":[{"name":"wp","href":"https:\/\/api.w.org\/{rel}","templated":true}]}}