{"id":109,"date":"2022-01-02T09:20:28","date_gmt":"2022-01-02T09:20:28","guid":{"rendered":"http:\/\/help.unhcr.org\/djibouti\/?page_id=109"},"modified":"2025-06-04T09:23:45","modified_gmt":"2025-06-04T09:23:45","slug":"page-daccueil","status":"publish","type":"page","link":"https:\/\/help.unhcr.org\/djibouti\/","title":{"rendered":"Bienvenue"},"content":{"rendered":"\n<div class=\"wp-block-group has-background\" style=\"background-color:#fdf799\"><div class=\"wp-block-group__inner-container is-layout-flow wp-block-group-is-layout-flow\">\n<p><strong>Djibouti Ville: COVID-19 information importantes<\/strong><\/p>\n\n\n\n<p>Depuis mars 2020, l\u2019acc\u00e8s aux bureaux du HCR Djibouti se fait conform\u00e9ment au respect des mesures d\u2019hygi\u00e8ne du Minist\u00e8re de la Sant\u00e9. Les bureaux du HCR sont ouverts. Vous pouvez nous contacter&nbsp;:<\/p>\n\n\n\n<ul class=\"wp-block-list\">\n<li>Par email&nbsp;:&nbsp;?&nbsp;<a href=\"mailto:djbdj@unhcr.org\"><strong>djbdj@unhcr.org<\/strong><\/a>&nbsp;<\/li>\n\n\n\n<li>Par t\u00e9l\u00e9phone&nbsp;: ? <strong>(+253) 21352200-<\/strong> 21354271 -21359668<\/li>\n\n\n\n<li>En personne en prenant rdv le dimanche matin au bureau de Djibouti pour la r\u00e9ception<\/li>\n<\/ul>\n\n\n\n<p>Si un rendez-vous vous est attribu\u00e9, veuillez vous munir d\u2019un masque. Le port du masque sur le nez et la bouche est obligatoire dans l\u2019enceinte du HCR. Le lavage des mains \u00e0 l\u2019entr\u00e9e et \u00e0 la sortie est \u00e9galement obligatoire.<\/p>\n<\/div><\/div>\n\n\n\n<p>L\u2019Agence des Nations Unies pour les r\u00e9fugi\u00e9s (HCR) a cr\u00e9\u00e9 ce site internet pour les r\u00e9fugi\u00e9s et demandeurs d\u2019asile en R\u00e9publique de Djibouti.<\/p>\n\n\n\n<p>Sur ce site, vous trouverez des informations sur:<\/p>\n\n\n\n<p>\u27a1 <strong><a href=\"https:\/\/help.unhcr.org\/djibouti\/asile\/\" data-type=\"page\" data-id=\"111\">Comment faire une demande d\u2019asile \u00e0 Djibouti ?<\/a><\/strong><\/p>\n\n\n\n<p>\u27a1 <a href=\"https:\/\/help.unhcr.org\/djibouti\/hcr\/\" data-type=\"page\" data-id=\"116\"><strong>HCR \u00e0 Djibouti et Contacts<\/strong><\/a><\/p>\n\n\n\n<p>\u27a1 <a href=\"https:\/\/help.unhcr.org\/djibouti\/services\/\" data-type=\"page\" data-id=\"244\"><strong>Les services utiles<\/strong><\/a><\/p>\n\n\n\n<p>\u27a1 <a href=\"https:\/\/help.unhcr.org\/djibouti\/droits\/\" data-type=\"page\" data-id=\"113\"><strong>Vos droits et devoirs en tant que r\u00e9fugi\u00e9 et demandeur d\u2019asile<\/strong><\/a><\/p>\n\n\n\n<p>\u27a1 <a href=\"https:\/\/help.unhcr.org\/djibouti\/plaintes\/\" data-type=\"page\" data-id=\"121\"><strong>Signaler une fraude, une exploitation ou un abus<\/strong><\/a><\/p>\n\n\n\n<p class=\"has-text-align-center has-white-color has-text-color has-background\" style=\"background-color:#0072bc\"><strong>Tous les services sont gratuits<\/strong><\/p>\n","protected":false},"excerpt":{"rendered":"<p>Djibouti Ville: COVID-19 information importantes Depuis mars 2020, l\u2019acc\u00e8s aux bureaux du HCR Djibouti se fait conform\u00e9ment au respect des mesures d\u2019hygi\u00e8ne du Minist\u00e8re de la Sant\u00e9. Les bureaux du HCR sont ouverts. Vous pouvez nous contacter&nbsp;: Si un rendez-vous vous est attribu\u00e9, veuillez vous munir d\u2019un masque. Le port du masque sur le nez [&hellip;]<\/p>\n","protected":false},"author":1,"featured_media":0,"parent":0,"menu_order":0,"comment_status":"closed","ping_status":"closed","template":"","meta":{"_acf_changed":false,"footnotes":""},"class_list":["post-109","page","type-page","status-publish","hentry"],"acf":[],"_links":{"self":[{"href":"https:\/\/help.unhcr.org\/djibouti\/wp-json\/wp\/v2\/pages\/109","targetHints":{"allow":["GET"]}}],"collection":[{"href":"https:\/\/help.unhcr.org\/djibouti\/wp-json\/wp\/v2\/pages"}],"about":[{"href":"https:\/\/help.unhcr.org\/djibouti\/wp-json\/wp\/v2\/types\/page"}],"author":[{"embeddable":true,"href":"https:\/\/help.unhcr.org\/djibouti\/wp-json\/wp\/v2\/users\/1"}],"replies":[{"embeddable":true,"href":"https:\/\/help.unhcr.org\/djibouti\/wp-json\/wp\/v2\/comments?post=109"}],"version-history":[{"count":17,"href":"https:\/\/help.unhcr.org\/djibouti\/wp-json\/wp\/v2\/pages\/109\/revisions"}],"predecessor-version":[{"id":328,"href":"https:\/\/help.unhcr.org\/djibouti\/wp-json\/wp\/v2\/pages\/109\/revisions\/328"}],"wp:attachment":[{"href":"https:\/\/help.unhcr.org\/djibouti\/wp-json\/wp\/v2\/media?parent=109"}],"curies":[{"name":"wp","href":"https:\/\/api.w.org\/{rel}","templated":true}]}}